{"id":237,"date":"2020-08-18T08:58:31","date_gmt":"2020-08-18T06:58:31","guid":{"rendered":"https:\/\/masdoix.com\/\/?page_id=237"},"modified":"2025-07-01T12:06:11","modified_gmt":"2025-07-01T10:06:11","slug":"avis-legal","status":"publish","type":"page","link":"https:\/\/masdoix.com\/ca\/avis-legal\/","title":{"rendered":"Av\u00eds legal"},"content":{"rendered":"<h3>1.Titularitat del lloc web<\/h3>\n<p>El titular d\u2019aquest espai web \u00e9s Celler Mas Doix S.L., amb CIF B-43568617 i domicili social Carretera T-702, km4, 43376, Poboleda (Tarragona). El correu electr\u00f2nic de contacte \u00e9s <a href=\"mailto:info@masdoix.com\">info@masdoix.com<\/a>.<\/p>\n<p>Inscrita en el Registre Mercantil de Tarragona, tomo 1480, foli 180, fulla T-18424, inscripci\u00f3 1\u00aa.<\/p>\n<h3>2. Condicions generals d\u2019utilitzaci\u00f3 i acceptaci\u00f3 d\u2019aquestes condicions generals<\/h3>\n<p>Aquestes condicions generals d\u2019utilitzaci\u00f3 del lloc web, juntament amb les condicions particulars que es puguin establir, tenen per finalitat la regulaci\u00f3 i informaci\u00f3 als usuaris dels serveis que presta Celler Mas Doix i la regulaci\u00f3 de l\u2019\u00fas del lloc web.<\/p>\n<p>La navegaci\u00f3 i la utilitzaci\u00f3 dels serveis del lloc web signifiquen l\u2019acceptaci\u00f3 com a usuari, sense reserves de cap mena, de totes les condicions generals d\u2019utilitzaci\u00f3, de les condicions generals de contractaci\u00f3, si n\u2019hi ha, i de qualssevol altres que puguin existir en relaci\u00f3 amb la prestaci\u00f3 de serveis de Celler Mas Doix.<\/p>\n<p>Celler Mas Doix pot en tot moment i sense av\u00eds previ modificar aquestes condicions generals i les condicions particulars que s\u2019hi incloguin mitjan\u00e7ant la publicaci\u00f3 al lloc web de les modificacions esmentades per tal que els usuaris les coneguin pr\u00e8viament. Qualsevol canvi que s\u2019hi produeixi ha de ser comunicat a la p\u00e0gina principal del web durant un termini que s\u2019entengui raonable.<\/p>\n<p>Condicions generals d\u2019utilitzaci\u00f3 del lloc web<\/p>\n<p>Acc\u00e9s al web i contrasenyes<\/p>\n<p>Les dades dels usuaris obtingudes a trav\u00e9s de la subscripci\u00f3 a aquest web estan protegides mitjan\u00e7ant contrasenyes triades per ells mateixos. L\u2019usuari es compromet a mantenir la seva contrasenya en secret i a protegir-la d\u2019usos no autoritzats per tercers. En el cas que sigui revelada a tercers, l\u2019usuari \u00e9s responsable de l\u2019\u00fas que facin del servei aquests tercers. Aix\u00ed mateix, ha de notificar a Celler Mas Doix immediatament qualsevol \u00fas no consentit del seu compte o qualsevol violaci\u00f3 de la seguretat relacionada amb el servei del lloc web de qu\u00e8 hagi tingut coneixement.<\/p>\n<p>A Internet no existeix la seguretat absoluta, per\u00f2 Celler Mas Doix adopta les mesures t\u00e8cniques i organitzatives necess\u00e0ries per garantir la protecci\u00f3 de les dades de car\u00e0cter personal i evitar-ne l\u2019alteraci\u00f3, p\u00e8rdua, tractament i\/o acc\u00e9s no autoritzat, tenint en compte l\u2019estat de la t\u00e8cnica, la naturalesa de les dades emmagatzemades i els riscos a qu\u00e8 estan exposades. Tot aix\u00f2 d\u2019acord amb el que s\u2019estableix a la legislaci\u00f3 espanyola de protecci\u00f3 de dades de car\u00e0cter personal.<\/p>\n<p>Celler Mas Doix no es fa responsable respecte als usuaris per la revelaci\u00f3 de les seves dades personals a tercers que no sigui deguda a causes directament imputables a Celler Mas Doix, ni per l\u2019\u00fas que d\u2019aquestes dades facin tercers aliens a Celler Mas Doix.<\/p>\n<h3>3. Pol\u00edtica de protecci\u00f3 de dades de car\u00e0cter personal<\/h3>\n<p>3.1. Informaci\u00f3 i finalitat<\/p>\n<p>La resposta total o parcial als formularis d\u2019aquest web \u00e9s totalment volunt\u00e0ria i la no resposta no t\u00e9 conseq\u00fc\u00e8ncies.<\/p>\n<p>Si vol ampliar la informaci\u00f3 sobre el tractament de les seves dades de car\u00e0cter personal accedeixi a la nostra pol\u00edtica de privacitat a trav\u00e9s de l&#8217;enlla\u00e7 seg\u00fcent: pol\u00edtica de privacitat (POSAR ENLLA\u00c7)<\/p>\n<p>3.2. Consentiment de l\u2019usuari i tramesa de comunicacions comercials per via electr\u00f2nica (art. 22 de la Llei 34\/2002, de serveis de la societat de la informaci\u00f3 i de comer\u00e7 electr\u00f2nic)<\/p>\n<p>Sempre que l\u2019usuari ho sol\u00b7liciti expressament, Celler Mas Doix pot enviar comunicacions comercials per qualsevol mitj\u00e0 amb ple respecte de la legislaci\u00f3 vigent en mat\u00e8ria de protecci\u00f3 de dades personals.<\/p>\n<p>L\u2019usuari pot revocar, en qualsevol moment, el consentiment per a la recepci\u00f3 mitjan\u00e7ant correu electr\u00f2nic d\u2019informacions publicit\u00e0ries o promocionals. Per fer-ho, nom\u00e9s cal que ho notifiqui a Celler Mas Doix mitjan\u00e7ant la tramesa d\u2019un missatge a l\u2019adre\u00e7a de correu electr\u00f2nic que s\u2019indica a continuaci\u00f3: masdoix@masdoix.noubit.info en qu\u00e8 s\u2019indiqui clarament que NO DESITJA REBRE COMUNICACIONS COMERCIALS PER CORREU ELECTR\u00d2NIC.<\/p>\n<h3>4. Propietat industrial i intel\u00b7lectual. Pol\u00edtica d\u2019hiperenlla\u00e7os<\/h3>\n<p>4.1. Tots els continguts inclosos al lloc web i en particular les marques, noms comercials, dissenys industrials, dissenys, textos, fotografies, gr\u00e0fics, logotips, icones, programari o qualssevol altres signes susceptibles d\u2019utilitzaci\u00f3 industrial i comercial estan protegits per drets de propietat industrial i intel\u00b7lectual de Celler Mas Doix o de tercers titulars d\u2019aquests que han autoritzat la seva inclusi\u00f3 al lloc web. Per tant, es prohibeix qualsevol reproducci\u00f3, c\u00f2pia, comunicaci\u00f3 p\u00fablica, distribuci\u00f3, modificaci\u00f3, transformaci\u00f3, supressi\u00f3, manipulaci\u00f3 i qualsevol altra modalitat d\u2019utilitzaci\u00f3, amb \u00e0nim de lucre o sense, d\u2019aquests sense consentiment expr\u00e9s de Celler Mas Doix a trav\u00e9s de qualsevol mitj\u00e0 incloent-hi Internet (noms de domini, xarxes socials, blogs, etc.).<\/p>\n<p>4.2. Celler Mas Doix no \u00e9s responsable de la infracci\u00f3 dels drets de propietat intel\u00b7lectual o industrial de tercers que es puguin derivar de la inclusi\u00f3 al lloc web de marques, noms comercials, dissenys industrials, patents, dissenys, textos, fotografies, gr\u00e0fics, logotips, icones o programari pertanyents a tercers que hagin declarat ser-ne titulars en incloure\u2019ls al lloc web. Tampoc es fa responsable de les opinions i comentaris escrits pels usuaris als seus blogs o xarxes socials sense perjudici de les accions que pugui exercir per eliminar aquests comentaris i opinions quan siguin contraris a la llei.<\/p>\n<p>4.3. Celler Mas Doix pot utilitzar els continguts facilitats pels usuaris (fotografies, v\u00eddeos, etc.) de manera raonable i amb estricte respecte als drets de propietat intel\u00b7lectual.<\/p>\n<p>4.4. En cap cas s\u2019ent\u00e9n que l\u2019acc\u00e9s i la navegaci\u00f3 de l\u2019usuari implica una autoritzaci\u00f3 o que es fa ren\u00fancia, transmissi\u00f3, cessi\u00f3 total o parcial d\u2019aquests drets ni la concessi\u00f3 de cap dret ni expectativa de dret, en concret, d\u2019alteraci\u00f3, transformaci\u00f3, explotaci\u00f3, reproducci\u00f3, distribuci\u00f3 o comunicaci\u00f3 p\u00fablica sobre aquests continguts sense l\u2019autoritzaci\u00f3 pr\u00e8via expressa de Celler Mas Doix o dels titulars corresponents.<\/p>\n<p>4.5. No obstant tot l\u2019anterior, les persones que considerin infringits els seus drets de propietat intel\u00b7lectual o industrial per algun dels continguts d\u2019aquest web poden denunciar aquests continguts mitjan\u00e7ant escrit adre\u00e7at a Celler Mas Doix S.L. Carretera T-702, Km. 4 &#8211; 43376 Poboleda, Catalunya.<\/p>\n<p>4.6. Celler Mas Doix pot posar a disposici\u00f3 de l\u2019usuari hipervincles a webs titularitat de tercers, relacionats o no amb Celler Mas Doix. En cap cas Celler Mas Doix \u00e9s responsable del contingut dels llocs web de destinaci\u00f3 que s\u2019estableixin per mitj\u00e0 de vincles al lloc web, del seu funcionament o accessibilitat, del manteniment dels continguts, de la seva qualitat, ni tampoc de les infraccions de drets de tercers en qu\u00e8 puguin inc\u00f3rrer aquests llocs web.<\/p>\n<p>4.7. Celler Mas Doix autoritza l\u2019establiment de vincles al seu portal des de qualssevol altres llocs web. Els enlla\u00e7os que s\u2019hi estableixin sempre s\u2019han de fer a la p\u00e0gina principal de Celler Mas Doix (o de les seves marques) o, si escau, a la p\u00e0gina que estableixi la declarar que Celler Mas Doix ha autoritzat mateixa Celler Mas Doix. Aquests enlla\u00e7os \u00fanicament permeten l\u2019acc\u00e9s al web, sense que el reprodueixin de cap forma, o cre\u00efn browser o border envirenment sobre aquest. Aix\u00ed mateix, no es poden fer manifestacions falses, inexactes o incorrectes sobre aquest web o els seus continguts, com tampoc en cap cas, supervisat o assumit l\u2019enlla\u00e7.<\/p>\n<p>4.8. Aix\u00ed mateix, a excepci\u00f3 dels signes que formin part del mateix enlla\u00e7, es prohibeix que el web que estableixi l\u2019enlla\u00e7 amb aquest web contingui cap marca, nom comercial, r\u00e8tol d\u2019establiment, denominaci\u00f3, logotip, esl\u00f2gan o altres signes distintius pertanyents a Celler Mas Doix.<\/p>\n<p>Es prohibeix especialment la utilitzaci\u00f3 de qualssevol marques, noms, noms comercials, r\u00e8tols, esl\u00f2gans, denominacions i altres signes distintius pertanyents a Celler Mas Doix a les keywords de cap lloc web ali\u00e8 sense l\u2019autoritzaci\u00f3 pr\u00e8via expressa de Celler Mas Doix espec\u00edficament per a aix\u00f2.<\/p>\n<h3>5. Responsabilitat de Celler Mas Doix<\/h3>\n<p>L\u2019usuari reconeix i accepta que la utilitzaci\u00f3 del lloc web i dels seus serveis es fa sota la seva responsabilitat total.<\/p>\n<p>En els apartats del web en qu\u00e8 els usuaris puguin aportar continguts, Celler Mas Doix es reserva el dret de suprimir els continguts que puguin afectar negativament les seves marques o ser contraris a la llei, l\u2019ordre p\u00fablic o els bons costums.<\/p>\n<p>Celler Mas Doix \u00fanicament respon dels danys que l\u2019usuari pugui patir com a conseq\u00fc\u00e8ncia de la utilitzaci\u00f3 del lloc web quan aquests danys siguin imputables a una actuaci\u00f3 dolosa de Celler Mas Doix.<\/p>\n<p>Aix\u00f2 no obstant, Celler Mas Doix declara que ha adoptat totes les mesures necess\u00e0ries, dins de les seves possibilitats i de l\u2019estat de la tecnologia, per garantir el funcionament del lloc web i evitar l\u2019exist\u00e8ncia i transmissi\u00f3 de virus i altres components que puguin perjudicar l\u2019usuari.<\/p>\n<h3>6. Obligacions de l\u2019usuari<\/h3>\n<p>L\u2019usuari s\u2019obliga a usar els continguts del lloc web de manera diligent, correcta i l\u00edcita i es compromet a abstenir-se de les accions que es detallen a continuaci\u00f3:<\/p>\n<ol>\n<li>a) Utilitzar els continguts amb finalitats o efectes contraris a la llei, la moral i els bons costums o l\u2019ordre p\u00fablic.<\/li>\n<li>b) Reproduir, copiar, distribuir, transformar o modificar els continguts i permetre l\u2019acc\u00e9s del p\u00fablic a trav\u00e9s de qualsevol modalitat de comunicaci\u00f3 p\u00fablica als continguts, si no \u00e9s que es t\u00e9 l\u2019autoritzaci\u00f3 corresponent del seu titular.<\/li>\n<li>c) Utilitzar els continguts del lloc web per trametre publicitat, comunicacions amb finalitats de venda directa o amb qualsevol altre tipus de finalitat comercial, missatges no sol\u00b7licitats adre\u00e7ats a una pluralitat de persones amb independ\u00e8ncia de la seva finalitat, aix\u00ed com comercialitzar o divulgar de qualsevol manera aquesta informaci\u00f3.<\/li>\n<li>d) Utilitzar els vincles, invitacions a xarxes socials, blogs i qualssevol xarxes i mitjans telem\u00e0tics facilitats a trav\u00e9s d\u2019aquest web de manera il\u00b7l\u00edcita.<\/li>\n<\/ol>\n<h3>7. Legislaci\u00f3 aplicable<\/h3>\n<p>Les relacions establertes entre l\u2019usuari i el titular del lloc web es regeixen pel que es disposa a la normativa vigent sobre la legislaci\u00f3 aplicable i la jurisdicci\u00f3 competent. Aix\u00f2 no obstant, per als casos en qu\u00e8 la normativa permeti la possibilitat a les parts de sotmetre\u2019s volunt\u00e0riament a un fur, Celler Mas Doix i l\u2019usuari, amb ren\u00fancia expressa a qualsevol altre fur que els pugui correspondre, se sotmeten als jutjats i tribunals de l\u2019usuari.<\/p>\n<h3>8. Xarxes socials<\/h3>\n<p>L\u2019usuari es pot adherir als grups que Celler Mas Doix t\u00e9 en diverses xarxes socials. L\u2019usuari que es faci fan d\u2019algun d\u2019aquests grups accepta les condicions d\u2019\u00fas i la pol\u00edtica de privacitat de la xarxa social corresponent, sense que sigui responsabilitat de Celler Mas Doix.<\/p>\n","protected":false},"excerpt":{"rendered":"<p>1.Titularitat del lloc web El titular d\u2019aquest espai web \u00e9s Celler Mas Doix S.L., amb CIF B-43568617 i domicili social Carretera T-702, km4, 43376, Poboleda (Tarragona). El correu electr\u00f2nic de contacte \u00e9s info@masdoix.com. Inscrita en el Registre Mercantil de Tarragona, tomo 1480, foli 180, fulla T-18424, inscripci\u00f3 1\u00aa. 2. Condicions generals d\u2019utilitzaci\u00f3 i acceptaci\u00f3 d\u2019aquestes [&hellip;]<\/p>\n","protected":false},"author":173,"featured_media":0,"parent":0,"menu_order":0,"comment_status":"closed","ping_status":"closed","template":"","meta":{"_et_pb_use_builder":"","_et_pb_old_content":"","_et_gb_content_width":"","footnotes":""},"class_list":["post-237","page","type-page","status-publish","hentry"],"yoast_head":"<!-- This site is optimized with the Yoast SEO plugin v26.4 - https:\/\/yoast.com\/wordpress\/plugins\/seo\/ -->\n<title>Av\u00eds legal - \u25b7 Celler Mas Doix | DOQ Priorat | Poboleda<\/title>\n<meta name=\"robots\" content=\"index, follow, max-snippet:-1, max-image-preview:large, max-video-preview:-1\" \/>\n<link rel=\"canonical\" href=\"https:\/\/masdoix.com\/ca\/avis-legal\/\" \/>\n<meta property=\"og:locale\" content=\"ca_ES\" \/>\n<meta property=\"og:type\" content=\"article\" \/>\n<meta property=\"og:title\" content=\"Av\u00eds legal - \u25b7 Celler Mas Doix | DOQ Priorat | Poboleda\" \/>\n<meta property=\"og:description\" content=\"1.Titularitat del lloc web El titular d\u2019aquest espai web \u00e9s Celler Mas Doix S.L., amb CIF B-43568617 i domicili social Carretera T-702, km4, 43376, Poboleda (Tarragona). El correu electr\u00f2nic de contacte \u00e9s info@masdoix.com. Inscrita en el Registre Mercantil de Tarragona, tomo 1480, foli 180, fulla T-18424, inscripci\u00f3 1\u00aa. 2. Condicions generals d\u2019utilitzaci\u00f3 i acceptaci\u00f3 d\u2019aquestes [&hellip;]\" \/>\n<meta property=\"og:url\" content=\"https:\/\/masdoix.com\/ca\/avis-legal\/\" \/>\n<meta property=\"og:site_name\" content=\"\u25b7 Celler Mas Doix | DOQ Priorat | Poboleda\" \/>\n<meta property=\"article:modified_time\" content=\"2025-07-01T10:06:11+00:00\" \/>\n<meta name=\"twitter:card\" content=\"summary_large_image\" \/>\n<!-- \/ Yoast SEO plugin. -->","yoast_head_json":{"title":"Av\u00eds legal - \u25b7 Celler Mas Doix | DOQ Priorat | Poboleda","robots":{"index":"index","follow":"follow","max-snippet":"max-snippet:-1","max-image-preview":"max-image-preview:large","max-video-preview":"max-video-preview:-1"},"canonical":"https:\/\/masdoix.com\/ca\/avis-legal\/","og_locale":"ca_ES","og_type":"article","og_title":"Av\u00eds legal - \u25b7 Celler Mas Doix | DOQ Priorat | Poboleda","og_description":"1.Titularitat del lloc web El titular d\u2019aquest espai web \u00e9s Celler Mas Doix S.L., amb CIF B-43568617 i domicili social Carretera T-702, km4, 43376, Poboleda (Tarragona). El correu electr\u00f2nic de contacte \u00e9s info@masdoix.com. Inscrita en el Registre Mercantil de Tarragona, tomo 1480, foli 180, fulla T-18424, inscripci\u00f3 1\u00aa. 2. Condicions generals d\u2019utilitzaci\u00f3 i acceptaci\u00f3 d\u2019aquestes [&hellip;]","og_url":"https:\/\/masdoix.com\/ca\/avis-legal\/","og_site_name":"\u25b7 Celler Mas Doix | DOQ Priorat | Poboleda","article_modified_time":"2025-07-01T10:06:11+00:00","twitter_card":"summary_large_image","schema":{"@context":"https:\/\/schema.org","@graph":[]}},"_links":{"self":[{"href":"https:\/\/masdoix.com\/ca\/wp-json\/wp\/v2\/pages\/237","targetHints":{"allow":["GET"]}}],"collection":[{"href":"https:\/\/masdoix.com\/ca\/wp-json\/wp\/v2\/pages"}],"about":[{"href":"https:\/\/masdoix.com\/ca\/wp-json\/wp\/v2\/types\/page"}],"author":[{"embeddable":true,"href":"https:\/\/masdoix.com\/ca\/wp-json\/wp\/v2\/users\/173"}],"replies":[{"embeddable":true,"href":"https:\/\/masdoix.com\/ca\/wp-json\/wp\/v2\/comments?post=237"}],"version-history":[{"count":6,"href":"https:\/\/masdoix.com\/ca\/wp-json\/wp\/v2\/pages\/237\/revisions"}],"predecessor-version":[{"id":23934,"href":"https:\/\/masdoix.com\/ca\/wp-json\/wp\/v2\/pages\/237\/revisions\/23934"}],"wp:attachment":[{"href":"https:\/\/masdoix.com\/ca\/wp-json\/wp\/v2\/media?parent=237"}],"curies":[{"name":"wp","href":"https:\/\/api.w.org\/{rel}","templated":true}]}}