{"id":239,"date":"2020-08-18T09:07:58","date_gmt":"2020-08-18T07:07:58","guid":{"rendered":"https:\/\/masdoix.com\/\/?page_id=239"},"modified":"2025-07-01T13:00:46","modified_gmt":"2025-07-01T11:00:46","slug":"politica-de-privacitat","status":"publish","type":"page","link":"https:\/\/masdoix.com\/ca\/politica-de-privacitat\/","title":{"rendered":"Pol\u00edtica de privacitat"},"content":{"rendered":"<p><span style=\"font-weight: 400;\">En compliment de la normativa vigent en mat\u00e8ria de protecci\u00f3 de dades personals (Llei Org\u00e0nica 15\/1999, de 13 de desembre, de protecci\u00f3 de dades de car\u00e0cter personal, d\u2019ara endavant LOPD), Celler Mas Doix S.L. l\u2019informa que les dades de car\u00e0cter personal demanades en els formularis continguts en aquest lloc, aix\u00ed com aquelles dades a les que Celler Mas Doix S.L., accedeixi com a conseq\u00fc\u00e8ncia de la seva navegaci\u00f3, consulta, sol\u00b7licitud o contractaci\u00f3, o de qualsevol transacci\u00f3 o operaci\u00f3 realitzada des d\u2019aquest lloc web, seran recollides en fitxers el responsable dels quals \u00e9s Celler Mas Doix S.L<\/span><\/p>\n<p><span style=\"font-weight: 400;\">Aquesta pol\u00edtica de privacitat pot ser revisada per tal d\u2019actualitzar els canvis en la legislaci\u00f3 vigent, actualitzar els nostres procediments de recollida i \u00fas de la informaci\u00f3 de car\u00e0cter personal, l\u2019aparici\u00f3 de nous serveis o l\u2019exclusi\u00f3 d\u2019altres. Aquests canvis seran vigents a partir de la seva publicaci\u00f3 al web, per la qual cosa \u00e9s important que revisi regularment aquesta pol\u00edtica de privacitat per tal d\u2019estar informat sobre els canvis que hi ha hagut.<\/span><\/p>\n<p><b>Finalitat<\/b><\/p>\n<p><span style=\"font-weight: 400;\">La recollida i tractament de les dades personals demanades a trav\u00e9s d\u2019aquest lloc web es realitza amb la finalitat de dur a terme la prestaci\u00f3 dels serveis que Celler Mas Doix S.L. ofereix a trav\u00e9s d\u2019aquestes p\u00e0gines, aix\u00ed com per facilitar-li informaci\u00f3 sobre les activitats i not\u00edcies pr\u00f2pies de Celler Mas Doix S.L. que puguin resultar del seu inter\u00e8s, Celler Mas Doix S.L. no utilitzar\u00e0 les dades personals per a finalitats addicionals.<\/span><\/p>\n<p><b>Veracitat de les dades<\/b><\/p>\n<p><span style=\"font-weight: 400;\">L\u2019Usuari garanteix que les dades personals facilitades a Celler Mas Doix S.L. s\u00f3n veraces i es fa responsable de comunicar-li qualsevol modificaci\u00f3.<\/span><\/p>\n<p><b>Consentiment de l\u2019Usuari<\/b><\/p>\n<p><span style=\"font-weight: 400;\">L\u2019enviament de les dades personals mitjan\u00e7ant els formularis disponibles en aquesta web o, si s\u2019escau, l\u2019enviament de missatges per correu electr\u00f2nic sol\u00b7licitant informaci\u00f3 o serveis, suposa el consentiment de l\u2019Usuari perqu\u00e8 les seves dades personals siguin utilitzades d\u2019acord amb les finalitats anteriorment esmentades i l\u2019acceptaci\u00f3 d\u2019aquesta Pol\u00edtica de Privacitat.<\/span><\/p>\n<p><b>Drets d\u2019acc\u00e9s, rectificaci\u00f3, oposici\u00f3 i cancel\u00b7laci\u00f3 dels Usuaris<\/b><\/p>\n<p><span style=\"font-weight: 400;\">L\u2019Usuari podr\u00e0 exercir els seus drets d\u2019acc\u00e9s, rectificaci\u00f3, oposici\u00f3 i cancel\u00b7laci\u00f3 al tractament de les seves dades personals, en els termes i condicions previstos en la LOPD, dirigint la seva sol\u00b7licitud signada incloent c\u00f2pia del seu DNI a:<\/span><span style=\"font-weight: 400;\"><br \/>\n<\/span><span style=\"font-weight: 400;\">Celler Mas Doix S.A. \u2013 Protecci\u00f3 de Dades<\/span><span style=\"font-weight: 400;\"><br \/>\n<\/span><span style=\"font-weight: 400;\">Celler Mas Doix Carretera T-702, Km. 4 &#8211; 43376 Poboleda, Catalunya.<\/span><span style=\"font-weight: 400;\"><br \/>\n<\/span><span style=\"font-weight: 400;\">Contacte: <a href=\"mailto:info@masdoix.com\">info@masdoix.com<\/a><\/span><\/p>\n<p><span style=\"font-weight: 400;\">Pot resoldre qualsevol dubte o pregunta sobre aquesta Pol\u00edtica de Privacitat posant-se en contacte amb nosaltres a trav\u00e9s de: <a href=\"mailto:info@masdoix.com\">info@masdoix.com<\/a><\/span><\/p>\n<p><b>Seguretat<\/b><\/p>\n<p><span style=\"font-weight: 400;\">Celler Mas Doix S.L. es compromet a tractar de manera absolutament confidencial les dades de car\u00e0cter personal i a fer \u00fas de les mateixes exclusivament per a les finalitats indicades. Aix\u00ed mateix, garanteix que ha adoptat les mesures oportunes d\u2019\u00edndole t\u00e8cnica, administrativa i organitzativa en les seves instal\u00b7lacions, sistemes i processos, necess\u00e0ries per garantir la seguretat de les seves dades de car\u00e0cter personal i evitar la seva alteraci\u00f3, p\u00e8rdua, robatori, divulgaci\u00f3 o \u00fas no autoritzat. Tot aix\u00f2, de conformitat amb el que preveu l\u2019article 9 de la LOPD i en el Reial Decret 1720\/2007, de 21 de desembre, pel qual s\u2019aprova el Reglament de desenvolupament de la LOPD.<\/span><\/p>\n","protected":false},"excerpt":{"rendered":"<p>En compliment de la normativa vigent en mat\u00e8ria de protecci\u00f3 de dades personals (Llei Org\u00e0nica 15\/1999, de 13 de desembre, de protecci\u00f3 de dades de car\u00e0cter personal, d\u2019ara endavant LOPD), Celler Mas Doix S.L. l\u2019informa que les dades de car\u00e0cter personal demanades en els formularis continguts en aquest lloc, aix\u00ed com aquelles dades a les [&hellip;]<\/p>\n","protected":false},"author":173,"featured_media":0,"parent":0,"menu_order":0,"comment_status":"closed","ping_status":"closed","template":"","meta":{"_et_pb_use_builder":"","_et_pb_old_content":"","_et_gb_content_width":"","footnotes":""},"class_list":["post-239","page","type-page","status-publish","hentry"],"yoast_head":"<!-- This site is optimized with the Yoast SEO plugin v26.4 - https:\/\/yoast.com\/wordpress\/plugins\/seo\/ -->\n<title>Pol\u00edtica de privacitat - \u25b7 Celler Mas Doix | DOQ Priorat | Poboleda<\/title>\n<meta name=\"robots\" content=\"index, follow, max-snippet:-1, max-image-preview:large, max-video-preview:-1\" \/>\n<link rel=\"canonical\" href=\"https:\/\/masdoix.com\/ca\/politica-de-privacitat\/\" \/>\n<meta property=\"og:locale\" content=\"ca_ES\" \/>\n<meta property=\"og:type\" content=\"article\" \/>\n<meta property=\"og:title\" content=\"Pol\u00edtica de privacitat - \u25b7 Celler Mas Doix | DOQ Priorat | Poboleda\" \/>\n<meta property=\"og:description\" content=\"En compliment de la normativa vigent en mat\u00e8ria de protecci\u00f3 de dades personals (Llei Org\u00e0nica 15\/1999, de 13 de desembre, de protecci\u00f3 de dades de car\u00e0cter personal, d\u2019ara endavant LOPD), Celler Mas Doix S.L. l\u2019informa que les dades de car\u00e0cter personal demanades en els formularis continguts en aquest lloc, aix\u00ed com aquelles dades a les [&hellip;]\" \/>\n<meta property=\"og:url\" content=\"https:\/\/masdoix.com\/ca\/politica-de-privacitat\/\" \/>\n<meta property=\"og:site_name\" content=\"\u25b7 Celler Mas Doix | DOQ Priorat | Poboleda\" \/>\n<meta property=\"article:modified_time\" content=\"2025-07-01T11:00:46+00:00\" \/>\n<meta name=\"twitter:card\" content=\"summary_large_image\" \/>\n<!-- \/ Yoast SEO plugin. -->","yoast_head_json":{"title":"Pol\u00edtica de privacitat - \u25b7 Celler Mas Doix | DOQ Priorat | Poboleda","robots":{"index":"index","follow":"follow","max-snippet":"max-snippet:-1","max-image-preview":"max-image-preview:large","max-video-preview":"max-video-preview:-1"},"canonical":"https:\/\/masdoix.com\/ca\/politica-de-privacitat\/","og_locale":"ca_ES","og_type":"article","og_title":"Pol\u00edtica de privacitat - \u25b7 Celler Mas Doix | DOQ Priorat | Poboleda","og_description":"En compliment de la normativa vigent en mat\u00e8ria de protecci\u00f3 de dades personals (Llei Org\u00e0nica 15\/1999, de 13 de desembre, de protecci\u00f3 de dades de car\u00e0cter personal, d\u2019ara endavant LOPD), Celler Mas Doix S.L. l\u2019informa que les dades de car\u00e0cter personal demanades en els formularis continguts en aquest lloc, aix\u00ed com aquelles dades a les [&hellip;]","og_url":"https:\/\/masdoix.com\/ca\/politica-de-privacitat\/","og_site_name":"\u25b7 Celler Mas Doix | DOQ Priorat | Poboleda","article_modified_time":"2025-07-01T11:00:46+00:00","twitter_card":"summary_large_image","schema":{"@context":"https:\/\/schema.org","@graph":[]}},"_links":{"self":[{"href":"https:\/\/masdoix.com\/ca\/wp-json\/wp\/v2\/pages\/239","targetHints":{"allow":["GET"]}}],"collection":[{"href":"https:\/\/masdoix.com\/ca\/wp-json\/wp\/v2\/pages"}],"about":[{"href":"https:\/\/masdoix.com\/ca\/wp-json\/wp\/v2\/types\/page"}],"author":[{"embeddable":true,"href":"https:\/\/masdoix.com\/ca\/wp-json\/wp\/v2\/users\/173"}],"replies":[{"embeddable":true,"href":"https:\/\/masdoix.com\/ca\/wp-json\/wp\/v2\/comments?post=239"}],"version-history":[{"count":3,"href":"https:\/\/masdoix.com\/ca\/wp-json\/wp\/v2\/pages\/239\/revisions"}],"predecessor-version":[{"id":23939,"href":"https:\/\/masdoix.com\/ca\/wp-json\/wp\/v2\/pages\/239\/revisions\/23939"}],"wp:attachment":[{"href":"https:\/\/masdoix.com\/ca\/wp-json\/wp\/v2\/media?parent=239"}],"curies":[{"name":"wp","href":"https:\/\/api.w.org\/{rel}","templated":true}]}}