{"id":241,"date":"2020-08-18T09:08:05","date_gmt":"2020-08-18T07:08:05","guid":{"rendered":"https:\/\/masdoix.com\/\/?page_id=241"},"modified":"2021-04-09T17:34:41","modified_gmt":"2021-04-09T15:34:41","slug":"politica-de-galetes","status":"publish","type":"page","link":"https:\/\/masdoix.com\/ca\/politica-de-galetes\/","title":{"rendered":"Pol\u00edtica de galetes"},"content":{"rendered":"<p><span style=\"font-weight: 400;\">Aquest lloc web utilitza cookies<\/span><\/p>\n<p><span style=\"font-weight: 400;\">Utilitzem cookies pr\u00f2pies i de tercers per analitzar i entendre com es fa servir la p\u00e0gina web i quins continguts s\u00f3n m\u00e9s rellevants, aix\u00ed com cookies publicit\u00e0ries per gestionar la publicitat que li mostrem tant a la nostra web com en altres de tercers, i que es pot personalitzar segons la seva navegaci\u00f3 i el seu inter\u00e8s en els nostres continguts. Pot acceptar totes les cookies prement \u201cPermetre totes les cookies\u201d, o b\u00e9 instal\u00b7lar nom\u00e9s les cookies necess\u00e0ries. Per a m\u00e9s informaci\u00f3, accedeixi a la nostra Pol\u00edtica de Cookies o a \u201dMostrar detalls\u201d.<\/span><\/p>\n<p><span style=\"font-weight: 400;\">Pol\u00edtica de Cookies:<\/span><\/p>\n<p><span style=\"font-weight: 400;\">Aquest lloc web, igual que la majoria de llocs web a Internet, fa servir cookies per millorar l\u2019experi\u00e8ncia de l\u2019usuari. A continuaci\u00f3 trobareu informaci\u00f3 sobre qu\u00e8 s\u00f3n les cookies, quin tipus de cookies utilitza aquest lloc web, com pot desactivar les cookies en el seu navegador i com desactivar espec\u00edficament la instal\u00b7laci\u00f3 de cookies de tercers. Per a qualsevol informaci\u00f3 addicional, si us plau dirigiu-vos a: <\/span><span style=\"font-weight: 400;\">masdoix@masdoix.noubit.info<\/span><\/p>\n<p><b>Qu\u00e8 s\u00f3n les cookies?<\/b><\/p>\n<p><span style=\"font-weight: 400;\">Les cookies s\u00f3n petits arxius de dades que algunes plataformes, com els llocs web, poden instal\u00b7lar al seu ordinador, smartphone, tauleta o televisi\u00f3 connectada. Aquests arxius s\u2019emmagatzemen a l\u2019ordinador de l\u2019usuari i cont\u00e9 dades an\u00f2nimes que no s\u00f3n perjudicials per al seu equip. Les seves funcions poden ser molt variades: emmagatzemar les seves prefer\u00e8ncies de navegaci\u00f3, com l\u2019idioma seleccionat, recopilar informaci\u00f3 estad\u00edstica, permetre certes funcionalitats t\u00e8cniques, etc. En ocasions, les cookies s\u2019utilitzen per emmagatzemar informaci\u00f3 b\u00e0sica sobre els h\u00e0bits de navegaci\u00f3 de l\u2019usuari o del seu equip, fins al punt, segons els casos, de poder recon\u00e8ixer-ho.<\/span><\/p>\n<p><b>Perqu\u00e8 s\u00f3n importants?<\/b><\/p>\n<p><span style=\"font-weight: 400;\">Les cookies s\u00f3n \u00fatils per diversos motius. Des d\u2019un punt de vista t\u00e8cnic, permeten que els llocs web funcionin correctament i de forma m\u00e9s \u00e0gil i adaptada a les seves prefer\u00e8ncies, com ara emmagatzemar el seu idioma o la moneda del seu pa\u00eds. A m\u00e9s, ajuden els responsables dels llocs web, mesurant l\u2019\u00fas i rendiment, a millorar els serveis que ofereixen gr\u00e0cies a la informaci\u00f3 estad\u00edstica que recullen a trav\u00e9s d\u2019elles.<\/span><\/p>\n<p><b>Com utilitzem les cookies?<\/b><\/p>\n<p><span style=\"font-weight: 400;\">Navegar per aquest lloc web suposa que es puguin instal\u00b7lar els seg\u00fcents tipus de cookies segons la seva finalitat:<\/span><\/p>\n<p><b>Cookies t\u00e8cniques<\/b><\/p>\n<p><span style=\"font-weight: 400;\">Les cookies t\u00e8cniques s\u00f3n aquelles imprescindibles i estrictament necess\u00e0ries per al correcte funcionament d\u2019un lloc web i la utilitzaci\u00f3 de les diferents opcions i serveis que ofereix.<\/span><\/p>\n<p><span style=\"font-weight: 400;\">Per exemple, les que serveixen per al manteniment de la sessi\u00f3, la gesti\u00f3 del temps de resposta, rendiment o validaci\u00f3 d\u2019opcions, utilitzar elements de seguretat, etc.<\/span><\/p>\n<p><b>Cookies de millora del rendiment<\/b><\/p>\n<p><span style=\"font-weight: 400;\">Aquest tipus de cookies conserva les seves prefer\u00e8ncies per certes eines o serveis perqu\u00e8 no hagi de reconfigurar cada vegada que visita el nostre lloc web i, en alguns casos, poden ser aportades per tercers. Alguns exemples s\u00f3n: volum dels reproductors audiovisuals o velocitats de reproducci\u00f3 de v\u00eddeo compatibles.<\/span><\/p>\n<p><b>Cookies de personalitzaci\u00f3<\/b><\/p>\n<p><span style=\"font-weight: 400;\">Aquestes cookies permeten a l\u2019usuari especificar o personalitzar algunes caracter\u00edstiques de les opcions generals del lloc web, Per exemple, definir l\u2019idioma, configuraci\u00f3 regional o tipus de navegador.<\/span><\/p>\n<p><b>Cookies de geo-localitzaci\u00f3<\/b><\/p>\n<p><span style=\"font-weight: 400;\">Aquestes cookies s\u00f3n usades per programes que intenten localitzar geogr\u00e0ficament la situaci\u00f3 de l\u2019ordinador, smartphone, tauleta o televisi\u00f3 connectada per, de manera totalment an\u00f2nima oferir continguts i serveis m\u00e9s adequats.<\/span><\/p>\n<p><b>Cookies d\u2019an\u00e0lisi estad\u00edstica<\/b><\/p>\n<p><span style=\"font-weight: 400;\">S\u00f3n aquelles que, ben tractades per nosaltres o per tercers, permeten quantificar el nombre de visitants i analitzar estad\u00edsticament la utilitzaci\u00f3 que fan els usuaris dels nostres serveis. Gr\u00e0cies a aix\u00f2 podem estudiar la navegaci\u00f3 pel nostre lloc web i millorar aix\u00ed l\u2019oferta de productes o serveis que oferim.<\/span><\/p>\n<p><b>Cookies de registre<\/b><\/p>\n<p><span style=\"font-weight: 400;\">Les cookies de registre es generen quan un usuari es d\u00f3na d\u2019alta en una web o servei o quan, tenint pr\u00e8viament les dades d\u2019acc\u00e9s, es registra en la web o servei. Permeten accedir a les diferents seccions del web sense haver de posar les seves credencials a cada p\u00e0gina.<\/span><\/p>\n<p><span style=\"font-weight: 400;\">En resum, aquestes cookies permeten mantenir l\u2019usuari identificat perqu\u00e8 pugui accedir a determinats serveis mentre no abandoni el compte, tanqui el navegador o apagui el dispositiu connectat.<\/span><\/p>\n<p><b>Cookies publicit\u00e0ries<\/b><\/p>\n<p><span style=\"font-weight: 400;\">S\u00f3n aquelles tractades per nosaltres o per tercers. Aquestes cookies permeten gestionar efica\u00e7ment els espais publicitaris del nostre lloc web, adequant el contingut de l\u2019anunci al contingut del servei sol\u00b7licitat o l\u2019\u00fas que realitzi del nostre lloc web. Gr\u00e0cies a ella podem con\u00e8ixer els seus h\u00e0bits de navegaci\u00f3 a internet i mostrar-li publicitat relacionada amb el seu perfil de navegaci\u00f3.<\/span><\/p>\n<p><b>Cookies pr\u00f2pies<\/b><\/p>\n<p><span style=\"font-weight: 400;\">S\u00f3n aquelles que s\u2019envien a l\u2019equip terminal de l\u2019usuari des d\u2019un equip o domini gestionat per nosaltres i des del qual es presta el servei sol\u00b7licitat per l\u2019usuari.<\/span><\/p>\n<p><b>Cookies de tercers<\/b><\/p>\n<p><span style=\"font-weight: 400;\">S\u00f3n aquelles que s\u2019envien a l\u2019equip terminal de l\u2019usuari des d\u2019un equip o domini que no \u00e9s gestionat per nosaltres, sin\u00f3 per una altra entitat que tracta les dades obtingudes mitjan\u00e7ant les cookies instal\u00b7lades. Un exemple d\u2019aquest \u00fas utilitzat en el nostre lloc web \u00e9s Google Analytics que obt\u00e9 informaci\u00f3 de la navegaci\u00f3 per mesurar i analitzar l\u2019audi\u00e8ncia.<\/span><\/p>\n<p><span style=\"font-weight: 400;\">Tamb\u00e9 segons el termini, les cookies es diferencien entre:<\/span><\/p>\n<p><b>Cookies de sessi\u00f3<\/b><\/p>\n<p><span style=\"font-weight: 400;\">Les cookies de sessi\u00f3 s\u00f3n aquelles que duren el temps que l\u2019usuari est\u00e0 navegant per aquest lloc web i s\u2019esborren al tancar la sessi\u00f3.<\/span><\/p>\n<p><b>Cookies persistents<\/b><\/p>\n<p><span style=\"font-weight: 400;\">Aquestes cookies queden emmagatzemades en el terminal de l\u2019usuari, per un temps m\u00e9s llarg, facilitant aix\u00ed el control de les opcions indicades sense haver de repetir certs par\u00e0metres cada vegada que es visiti aquest lloc web.<\/span><\/p>\n<p><b>Com puc configurar les meves prefer\u00e8ncies?<\/b><\/p>\n<p><span style=\"font-weight: 400;\">Per complir amb la legislaci\u00f3 vigent, hem de demanar el seu perm\u00eds per gestionar cookies. Si decideix no autoritzar el tractament indicant-nos el seu no conformitat, nom\u00e9s utilitzar\u00edem les cookies t\u00e8cniques, ja que s\u00f3n imprescindibles per a la navegaci\u00f3 pel nostre lloc web. En aquest cas, no emmagatzemar\u00edem cap cookie. En el cas de seguir navegant pel nostre lloc web sense denegar la seva autoritzaci\u00f3 implica que accepta el seu \u00fas.<\/span><\/p>\n<p><span style=\"font-weight: 400;\">Pot permetre, bloquejar o eliminar les cookies instal\u00b7lades en el seu equip mitjan\u00e7ant la configuraci\u00f3 de les opcions del seu navegador d\u2019internet. En el cas en qu\u00e8 les bloquegi, \u00e9s possible que algunes caracter\u00edstiques de les p\u00e0gines no estiguin operatives, no podrem oferir-li serveis personalitzats. A m\u00e9s cada vegada que vagi a navegar pel nostre lloc web haurem de sol\u00b7licitar-li de nou la seva autoritzaci\u00f3 per a l\u2019\u00fas de cookies.<\/span><\/p>\n<p><span style=\"font-weight: 400;\">Si necessita obtenir m\u00e9s informaci\u00f3 sobre la directiva de cookies, pot consultar el Bolet\u00edn Oficial del Estado publicat el passat 31 de mar\u00e7 de 2012 (per a Espanya) on es transposen les directives en mat\u00e8ria de comunicacions electr\u00f2niques. Tamb\u00e9 es pot consultar la directiva en http:\/\/www.ico.gov.uk<\/span><\/p>\n<p><span style=\"font-weight: 400;\">Si desitja contactar amb nosaltres pel que fa la nostra Pol\u00edtica de Cookies, pot fer-ho a: <\/span><a href=\"mailto:masdoix@masdoix.noubit.info\"><span style=\"font-weight: 400;\">masdoix@masdoix.noubit.info<\/span><\/a><\/p>\n<p><b>Actualitzacions i canvis en la Pol\u00edtica de Cookies<\/b><\/p>\n<p><span style=\"font-weight: 400;\">Ens reservem el dret de modificar aquesta Pol\u00edtica de Cookies en qualsevol moment i sense av\u00eds previ, sigui ateses les exig\u00e8ncies de la normativa o amb la finalitat de millorar la p\u00e0gina web.<\/span><\/p>\n<p><span style=\"font-weight: 400;\">Malgrat que puguem fer esfor\u00e7os per notificar-li\u2019n qualsevol canvi significatiu, li recomanem que revisi la Pol\u00edtica de Cookies quan accedeixi a la web.<\/span><\/p>\n","protected":false},"excerpt":{"rendered":"<p>Aquest lloc web utilitza cookies Utilitzem cookies pr\u00f2pies i de tercers per analitzar i entendre com es fa servir la p\u00e0gina web i quins continguts s\u00f3n m\u00e9s rellevants, aix\u00ed com cookies publicit\u00e0ries per gestionar la publicitat que li mostrem tant a la nostra web com en altres de tercers, i que es pot personalitzar segons [&hellip;]<\/p>\n","protected":false},"author":173,"featured_media":0,"parent":0,"menu_order":0,"comment_status":"closed","ping_status":"closed","template":"","meta":{"_et_pb_use_builder":"","_et_pb_old_content":"","_et_gb_content_width":"","footnotes":""},"class_list":["post-241","page","type-page","status-publish","hentry"],"yoast_head":"<!-- This site is optimized with the Yoast SEO plugin v26.4 - https:\/\/yoast.com\/wordpress\/plugins\/seo\/ -->\n<title>Pol\u00edtica de galetes - \u25b7 Celler Mas Doix | DOQ Priorat | Poboleda<\/title>\n<meta name=\"robots\" content=\"index, follow, max-snippet:-1, max-image-preview:large, max-video-preview:-1\" \/>\n<link rel=\"canonical\" href=\"https:\/\/masdoix.com\/en\/cookies-policy\/\" \/>\n<meta property=\"og:locale\" content=\"ca_ES\" \/>\n<meta property=\"og:type\" content=\"article\" \/>\n<meta property=\"og:title\" content=\"Pol\u00edtica de galetes - \u25b7 Celler Mas Doix | DOQ Priorat | Poboleda\" \/>\n<meta property=\"og:description\" content=\"Aquest lloc web utilitza cookies Utilitzem cookies pr\u00f2pies i de tercers per analitzar i entendre com es fa servir la p\u00e0gina web i quins continguts s\u00f3n m\u00e9s rellevants, aix\u00ed com cookies publicit\u00e0ries per gestionar la publicitat que li mostrem tant a la nostra web com en altres de tercers, i que es pot personalitzar segons [&hellip;]\" \/>\n<meta property=\"og:url\" content=\"https:\/\/masdoix.com\/en\/cookies-policy\/\" \/>\n<meta property=\"og:site_name\" content=\"\u25b7 Celler Mas Doix | DOQ Priorat | Poboleda\" \/>\n<meta property=\"article:modified_time\" content=\"2021-04-09T15:34:41+00:00\" \/>\n<meta name=\"twitter:card\" content=\"summary_large_image\" \/>\n<!-- \/ Yoast SEO plugin. -->","yoast_head_json":{"title":"Pol\u00edtica de galetes - \u25b7 Celler Mas Doix | DOQ Priorat | Poboleda","robots":{"index":"index","follow":"follow","max-snippet":"max-snippet:-1","max-image-preview":"max-image-preview:large","max-video-preview":"max-video-preview:-1"},"canonical":"https:\/\/masdoix.com\/en\/cookies-policy\/","og_locale":"ca_ES","og_type":"article","og_title":"Pol\u00edtica de galetes - \u25b7 Celler Mas Doix | DOQ Priorat | Poboleda","og_description":"Aquest lloc web utilitza cookies Utilitzem cookies pr\u00f2pies i de tercers per analitzar i entendre com es fa servir la p\u00e0gina web i quins continguts s\u00f3n m\u00e9s rellevants, aix\u00ed com cookies publicit\u00e0ries per gestionar la publicitat que li mostrem tant a la nostra web com en altres de tercers, i que es pot personalitzar segons [&hellip;]","og_url":"https:\/\/masdoix.com\/en\/cookies-policy\/","og_site_name":"\u25b7 Celler Mas Doix | DOQ Priorat | Poboleda","article_modified_time":"2021-04-09T15:34:41+00:00","twitter_card":"summary_large_image","schema":{"@context":"https:\/\/schema.org","@graph":[]}},"_links":{"self":[{"href":"https:\/\/masdoix.com\/ca\/wp-json\/wp\/v2\/pages\/241","targetHints":{"allow":["GET"]}}],"collection":[{"href":"https:\/\/masdoix.com\/ca\/wp-json\/wp\/v2\/pages"}],"about":[{"href":"https:\/\/masdoix.com\/ca\/wp-json\/wp\/v2\/types\/page"}],"author":[{"embeddable":true,"href":"https:\/\/masdoix.com\/ca\/wp-json\/wp\/v2\/users\/173"}],"replies":[{"embeddable":true,"href":"https:\/\/masdoix.com\/ca\/wp-json\/wp\/v2\/comments?post=241"}],"version-history":[{"count":3,"href":"https:\/\/masdoix.com\/ca\/wp-json\/wp\/v2\/pages\/241\/revisions"}],"predecessor-version":[{"id":2373,"href":"https:\/\/masdoix.com\/ca\/wp-json\/wp\/v2\/pages\/241\/revisions\/2373"}],"wp:attachment":[{"href":"https:\/\/masdoix.com\/ca\/wp-json\/wp\/v2\/media?parent=241"}],"curies":[{"name":"wp","href":"https:\/\/api.w.org\/{rel}","templated":true}]}}