{"id":19432,"date":"2024-07-08T18:54:26","date_gmt":"2024-07-08T16:54:26","guid":{"rendered":"https:\/\/masdoix.com\/?post_type=product&#038;p=19432"},"modified":"2024-07-08T19:20:57","modified_gmt":"2024-07-08T17:20:57","slug":"murmuri-2018","status":"publish","type":"product","link":"https:\/\/masdoix.com\/ca\/producte\/murmuri-2018\/","title":{"rendered":"Murmuri 2018"},"content":{"rendered":"<h3>Anyada 2018<\/h3>\n<div class=\"page\" title=\"Page 1\">\n<div class=\"section\">\n<div class=\"layoutArea\">\n<div class=\"column\">\n<div class=\"page\" title=\"Page 1\">\n<div class=\"layoutArea\">\n<div class=\"column\">\n<p>Amb una nevada al febrer, el 2018 ha estat un any amb pluges abundants a la primavera i la tardor, amb registres molt superiors a la mitjana. Un juliol i agost amb pics de temperatures molt altes durant el dia. Un setembre c\u00e0lid, refrescat de nou per la pluja per obtenir un ra\u00efm sa, gust\u00f3s i molt equilibrat.<\/p>\n<\/div>\n<\/div>\n<\/div>\n<\/div>\n<\/div>\n<\/div>\n<\/div>\n<p>&nbsp;<\/p>\n","protected":false},"excerpt":{"rendered":"<p>Anyada 2018 Amb una nevada al febrer, el 2018 ha estat un any amb pluges abundants a la primavera i la tardor, amb registres molt superiors a la mitjana. Un juliol i agost amb pics de temperatures molt altes durant el dia. Un setembre c\u00e0lid, refrescat de nou per la pluja per obtenir un ra\u00efm [&hellip;]<\/p>\n","protected":false},"featured_media":19438,"template":"","meta":{"_et_pb_use_builder":"","_et_pb_old_content":"","_et_gb_content_width":""},"product_brand":[],"product_cat":[20],"product_tag":[],"giftcard-category":[],"class_list":{"0":"post-19432","1":"product","2":"type-product","3":"status-publish","4":"has-post-thumbnail","6":"product_cat-vins","8":"first","9":"instock","10":"shipping-taxable","11":"purchasable","12":"product-type-simple"},"yoast_head":"<!-- This site is optimized with the Yoast SEO plugin v26.4 - https:\/\/yoast.com\/wordpress\/plugins\/seo\/ -->\n<title>Murmuri 2018 - \u25b7 Celler Mas Doix | DOQ Priorat | Poboleda<\/title>\n<meta name=\"robots\" content=\"index, follow, max-snippet:-1, max-image-preview:large, max-video-preview:-1\" \/>\n<link rel=\"canonical\" href=\"https:\/\/masdoix.com\/ca\/producte\/murmuri-2018\/\" \/>\n<meta property=\"og:locale\" content=\"ca_ES\" \/>\n<meta property=\"og:type\" content=\"article\" \/>\n<meta property=\"og:title\" content=\"Murmuri 2018 - \u25b7 Celler Mas Doix | DOQ Priorat | Poboleda\" \/>\n<meta property=\"og:description\" content=\"Anyada 2018 Amb una nevada al febrer, el 2018 ha estat un any amb pluges abundants a la primavera i la tardor, amb registres molt superiors a la mitjana. Un juliol i agost amb pics de temperatures molt altes durant el dia. Un setembre c\u00e0lid, refrescat de nou per la pluja per obtenir un ra\u00efm [&hellip;]\" \/>\n<meta property=\"og:url\" content=\"https:\/\/masdoix.com\/ca\/producte\/murmuri-2018\/\" \/>\n<meta property=\"og:site_name\" content=\"\u25b7 Celler Mas Doix | DOQ Priorat | Poboleda\" \/>\n<meta property=\"article:modified_time\" content=\"2024-07-08T17:20:57+00:00\" \/>\n<meta property=\"og:image\" content=\"https:\/\/masdoix.com\/wp-content\/uploads\/2024\/07\/murmuri-2018.jpg\" \/>\n\t<meta property=\"og:image:width\" content=\"970\" \/>\n\t<meta property=\"og:image:height\" content=\"970\" \/>\n\t<meta property=\"og:image:type\" content=\"image\/jpeg\" \/>\n<meta name=\"twitter:card\" content=\"summary_large_image\" \/>\n<!-- \/ Yoast SEO plugin. -->","yoast_head_json":{"title":"Murmuri 2018 - \u25b7 Celler Mas Doix | DOQ Priorat | Poboleda","robots":{"index":"index","follow":"follow","max-snippet":"max-snippet:-1","max-image-preview":"max-image-preview:large","max-video-preview":"max-video-preview:-1"},"canonical":"https:\/\/masdoix.com\/ca\/producte\/murmuri-2018\/","og_locale":"ca_ES","og_type":"article","og_title":"Murmuri 2018 - \u25b7 Celler Mas Doix | DOQ Priorat | Poboleda","og_description":"Anyada 2018 Amb una nevada al febrer, el 2018 ha estat un any amb pluges abundants a la primavera i la tardor, amb registres molt superiors a la mitjana. Un juliol i agost amb pics de temperatures molt altes durant el dia. Un setembre c\u00e0lid, refrescat de nou per la pluja per obtenir un ra\u00efm [&hellip;]","og_url":"https:\/\/masdoix.com\/ca\/producte\/murmuri-2018\/","og_site_name":"\u25b7 Celler Mas Doix | DOQ Priorat | Poboleda","article_modified_time":"2024-07-08T17:20:57+00:00","og_image":[{"width":970,"height":970,"url":"https:\/\/masdoix.com\/wp-content\/uploads\/2024\/07\/murmuri-2018.jpg","type":"image\/jpeg"}],"twitter_card":"summary_large_image","schema":{"@context":"https:\/\/schema.org","@graph":[]}},"_links":{"self":[{"href":"https:\/\/masdoix.com\/ca\/wp-json\/wp\/v2\/product\/19432","targetHints":{"allow":["GET"]}}],"collection":[{"href":"https:\/\/masdoix.com\/ca\/wp-json\/wp\/v2\/product"}],"about":[{"href":"https:\/\/masdoix.com\/ca\/wp-json\/wp\/v2\/types\/product"}],"wp:featuredmedia":[{"embeddable":true,"href":"https:\/\/masdoix.com\/ca\/wp-json\/wp\/v2\/media\/19438"}],"wp:attachment":[{"href":"https:\/\/masdoix.com\/ca\/wp-json\/wp\/v2\/media?parent=19432"}],"wp:term":[{"taxonomy":"product_brand","embeddable":true,"href":"https:\/\/masdoix.com\/ca\/wp-json\/wp\/v2\/product_brand?post=19432"},{"taxonomy":"product_cat","embeddable":true,"href":"https:\/\/masdoix.com\/ca\/wp-json\/wp\/v2\/product_cat?post=19432"},{"taxonomy":"product_tag","embeddable":true,"href":"https:\/\/masdoix.com\/ca\/wp-json\/wp\/v2\/product_tag?post=19432"},{"taxonomy":"giftcard-category","embeddable":true,"href":"https:\/\/masdoix.com\/ca\/wp-json\/wp\/v2\/giftcard-category?post=19432"}],"curies":[{"name":"wp","href":"https:\/\/api.w.org\/{rel}","templated":true}]}}