{"id":23663,"date":"2025-06-17T14:52:31","date_gmt":"2025-06-17T12:52:31","guid":{"rendered":"https:\/\/masdoix.com\/?post_type=product&#038;p=23663"},"modified":"2025-10-29T15:28:28","modified_gmt":"2025-10-29T13:28:28","slug":"lot-salix-poboleda","status":"publish","type":"product","link":"https:\/\/masdoix.com\/ca\/producte\/lot-salix-poboleda\/","title":{"rendered":"Lot Salix i Poboleda"},"content":{"rendered":"<h3>Anyada 2023<\/h3>\n<p data-pm-slice=\"1 1 []\">El 2023 va ser un altre any sec i c\u00e0lid. La primera part de l\u2019any va ser molt poc plujosa i la vinya va fer una brotada molt pobra. Aquesta sequera acumulada i la calor anormal per a l\u2019\u00e8poca van fer que la floraci\u00f3 s\u2019avanc\u00e9s 15 dies i les plantes van comen\u00e7ar a patir massa d\u2019hora. El canvi va arribar a finals de primavera en forma de pluja. Entre el maig i el juny van<br \/>\ncaure 150 litres a Poboleda i van marcar la difer\u00e8ncia per a la resta de l\u2019any. Els sarments van doblegar la seva longitud, el ra\u00efm es va inflar i les plantes van recuperar la for\u00e7a i el vigor. Un parell de tempestes ben caigudes a l\u2019estiu van acabar d\u2019arrodonir-lo i van permetre que la vinya arrib\u00e9s forta al final de la maduraci\u00f3.<\/p>\n<h3 class=\"p1\">Anyada 2024<\/h3>\n<div class=\"page\" title=\"Page 1\">\n<div class=\"section\">\n<div class=\"layoutArea\">\n<div class=\"column\">\n<div class=\"page\" title=\"Page 1\">\n<div class=\"section\">\n<div class=\"layoutArea\">\n<div class=\"column\">\n<p>El 2024 \u00e9s l\u2019any on es consolida i es fa evident la sequera acumulada des del 2020. La temperatura de l\u2019any \u00e9s lleugerament m\u00e9s alta que la mitjana, per\u00f2 no tan extrema com el 2022 o el 2023. Fins el 31 d\u2019agost la pluja \u00e9s m\u00e9s aviat escassa i les plantes mostren fatiga, poca vegetaci\u00f3, poc ra\u00efm i petit. Al setembre fa un tomb radical a la situaci\u00f3, comen\u00e7a a ploure i la temperatura baixa. Entre els mesos de setembre i novembre cauen m\u00e9s de 300 litres.<\/p>\n<\/div>\n<\/div>\n<\/div>\n<\/div>\n<\/div>\n<\/div>\n<\/div>\n<\/div>\n","protected":false},"excerpt":{"rendered":"<p>Anyada 2023 El 2023 va ser un altre any sec i c\u00e0lid. La primera part de l\u2019any va ser molt poc plujosa i la vinya va fer una brotada molt pobra. Aquesta sequera acumulada i la calor anormal per a l\u2019\u00e8poca van fer que la floraci\u00f3 s\u2019avanc\u00e9s 15 dies i les plantes van comen\u00e7ar a [&hellip;]<\/p>\n","protected":false},"featured_media":23666,"template":"","meta":{"_et_pb_use_builder":"","_et_pb_old_content":"","_et_gb_content_width":""},"product_brand":[],"product_cat":[20],"product_tag":[],"giftcard-category":[],"class_list":{"0":"post-23663","1":"product","2":"type-product","3":"status-publish","4":"has-post-thumbnail","6":"product_cat-vins","8":"first","9":"instock","10":"shipping-taxable","11":"purchasable","12":"product-type-simple"},"yoast_head":"<!-- This site is optimized with the Yoast SEO plugin v26.4 - https:\/\/yoast.com\/wordpress\/plugins\/seo\/ -->\n<title>Lot Salix i Poboleda - \u25b7 Celler Mas Doix | DOQ Priorat | Poboleda<\/title>\n<meta name=\"robots\" content=\"index, follow, max-snippet:-1, max-image-preview:large, max-video-preview:-1\" \/>\n<link rel=\"canonical\" href=\"https:\/\/masdoix.com\/ca\/producte\/lot-salix-poboleda\/\" \/>\n<meta property=\"og:locale\" content=\"ca_ES\" \/>\n<meta property=\"og:type\" content=\"article\" \/>\n<meta property=\"og:title\" content=\"Lot Salix i Poboleda - \u25b7 Celler Mas Doix | DOQ Priorat | Poboleda\" \/>\n<meta property=\"og:description\" content=\"Anyada 2023 El 2023 va ser un altre any sec i c\u00e0lid. La primera part de l\u2019any va ser molt poc plujosa i la vinya va fer una brotada molt pobra. Aquesta sequera acumulada i la calor anormal per a l\u2019\u00e8poca van fer que la floraci\u00f3 s\u2019avanc\u00e9s 15 dies i les plantes van comen\u00e7ar a [&hellip;]\" \/>\n<meta property=\"og:url\" content=\"https:\/\/masdoix.com\/ca\/producte\/lot-salix-poboleda\/\" \/>\n<meta property=\"og:site_name\" content=\"\u25b7 Celler Mas Doix | DOQ Priorat | Poboleda\" \/>\n<meta property=\"article:modified_time\" content=\"2025-10-29T13:28:28+00:00\" \/>\n<meta property=\"og:image\" content=\"https:\/\/masdoix.com\/wp-content\/uploads\/2025\/06\/x3-salix-2023x3-poboleda-2023.jpg\" \/>\n\t<meta property=\"og:image:width\" content=\"1200\" \/>\n\t<meta property=\"og:image:height\" content=\"1200\" \/>\n\t<meta property=\"og:image:type\" content=\"image\/jpeg\" \/>\n<meta name=\"twitter:card\" content=\"summary_large_image\" \/>\n<!-- \/ Yoast SEO plugin. -->","yoast_head_json":{"title":"Lot Salix i Poboleda - \u25b7 Celler Mas Doix | DOQ Priorat | Poboleda","robots":{"index":"index","follow":"follow","max-snippet":"max-snippet:-1","max-image-preview":"max-image-preview:large","max-video-preview":"max-video-preview:-1"},"canonical":"https:\/\/masdoix.com\/ca\/producte\/lot-salix-poboleda\/","og_locale":"ca_ES","og_type":"article","og_title":"Lot Salix i Poboleda - \u25b7 Celler Mas Doix | DOQ Priorat | Poboleda","og_description":"Anyada 2023 El 2023 va ser un altre any sec i c\u00e0lid. La primera part de l\u2019any va ser molt poc plujosa i la vinya va fer una brotada molt pobra. Aquesta sequera acumulada i la calor anormal per a l\u2019\u00e8poca van fer que la floraci\u00f3 s\u2019avanc\u00e9s 15 dies i les plantes van comen\u00e7ar a [&hellip;]","og_url":"https:\/\/masdoix.com\/ca\/producte\/lot-salix-poboleda\/","og_site_name":"\u25b7 Celler Mas Doix | DOQ Priorat | Poboleda","article_modified_time":"2025-10-29T13:28:28+00:00","og_image":[{"width":1200,"height":1200,"url":"https:\/\/masdoix.com\/wp-content\/uploads\/2025\/06\/x3-salix-2023x3-poboleda-2023.jpg","type":"image\/jpeg"}],"twitter_card":"summary_large_image","schema":{"@context":"https:\/\/schema.org","@graph":[]}},"_links":{"self":[{"href":"https:\/\/masdoix.com\/ca\/wp-json\/wp\/v2\/product\/23663","targetHints":{"allow":["GET"]}}],"collection":[{"href":"https:\/\/masdoix.com\/ca\/wp-json\/wp\/v2\/product"}],"about":[{"href":"https:\/\/masdoix.com\/ca\/wp-json\/wp\/v2\/types\/product"}],"wp:featuredmedia":[{"embeddable":true,"href":"https:\/\/masdoix.com\/ca\/wp-json\/wp\/v2\/media\/23666"}],"wp:attachment":[{"href":"https:\/\/masdoix.com\/ca\/wp-json\/wp\/v2\/media?parent=23663"}],"wp:term":[{"taxonomy":"product_brand","embeddable":true,"href":"https:\/\/masdoix.com\/ca\/wp-json\/wp\/v2\/product_brand?post=23663"},{"taxonomy":"product_cat","embeddable":true,"href":"https:\/\/masdoix.com\/ca\/wp-json\/wp\/v2\/product_cat?post=23663"},{"taxonomy":"product_tag","embeddable":true,"href":"https:\/\/masdoix.com\/ca\/wp-json\/wp\/v2\/product_tag?post=23663"},{"taxonomy":"giftcard-category","embeddable":true,"href":"https:\/\/masdoix.com\/ca\/wp-json\/wp\/v2\/giftcard-category?post=23663"}],"curies":[{"name":"wp","href":"https:\/\/api.w.org\/{rel}","templated":true}]}}