{"id":25052,"date":"2025-10-13T16:12:57","date_gmt":"2025-10-13T14:12:57","guid":{"rendered":"https:\/\/masdoix.com\/?post_type=product&#038;p=25052"},"modified":"2025-10-29T15:34:05","modified_gmt":"2025-10-29T13:34:05","slug":"les-crestes-2024","status":"publish","type":"product","link":"https:\/\/masdoix.com\/ca\/producte\/les-crestes-2024\/","title":{"rendered":"Les Crestes"},"content":{"rendered":"<h3><strong>Anyada 2024<\/strong><\/h3>\n<div class=\"page\" title=\"Page 1\">\n<div class=\"section\">\n<div class=\"layoutArea\">\n<div class=\"column\">\n<p>El 2024 \u00e9s l\u2019any en qu\u00e8 es consolida i es fa evident la sequera acumulada des del 2020. La temperatura de l\u2019any \u00e9s lleugerament m\u00e9s alta que la mitjana, per\u00f2 no tan extrema com el 2022 o el 2023. Fins al 31 d\u2019agost la pluja \u00e9s m\u00e9s aviat escassa i les plantes mostren fatiga, poca vegetaci\u00f3, poc ra\u00efm i petit. Al setembre fa un tomb radical a la situaci\u00f3, comen\u00e7a a ploure i la temperatura baixa. Entre els mesos de setembre i novembre cauen m\u00e9s de 300 litres.<\/p>\n<\/div>\n<\/div>\n<\/div>\n<\/div>\n","protected":false},"excerpt":{"rendered":"<p>Anyada 2024 El 2024 \u00e9s l\u2019any en qu\u00e8 es consolida i es fa evident la sequera acumulada des del 2020. La temperatura de l\u2019any \u00e9s lleugerament m\u00e9s alta que la mitjana, per\u00f2 no tan extrema com el 2022 o el 2023. Fins al 31 d\u2019agost la pluja \u00e9s m\u00e9s aviat escassa i les plantes mostren [&hellip;]<\/p>\n","protected":false},"featured_media":25012,"template":"","meta":{"_et_pb_use_builder":"","_et_pb_old_content":"","_et_gb_content_width":""},"product_brand":[],"product_cat":[20],"product_tag":[],"giftcard-category":[],"class_list":{"0":"post-25052","1":"product","2":"type-product","3":"status-publish","4":"has-post-thumbnail","6":"product_cat-vins","8":"first","9":"instock","10":"shipping-taxable","11":"purchasable","12":"product-type-simple"},"yoast_head":"<!-- This site is optimized with the Yoast SEO plugin v26.4 - https:\/\/yoast.com\/wordpress\/plugins\/seo\/ -->\n<title>Les Crestes - \u25b7 Celler Mas Doix | DOQ Priorat | Poboleda<\/title>\n<meta name=\"robots\" content=\"index, follow, max-snippet:-1, max-image-preview:large, max-video-preview:-1\" \/>\n<link rel=\"canonical\" href=\"https:\/\/masdoix.com\/ca\/producte\/les-crestes-2024\/\" \/>\n<meta property=\"og:locale\" content=\"ca_ES\" \/>\n<meta property=\"og:type\" content=\"article\" \/>\n<meta property=\"og:title\" content=\"Les Crestes - \u25b7 Celler Mas Doix | DOQ Priorat | Poboleda\" \/>\n<meta property=\"og:description\" content=\"Anyada 2024 El 2024 \u00e9s l\u2019any en qu\u00e8 es consolida i es fa evident la sequera acumulada des del 2020. La temperatura de l\u2019any \u00e9s lleugerament m\u00e9s alta que la mitjana, per\u00f2 no tan extrema com el 2022 o el 2023. Fins al 31 d\u2019agost la pluja \u00e9s m\u00e9s aviat escassa i les plantes mostren [&hellip;]\" \/>\n<meta property=\"og:url\" content=\"https:\/\/masdoix.com\/ca\/producte\/les-crestes-2024\/\" \/>\n<meta property=\"og:site_name\" content=\"\u25b7 Celler Mas Doix | DOQ Priorat | Poboleda\" \/>\n<meta property=\"article:modified_time\" content=\"2025-10-29T13:34:05+00:00\" \/>\n<meta property=\"og:image\" content=\"https:\/\/masdoix.com\/wp-content\/uploads\/2021\/09\/crestes-2024.jpg\" \/>\n\t<meta property=\"og:image:width\" content=\"1200\" \/>\n\t<meta property=\"og:image:height\" content=\"1200\" \/>\n\t<meta property=\"og:image:type\" content=\"image\/jpeg\" \/>\n<meta name=\"twitter:card\" content=\"summary_large_image\" \/>\n<!-- \/ Yoast SEO plugin. -->","yoast_head_json":{"title":"Les Crestes - \u25b7 Celler Mas Doix | DOQ Priorat | Poboleda","robots":{"index":"index","follow":"follow","max-snippet":"max-snippet:-1","max-image-preview":"max-image-preview:large","max-video-preview":"max-video-preview:-1"},"canonical":"https:\/\/masdoix.com\/ca\/producte\/les-crestes-2024\/","og_locale":"ca_ES","og_type":"article","og_title":"Les Crestes - \u25b7 Celler Mas Doix | DOQ Priorat | Poboleda","og_description":"Anyada 2024 El 2024 \u00e9s l\u2019any en qu\u00e8 es consolida i es fa evident la sequera acumulada des del 2020. La temperatura de l\u2019any \u00e9s lleugerament m\u00e9s alta que la mitjana, per\u00f2 no tan extrema com el 2022 o el 2023. Fins al 31 d\u2019agost la pluja \u00e9s m\u00e9s aviat escassa i les plantes mostren [&hellip;]","og_url":"https:\/\/masdoix.com\/ca\/producte\/les-crestes-2024\/","og_site_name":"\u25b7 Celler Mas Doix | DOQ Priorat | Poboleda","article_modified_time":"2025-10-29T13:34:05+00:00","og_image":[{"width":1200,"height":1200,"url":"https:\/\/masdoix.com\/wp-content\/uploads\/2021\/09\/crestes-2024.jpg","type":"image\/jpeg"}],"twitter_card":"summary_large_image","schema":{"@context":"https:\/\/schema.org","@graph":[]}},"_links":{"self":[{"href":"https:\/\/masdoix.com\/ca\/wp-json\/wp\/v2\/product\/25052","targetHints":{"allow":["GET"]}}],"collection":[{"href":"https:\/\/masdoix.com\/ca\/wp-json\/wp\/v2\/product"}],"about":[{"href":"https:\/\/masdoix.com\/ca\/wp-json\/wp\/v2\/types\/product"}],"wp:featuredmedia":[{"embeddable":true,"href":"https:\/\/masdoix.com\/ca\/wp-json\/wp\/v2\/media\/25012"}],"wp:attachment":[{"href":"https:\/\/masdoix.com\/ca\/wp-json\/wp\/v2\/media?parent=25052"}],"wp:term":[{"taxonomy":"product_brand","embeddable":true,"href":"https:\/\/masdoix.com\/ca\/wp-json\/wp\/v2\/product_brand?post=25052"},{"taxonomy":"product_cat","embeddable":true,"href":"https:\/\/masdoix.com\/ca\/wp-json\/wp\/v2\/product_cat?post=25052"},{"taxonomy":"product_tag","embeddable":true,"href":"https:\/\/masdoix.com\/ca\/wp-json\/wp\/v2\/product_tag?post=25052"},{"taxonomy":"giftcard-category","embeddable":true,"href":"https:\/\/masdoix.com\/ca\/wp-json\/wp\/v2\/giftcard-category?post=25052"}],"curies":[{"name":"wp","href":"https:\/\/api.w.org\/{rel}","templated":true}]}}