{"id":25055,"date":"2025-10-13T16:26:30","date_gmt":"2025-10-13T14:26:30","guid":{"rendered":"https:\/\/masdoix.com\/?post_type=product&#038;p=25055"},"modified":"2025-10-29T15:32:25","modified_gmt":"2025-10-29T13:32:25","slug":"1903-coma-de-cases-vinya-classificada-cru-2022","status":"publish","type":"product","link":"https:\/\/masdoix.com\/ca\/producte\/1903-coma-de-cases-vinya-classificada-cru-2022\/","title":{"rendered":"1903 Coma de Cases <br> Vinya Classificada &#8211; Cru"},"content":{"rendered":"<div class=\"page\" title=\"Page 1\">\n<div class=\"layoutArea\">\n<div class=\"column\">\n<p><strong>Anyada 2022<\/strong><\/p>\n<\/div>\n<\/div>\n<\/div>\n<div class=\"page\" title=\"Page 1\">\n<div class=\"section\">\n<div class=\"layoutArea\">\n<div class=\"column\">\n<p>El clima del 2022 ser\u00e0 recordat especialment per la calor i, sobretot, per la seva persist\u00e8ncia durant tot l\u2019estiu. Un estiu que, a m\u00e9s, va comen\u00e7ar ben d\u2019hora, amb anomalies positives de temperatura de m\u00e9s de 2 graus des del mes de maig. Tamb\u00e9 \u00e9s destacable la manca de precipitacions: tot i que les tempestes del juliol van ajudar a parar el cop, la manca d\u2019aigua es va fer evident al llarg de tot l\u2019any. Malgrat aquets condicionants, els ceps van mostrar una ferma resist\u00e8ncia a l\u2019estr\u00e8s h\u00eddric i van mantenir el fruit en perfecte estat.<\/p>\n<p><strong>Verema 2022<\/strong><br \/>\nLa verema del 2022 es va iniciar 10 dies abans del que seria habitual. Les pluges de final d\u2019estiu van permetre que la maduraci\u00f3 fos bona i van alentir una mica el ritme. La garnatxa de Coma de Cases la vam collir el 2 de setembre, una collita especialment primerenca.<\/p>\n<\/div>\n<\/div>\n<\/div>\n<\/div>\n","protected":false},"excerpt":{"rendered":"<p>Anyada 2022 El clima del 2022 ser\u00e0 recordat especialment per la calor i, sobretot, per la seva persist\u00e8ncia durant tot l\u2019estiu. Un estiu que, a m\u00e9s, va comen\u00e7ar ben d\u2019hora, amb anomalies positives de temperatura de m\u00e9s de 2 graus des del mes de maig. Tamb\u00e9 \u00e9s destacable la manca de precipitacions: tot i que [&hellip;]<\/p>\n","protected":false},"featured_media":25006,"template":"","meta":{"_et_pb_use_builder":"","_et_pb_old_content":"","_et_gb_content_width":""},"product_brand":[],"product_cat":[20],"product_tag":[25],"giftcard-category":[],"class_list":{"0":"post-25055","1":"product","2":"type-product","3":"status-publish","4":"has-post-thumbnail","6":"product_cat-vins","7":"product_tag-ambassadors","9":"first","10":"outofstock","11":"shipping-taxable","12":"purchasable","13":"product-type-simple"},"yoast_head":"<!-- This site is optimized with the Yoast SEO plugin v26.4 - https:\/\/yoast.com\/wordpress\/plugins\/seo\/ -->\n<title>1903 Coma de Cases  Vinya Classificada - Cru - \u25b7 Celler Mas Doix | DOQ Priorat | Poboleda<\/title>\n<meta name=\"robots\" content=\"index, follow, max-snippet:-1, max-image-preview:large, max-video-preview:-1\" \/>\n<link rel=\"canonical\" href=\"https:\/\/masdoix.com\/ca\/producte\/1903-coma-de-cases-vinya-classificada-cru-2022\/\" \/>\n<meta property=\"og:locale\" content=\"ca_ES\" \/>\n<meta property=\"og:type\" content=\"article\" \/>\n<meta property=\"og:title\" content=\"1903 Coma de Cases  Vinya Classificada - Cru - \u25b7 Celler Mas Doix | DOQ Priorat | Poboleda\" \/>\n<meta property=\"og:description\" content=\"Anyada 2022 El clima del 2022 ser\u00e0 recordat especialment per la calor i, sobretot, per la seva persist\u00e8ncia durant tot l\u2019estiu. Un estiu que, a m\u00e9s, va comen\u00e7ar ben d\u2019hora, amb anomalies positives de temperatura de m\u00e9s de 2 graus des del mes de maig. Tamb\u00e9 \u00e9s destacable la manca de precipitacions: tot i que [&hellip;]\" \/>\n<meta property=\"og:url\" content=\"https:\/\/masdoix.com\/ca\/producte\/1903-coma-de-cases-vinya-classificada-cru-2022\/\" \/>\n<meta property=\"og:site_name\" content=\"\u25b7 Celler Mas Doix | DOQ Priorat | Poboleda\" \/>\n<meta property=\"article:modified_time\" content=\"2025-10-29T13:32:25+00:00\" \/>\n<meta property=\"og:image\" content=\"https:\/\/masdoix.com\/wp-content\/uploads\/2021\/09\/1903-2022.jpg\" \/>\n\t<meta property=\"og:image:width\" content=\"1200\" \/>\n\t<meta property=\"og:image:height\" content=\"1200\" \/>\n\t<meta property=\"og:image:type\" content=\"image\/jpeg\" \/>\n<meta name=\"twitter:card\" content=\"summary_large_image\" \/>\n<!-- \/ Yoast SEO plugin. -->","yoast_head_json":{"title":"1903 Coma de Cases  Vinya Classificada - Cru - \u25b7 Celler Mas Doix | DOQ Priorat | Poboleda","robots":{"index":"index","follow":"follow","max-snippet":"max-snippet:-1","max-image-preview":"max-image-preview:large","max-video-preview":"max-video-preview:-1"},"canonical":"https:\/\/masdoix.com\/ca\/producte\/1903-coma-de-cases-vinya-classificada-cru-2022\/","og_locale":"ca_ES","og_type":"article","og_title":"1903 Coma de Cases  Vinya Classificada - Cru - \u25b7 Celler Mas Doix | DOQ Priorat | Poboleda","og_description":"Anyada 2022 El clima del 2022 ser\u00e0 recordat especialment per la calor i, sobretot, per la seva persist\u00e8ncia durant tot l\u2019estiu. Un estiu que, a m\u00e9s, va comen\u00e7ar ben d\u2019hora, amb anomalies positives de temperatura de m\u00e9s de 2 graus des del mes de maig. Tamb\u00e9 \u00e9s destacable la manca de precipitacions: tot i que [&hellip;]","og_url":"https:\/\/masdoix.com\/ca\/producte\/1903-coma-de-cases-vinya-classificada-cru-2022\/","og_site_name":"\u25b7 Celler Mas Doix | DOQ Priorat | Poboleda","article_modified_time":"2025-10-29T13:32:25+00:00","og_image":[{"width":1200,"height":1200,"url":"https:\/\/masdoix.com\/wp-content\/uploads\/2021\/09\/1903-2022.jpg","type":"image\/jpeg"}],"twitter_card":"summary_large_image","schema":{"@context":"https:\/\/schema.org","@graph":[]}},"_links":{"self":[{"href":"https:\/\/masdoix.com\/ca\/wp-json\/wp\/v2\/product\/25055","targetHints":{"allow":["GET"]}}],"collection":[{"href":"https:\/\/masdoix.com\/ca\/wp-json\/wp\/v2\/product"}],"about":[{"href":"https:\/\/masdoix.com\/ca\/wp-json\/wp\/v2\/types\/product"}],"wp:featuredmedia":[{"embeddable":true,"href":"https:\/\/masdoix.com\/ca\/wp-json\/wp\/v2\/media\/25006"}],"wp:attachment":[{"href":"https:\/\/masdoix.com\/ca\/wp-json\/wp\/v2\/media?parent=25055"}],"wp:term":[{"taxonomy":"product_brand","embeddable":true,"href":"https:\/\/masdoix.com\/ca\/wp-json\/wp\/v2\/product_brand?post=25055"},{"taxonomy":"product_cat","embeddable":true,"href":"https:\/\/masdoix.com\/ca\/wp-json\/wp\/v2\/product_cat?post=25055"},{"taxonomy":"product_tag","embeddable":true,"href":"https:\/\/masdoix.com\/ca\/wp-json\/wp\/v2\/product_tag?post=25055"},{"taxonomy":"giftcard-category","embeddable":true,"href":"https:\/\/masdoix.com\/ca\/wp-json\/wp\/v2\/giftcard-category?post=25055"}],"curies":[{"name":"wp","href":"https:\/\/api.w.org\/{rel}","templated":true}]}}