{"id":26322,"date":"2025-12-31T15:20:09","date_gmt":"2025-12-31T13:20:09","guid":{"rendered":"https:\/\/masdoix.com\/?post_type=product&#038;p=26322"},"modified":"2026-01-05T11:09:15","modified_gmt":"2026-01-05T09:09:15","slug":"doix-2023","status":"publish","type":"product","link":"https:\/\/masdoix.com\/ca\/producte\/doix-2023\/","title":{"rendered":"Doix"},"content":{"rendered":"<div class=\"page\" title=\"Page 1\">\n<div class=\"section\">\n<div class=\"layoutArea\">\n<div class=\"column\">\n<p><strong>Anyada 2023<\/strong><br \/>\nEl 2023 va ser un altre any sec i c\u00e0lid. La primera part de l\u2019any va ser molt poc plujosa i la vinya va fer una brotaci\u00f3 molt pobre. Aquesta sequera acumulada i la calor anormal per l\u2019\u00e8poca va fer que la floraci\u00f3 s\u2019avanc\u00e9s 15 dies i les plantes van comen\u00e7ar a patir massa d\u2019hora. El canvi va arribar al final de la primavera en forma de pluja. Entre els mesos de maig i juny van caure 150 litres a Poboleda i van fer la difer\u00e8ncia per la resta de l\u2019any. Els sarments van doblar la seva llargada, el ra\u00efm es va inflar i les plantes van recuperar la for\u00e7a i el vigor. Un parell de tempestes ben caigudes a l\u2019estiu van acabar d\u2019arrodonir-ho i van permetre que la vinya arrib\u00e9s forta al final de la maduraci\u00f3.<\/p>\n<p><strong>Verema 2023<\/strong><br \/>\nLa verema del 2023 es va iniciar 10 dies abans del que seria habitual. Tot i aix\u00f2 les plantes estaven ben carregades de ra\u00efm i amb reserves d\u2019aigua i aix\u00f2 va permetre que la maduraci\u00f3 fos m\u00e9s lenta i no es precipit\u00e9s m\u00e9s del compte.<\/p>\n<\/div>\n<\/div>\n<\/div>\n<\/div>\n","protected":false},"excerpt":{"rendered":"<p>Anyada 2023 El 2023 va ser un altre any sec i c\u00e0lid. La primera part de l\u2019any va ser molt poc plujosa i la vinya va fer una brotaci\u00f3 molt pobre. Aquesta sequera acumulada i la calor anormal per l\u2019\u00e8poca va fer que la floraci\u00f3 s\u2019avanc\u00e9s 15 dies i les plantes van comen\u00e7ar a patir [&hellip;]<\/p>\n","protected":false},"featured_media":26337,"template":"","meta":{"_et_pb_use_builder":"","_et_pb_old_content":"","_et_gb_content_width":""},"product_brand":[],"product_cat":[20],"product_tag":[],"giftcard-category":[],"class_list":{"0":"post-26322","1":"product","2":"type-product","3":"status-publish","4":"has-post-thumbnail","6":"product_cat-vins","8":"first","9":"instock","10":"shipping-taxable","11":"purchasable","12":"product-type-simple"},"yoast_head":"<!-- This site is optimized with the Yoast SEO plugin v26.4 - https:\/\/yoast.com\/wordpress\/plugins\/seo\/ -->\n<title>Doix - \u25b7 Celler Mas Doix | DOQ Priorat | Poboleda<\/title>\n<meta name=\"robots\" content=\"index, follow, max-snippet:-1, max-image-preview:large, max-video-preview:-1\" \/>\n<link rel=\"canonical\" href=\"https:\/\/masdoix.com\/ca\/producte\/doix-2023\/\" \/>\n<meta property=\"og:locale\" content=\"ca_ES\" \/>\n<meta property=\"og:type\" content=\"article\" \/>\n<meta property=\"og:title\" content=\"Doix - \u25b7 Celler Mas Doix | DOQ Priorat | Poboleda\" \/>\n<meta property=\"og:description\" content=\"Anyada 2023 El 2023 va ser un altre any sec i c\u00e0lid. La primera part de l\u2019any va ser molt poc plujosa i la vinya va fer una brotaci\u00f3 molt pobre. Aquesta sequera acumulada i la calor anormal per l\u2019\u00e8poca va fer que la floraci\u00f3 s\u2019avanc\u00e9s 15 dies i les plantes van comen\u00e7ar a patir [&hellip;]\" \/>\n<meta property=\"og:url\" content=\"https:\/\/masdoix.com\/ca\/producte\/doix-2023\/\" \/>\n<meta property=\"og:site_name\" content=\"\u25b7 Celler Mas Doix | DOQ Priorat | Poboleda\" \/>\n<meta property=\"article:modified_time\" content=\"2026-01-05T09:09:15+00:00\" \/>\n<meta property=\"og:image\" content=\"https:\/\/masdoix.com\/wp-content\/uploads\/2025\/12\/doix-2023.jpg\" \/>\n\t<meta property=\"og:image:width\" content=\"1200\" \/>\n\t<meta property=\"og:image:height\" content=\"1200\" \/>\n\t<meta property=\"og:image:type\" content=\"image\/jpeg\" \/>\n<meta name=\"twitter:card\" content=\"summary_large_image\" \/>\n<!-- \/ Yoast SEO plugin. -->","yoast_head_json":{"title":"Doix - \u25b7 Celler Mas Doix | DOQ Priorat | Poboleda","robots":{"index":"index","follow":"follow","max-snippet":"max-snippet:-1","max-image-preview":"max-image-preview:large","max-video-preview":"max-video-preview:-1"},"canonical":"https:\/\/masdoix.com\/ca\/producte\/doix-2023\/","og_locale":"ca_ES","og_type":"article","og_title":"Doix - \u25b7 Celler Mas Doix | DOQ Priorat | Poboleda","og_description":"Anyada 2023 El 2023 va ser un altre any sec i c\u00e0lid. La primera part de l\u2019any va ser molt poc plujosa i la vinya va fer una brotaci\u00f3 molt pobre. Aquesta sequera acumulada i la calor anormal per l\u2019\u00e8poca va fer que la floraci\u00f3 s\u2019avanc\u00e9s 15 dies i les plantes van comen\u00e7ar a patir [&hellip;]","og_url":"https:\/\/masdoix.com\/ca\/producte\/doix-2023\/","og_site_name":"\u25b7 Celler Mas Doix | DOQ Priorat | Poboleda","article_modified_time":"2026-01-05T09:09:15+00:00","og_image":[{"width":1200,"height":1200,"url":"https:\/\/masdoix.com\/wp-content\/uploads\/2025\/12\/doix-2023.jpg","type":"image\/jpeg"}],"twitter_card":"summary_large_image","schema":{"@context":"https:\/\/schema.org","@graph":[]}},"_links":{"self":[{"href":"https:\/\/masdoix.com\/ca\/wp-json\/wp\/v2\/product\/26322","targetHints":{"allow":["GET"]}}],"collection":[{"href":"https:\/\/masdoix.com\/ca\/wp-json\/wp\/v2\/product"}],"about":[{"href":"https:\/\/masdoix.com\/ca\/wp-json\/wp\/v2\/types\/product"}],"wp:featuredmedia":[{"embeddable":true,"href":"https:\/\/masdoix.com\/ca\/wp-json\/wp\/v2\/media\/26337"}],"wp:attachment":[{"href":"https:\/\/masdoix.com\/ca\/wp-json\/wp\/v2\/media?parent=26322"}],"wp:term":[{"taxonomy":"product_brand","embeddable":true,"href":"https:\/\/masdoix.com\/ca\/wp-json\/wp\/v2\/product_brand?post=26322"},{"taxonomy":"product_cat","embeddable":true,"href":"https:\/\/masdoix.com\/ca\/wp-json\/wp\/v2\/product_cat?post=26322"},{"taxonomy":"product_tag","embeddable":true,"href":"https:\/\/masdoix.com\/ca\/wp-json\/wp\/v2\/product_tag?post=26322"},{"taxonomy":"giftcard-category","embeddable":true,"href":"https:\/\/masdoix.com\/ca\/wp-json\/wp\/v2\/giftcard-category?post=26322"}],"curies":[{"name":"wp","href":"https:\/\/api.w.org\/{rel}","templated":true}]}}