{"id":5397,"date":"2021-09-24T16:15:06","date_gmt":"2021-09-24T14:15:06","guid":{"rendered":"https:\/\/masdoix.com\/?post_type=product&#038;p=5397"},"modified":"2025-05-14T12:42:18","modified_gmt":"2025-05-14T10:42:18","slug":"salanques-2018","status":"publish","type":"product","link":"https:\/\/masdoix.com\/ca\/producte\/salanques-2018\/","title":{"rendered":"Salanques"},"content":{"rendered":"<h3>Nota de tast<\/h3>\n<p>Arom\u00e0tic, equilibrat.<\/p>\n<p>Color: cirera, vora granat.<\/p>\n<p>Aroma: fruita fresca, herbes silvestres.<\/p>\n<p>Boca: fruit\u00f3s, sabor\u00f3s, f\u00e0cil de beure.<\/p>\n<p><em>Guia Pe\u00f1\u00edn \u2013 Octubre 2020<\/em><\/p>\n<h3 class=\"p1\">Anyada<b> <\/b>2018<\/h3>\n<p>Amb una nevada al febrer, el 2018 va ser un any amb abundants pluges a la primavera i la tardor, amb r\u00e8cords molt per sobre de la mitjana. Al juliol i agost hi va haver pics de temperatures di\u00fcrnes molt altes. Un setembre c\u00e0lid, refrescat de nou per la pluja, ens va permetre obtenir un ra\u00efm sa, gust\u00f3s i equilibrat.<\/p>\n","protected":false},"excerpt":{"rendered":"<p>Nota de tast Arom\u00e0tic, equilibrat. Color: cirera, vora granat. Aroma: fruita fresca, herbes silvestres. Boca: fruit\u00f3s, sabor\u00f3s, f\u00e0cil de beure. Guia Pe\u00f1\u00edn \u2013 Octubre 2020 Anyada 2018 Amb una nevada al febrer, el 2018 va ser un any amb abundants pluges a la primavera i la tardor, amb r\u00e8cords molt per sobre de la mitjana. [&hellip;]<\/p>\n","protected":false},"featured_media":5558,"template":"","meta":{"_et_pb_use_builder":"","_et_pb_old_content":"","_et_gb_content_width":""},"product_brand":[],"product_cat":[20],"product_tag":[],"giftcard-category":[],"class_list":{"0":"post-5397","1":"product","2":"type-product","3":"status-publish","4":"has-post-thumbnail","6":"product_cat-vins","8":"first","9":"instock","10":"shipping-taxable","11":"purchasable","12":"product-type-simple"},"yoast_head":"<!-- This site is optimized with the Yoast SEO plugin v26.4 - https:\/\/yoast.com\/wordpress\/plugins\/seo\/ -->\n<title>Salanques - \u25b7 Celler Mas Doix | DOQ Priorat | Poboleda<\/title>\n<meta name=\"robots\" content=\"index, follow, max-snippet:-1, max-image-preview:large, max-video-preview:-1\" \/>\n<link rel=\"canonical\" href=\"https:\/\/masdoix.com\/ca\/producte\/salanques-2018\/\" \/>\n<meta property=\"og:locale\" content=\"ca_ES\" \/>\n<meta property=\"og:type\" content=\"article\" \/>\n<meta property=\"og:title\" content=\"Salanques - \u25b7 Celler Mas Doix | DOQ Priorat | Poboleda\" \/>\n<meta property=\"og:description\" content=\"Nota de tast Arom\u00e0tic, equilibrat. Color: cirera, vora granat. Aroma: fruita fresca, herbes silvestres. Boca: fruit\u00f3s, sabor\u00f3s, f\u00e0cil de beure. Guia Pe\u00f1\u00edn \u2013 Octubre 2020 Anyada 2018 Amb una nevada al febrer, el 2018 va ser un any amb abundants pluges a la primavera i la tardor, amb r\u00e8cords molt per sobre de la mitjana. [&hellip;]\" \/>\n<meta property=\"og:url\" content=\"https:\/\/masdoix.com\/ca\/producte\/salanques-2018\/\" \/>\n<meta property=\"og:site_name\" content=\"\u25b7 Celler Mas Doix | DOQ Priorat | Poboleda\" \/>\n<meta property=\"article:modified_time\" content=\"2025-05-14T10:42:18+00:00\" \/>\n<meta property=\"og:image\" content=\"https:\/\/masdoix.com\/wp-content\/uploads\/2021\/09\/salanques-2018.jpg\" \/>\n\t<meta property=\"og:image:width\" content=\"1200\" \/>\n\t<meta property=\"og:image:height\" content=\"1200\" \/>\n\t<meta property=\"og:image:type\" content=\"image\/jpeg\" \/>\n<meta name=\"twitter:card\" content=\"summary_large_image\" \/>\n<!-- \/ Yoast SEO plugin. -->","yoast_head_json":{"title":"Salanques - \u25b7 Celler Mas Doix | DOQ Priorat | Poboleda","robots":{"index":"index","follow":"follow","max-snippet":"max-snippet:-1","max-image-preview":"max-image-preview:large","max-video-preview":"max-video-preview:-1"},"canonical":"https:\/\/masdoix.com\/ca\/producte\/salanques-2018\/","og_locale":"ca_ES","og_type":"article","og_title":"Salanques - \u25b7 Celler Mas Doix | DOQ Priorat | Poboleda","og_description":"Nota de tast Arom\u00e0tic, equilibrat. Color: cirera, vora granat. Aroma: fruita fresca, herbes silvestres. Boca: fruit\u00f3s, sabor\u00f3s, f\u00e0cil de beure. Guia Pe\u00f1\u00edn \u2013 Octubre 2020 Anyada 2018 Amb una nevada al febrer, el 2018 va ser un any amb abundants pluges a la primavera i la tardor, amb r\u00e8cords molt per sobre de la mitjana. [&hellip;]","og_url":"https:\/\/masdoix.com\/ca\/producte\/salanques-2018\/","og_site_name":"\u25b7 Celler Mas Doix | DOQ Priorat | Poboleda","article_modified_time":"2025-05-14T10:42:18+00:00","og_image":[{"width":1200,"height":1200,"url":"https:\/\/masdoix.com\/wp-content\/uploads\/2021\/09\/salanques-2018.jpg","type":"image\/jpeg"}],"twitter_card":"summary_large_image","schema":{"@context":"https:\/\/schema.org","@graph":[]}},"_links":{"self":[{"href":"https:\/\/masdoix.com\/ca\/wp-json\/wp\/v2\/product\/5397","targetHints":{"allow":["GET"]}}],"collection":[{"href":"https:\/\/masdoix.com\/ca\/wp-json\/wp\/v2\/product"}],"about":[{"href":"https:\/\/masdoix.com\/ca\/wp-json\/wp\/v2\/types\/product"}],"wp:featuredmedia":[{"embeddable":true,"href":"https:\/\/masdoix.com\/ca\/wp-json\/wp\/v2\/media\/5558"}],"wp:attachment":[{"href":"https:\/\/masdoix.com\/ca\/wp-json\/wp\/v2\/media?parent=5397"}],"wp:term":[{"taxonomy":"product_brand","embeddable":true,"href":"https:\/\/masdoix.com\/ca\/wp-json\/wp\/v2\/product_brand?post=5397"},{"taxonomy":"product_cat","embeddable":true,"href":"https:\/\/masdoix.com\/ca\/wp-json\/wp\/v2\/product_cat?post=5397"},{"taxonomy":"product_tag","embeddable":true,"href":"https:\/\/masdoix.com\/ca\/wp-json\/wp\/v2\/product_tag?post=5397"},{"taxonomy":"giftcard-category","embeddable":true,"href":"https:\/\/masdoix.com\/ca\/wp-json\/wp\/v2\/giftcard-category?post=5397"}],"curies":[{"name":"wp","href":"https:\/\/api.w.org\/{rel}","templated":true}]}}