{"id":6649,"date":"2022-01-12T22:57:41","date_gmt":"2022-01-12T20:57:48","guid":{"rendered":"https:\/\/masdoix.com\/?post_type=product&#038;p=6649"},"modified":"2023-09-23T07:19:36","modified_gmt":"2023-09-23T05:19:36","slug":"les-crestes-2022","status":"publish","type":"product","link":"https:\/\/masdoix.com\/en\/product\/les-crestes-2022\/","title":{"rendered":"Les Crestes"},"content":{"rendered":"<h3>Tasting note<\/h3>\n<div class=\"page\" title=\"Page 2\">\n<div class=\"layoutArea\">\n<div class=\"column\">\n<ul>\n<li>Color: cherry, violet rim<\/li>\n<li>Nose: fruity expression, red fruit, spicy.<\/li>\n<li>Mouth: tasty, fruity, good acidity, long, long<\/li>\n<\/ul>\n<\/div>\n<\/div>\n<\/div>\n<p><em>Gu\u00eda Pe\u00f1\u00edn 2023 \u2013 July 2023<\/em><\/p>\n<h3>Vintage 2022<\/h3>\n<p>The climate year of 2022 will be remembered as very warm and dry, with temperatures above the average of recent years from May and throughout the summer. The lack of rainfall is also notable. Although the grateful storms in July helped stop the heat stroke, the lack of water became evident. Despite these conditions, the vines showed a firm resistance to water stress, and marked drought only in the basal leaves of the most suffered vineyards, but kept the fruit in perfect condition. With maturity but also with acidity! A year to verify how resilient the Priorat vineyard is!<\/p>\n","protected":false},"excerpt":{"rendered":"<p>Tasting note Color: cherry, violet rim Nose: fruity expression, red fruit, spicy. Mouth: tasty, fruity, good acidity, long, long Gu\u00eda Pe\u00f1\u00edn 2023 \u2013 July 2023 Vintage 2022 The climate year of 2022 will be remembered as very warm and dry, with temperatures above the average of recent years from May and throughout the summer. The [&hellip;]<\/p>\n","protected":false},"featured_media":15358,"template":"","meta":{"_et_pb_use_builder":"","_et_pb_old_content":"","_et_gb_content_width":""},"product_brand":[],"product_cat":[45],"product_tag":[],"giftcard-category":[],"class_list":{"0":"post-6649","1":"product","2":"type-product","3":"status-publish","4":"has-post-thumbnail","6":"product_cat-wines","8":"first","9":"instock","10":"shipping-taxable","11":"purchasable","12":"product-type-simple"},"yoast_head":"<!-- This site is optimized with the Yoast SEO plugin v26.4 - https:\/\/yoast.com\/wordpress\/plugins\/seo\/ -->\n<title>Les Crestes - \u25b7 Celler Mas Doix | DOQ Priorat | Poboleda<\/title>\n<meta name=\"robots\" content=\"index, follow, max-snippet:-1, max-image-preview:large, max-video-preview:-1\" \/>\n<link rel=\"canonical\" href=\"https:\/\/masdoix.com\/en\/product\/les-crestes-2022\/\" \/>\n<meta property=\"og:locale\" content=\"en_US\" \/>\n<meta property=\"og:type\" content=\"article\" \/>\n<meta property=\"og:title\" content=\"Les Crestes - \u25b7 Celler Mas Doix | DOQ Priorat | Poboleda\" \/>\n<meta property=\"og:description\" content=\"Tasting note Color: cherry, violet rim Nose: fruity expression, red fruit, spicy. Mouth: tasty, fruity, good acidity, long, long Gu\u00eda Pe\u00f1\u00edn 2023 \u2013 July 2023 Vintage 2022 The climate year of 2022 will be remembered as very warm and dry, with temperatures above the average of recent years from May and throughout the summer. The [&hellip;]\" \/>\n<meta property=\"og:url\" content=\"https:\/\/masdoix.com\/en\/product\/les-crestes-2022\/\" \/>\n<meta property=\"og:site_name\" content=\"\u25b7 Celler Mas Doix | DOQ Priorat | Poboleda\" \/>\n<meta property=\"article:modified_time\" content=\"2023-09-23T05:19:36+00:00\" \/>\n<meta property=\"og:image\" content=\"https:\/\/masdoix.com\/wp-content\/uploads\/2022\/01\/crestes-2022.jpg\" \/>\n\t<meta property=\"og:image:width\" content=\"1200\" \/>\n\t<meta property=\"og:image:height\" content=\"1200\" \/>\n\t<meta property=\"og:image:type\" content=\"image\/jpeg\" \/>\n<meta name=\"twitter:card\" content=\"summary_large_image\" \/>\n<!-- \/ Yoast SEO plugin. -->","yoast_head_json":{"title":"Les Crestes - \u25b7 Celler Mas Doix | DOQ Priorat | Poboleda","robots":{"index":"index","follow":"follow","max-snippet":"max-snippet:-1","max-image-preview":"max-image-preview:large","max-video-preview":"max-video-preview:-1"},"canonical":"https:\/\/masdoix.com\/en\/product\/les-crestes-2022\/","og_locale":"en_US","og_type":"article","og_title":"Les Crestes - \u25b7 Celler Mas Doix | DOQ Priorat | Poboleda","og_description":"Tasting note Color: cherry, violet rim Nose: fruity expression, red fruit, spicy. Mouth: tasty, fruity, good acidity, long, long Gu\u00eda Pe\u00f1\u00edn 2023 \u2013 July 2023 Vintage 2022 The climate year of 2022 will be remembered as very warm and dry, with temperatures above the average of recent years from May and throughout the summer. The [&hellip;]","og_url":"https:\/\/masdoix.com\/en\/product\/les-crestes-2022\/","og_site_name":"\u25b7 Celler Mas Doix | DOQ Priorat | Poboleda","article_modified_time":"2023-09-23T05:19:36+00:00","og_image":[{"width":1200,"height":1200,"url":"https:\/\/masdoix.com\/wp-content\/uploads\/2022\/01\/crestes-2022.jpg","type":"image\/jpeg"}],"twitter_card":"summary_large_image","schema":{"@context":"https:\/\/schema.org","@graph":[]}},"_links":{"self":[{"href":"https:\/\/masdoix.com\/en\/wp-json\/wp\/v2\/product\/6649","targetHints":{"allow":["GET"]}}],"collection":[{"href":"https:\/\/masdoix.com\/en\/wp-json\/wp\/v2\/product"}],"about":[{"href":"https:\/\/masdoix.com\/en\/wp-json\/wp\/v2\/types\/product"}],"wp:featuredmedia":[{"embeddable":true,"href":"https:\/\/masdoix.com\/en\/wp-json\/wp\/v2\/media\/15358"}],"wp:attachment":[{"href":"https:\/\/masdoix.com\/en\/wp-json\/wp\/v2\/media?parent=6649"}],"wp:term":[{"taxonomy":"product_brand","embeddable":true,"href":"https:\/\/masdoix.com\/en\/wp-json\/wp\/v2\/product_brand?post=6649"},{"taxonomy":"product_cat","embeddable":true,"href":"https:\/\/masdoix.com\/en\/wp-json\/wp\/v2\/product_cat?post=6649"},{"taxonomy":"product_tag","embeddable":true,"href":"https:\/\/masdoix.com\/en\/wp-json\/wp\/v2\/product_tag?post=6649"},{"taxonomy":"giftcard-category","embeddable":true,"href":"https:\/\/masdoix.com\/en\/wp-json\/wp\/v2\/giftcard-category?post=6649"}],"curies":[{"name":"wp","href":"https:\/\/api.w.org\/{rel}","templated":true}]}}