{"id":802,"date":"2020-09-07T11:02:17","date_gmt":"2021-01-11T13:03:05","guid":{"rendered":"https:\/\/masdoix.com\/producte\/1903\/"},"modified":"2021-03-12T14:35:25","modified_gmt":"2021-03-12T12:35:25","slug":"1903","status":"publish","type":"product","link":"https:\/\/masdoix.com\/en\/product\/1903\/","title":{"rendered":"1903"},"content":{"rendered":"<h3>Tasting note<\/h3>\n<p class=\"p1\">\u201cColor: bright cherry, with a garnet edge. Aroma: ripe fruit, dry herbs, creamy oak. Mouth: powerful, ripe fruit, spiced, long, mature tannins, sweet tannins.&#8221;<\/p>\n<p class=\"p1\"><i>Gu\u00eda Pe\u00f1\u00edn \u2013 September 2020<\/i><\/p>\n<h3 class=\"p1\">Vintage<b> <\/b>2017<\/h3>\n<p class=\"p2\">A hot and dry year, marked by average and m<span class=\"s1\">a<\/span>ximum temperatures above the values for the <span class=\"s1\">l<\/span>ast ten years, along with a low level or rains. Nevertheless, <span class=\"s1\">i<\/span>t wa<span class=\"s1\">s<\/span> under these conditions that our vineyards and v<span class=\"s1\">i<\/span>nes showed our incred<span class=\"s1\">i<\/span>ble capacity, not on<span class=\"s1\">l<\/span>y to survive, b<span class=\"s1\">u<\/span>t al<span class=\"s1\">s<\/span>o to give us a small amount of extremely h<span class=\"s1\">i<\/span>gh quality. One of the earli<span class=\"s1\">e<\/span>st, short harvests that we can remember.<\/p>\n","protected":false},"excerpt":{"rendered":"<p>Tasting note \u201cColor: bright cherry, with a garnet edge. Aroma: ripe fruit, dry herbs, creamy oak. Mouth: powerful, ripe fruit, spiced, long, mature tannins, sweet tannins.&#8221; Gu\u00eda Pe\u00f1\u00edn \u2013 September 2020 Vintage 2017 A hot and dry year, marked by average and maximum temperatures above the values for the last ten years, along with a [&hellip;]<\/p>\n","protected":false},"featured_media":0,"template":"","meta":{"_et_pb_use_builder":"","_et_pb_old_content":"","_et_gb_content_width":""},"product_brand":[],"product_cat":[45],"product_tag":[47],"giftcard-category":[],"class_list":{"0":"post-802","1":"product","2":"type-product","3":"status-publish","5":"product_cat-wines","6":"product_tag-ambassadors-en","8":"first","9":"instock","10":"shipping-taxable","11":"purchasable","12":"product-type-simple"},"yoast_head":"<!-- This site is optimized with the Yoast SEO plugin v26.4 - https:\/\/yoast.com\/wordpress\/plugins\/seo\/ -->\n<title>1903 - \u25b7 Celler Mas Doix | DOQ Priorat | Poboleda<\/title>\n<meta name=\"robots\" content=\"index, follow, max-snippet:-1, max-image-preview:large, max-video-preview:-1\" \/>\n<link rel=\"canonical\" href=\"https:\/\/masdoix.com\/en\/product\/1903\/\" \/>\n<meta property=\"og:locale\" content=\"en_US\" \/>\n<meta property=\"og:type\" content=\"article\" \/>\n<meta property=\"og:title\" content=\"1903 - \u25b7 Celler Mas Doix | DOQ Priorat | Poboleda\" \/>\n<meta property=\"og:description\" content=\"Tasting note \u201cColor: bright cherry, with a garnet edge. Aroma: ripe fruit, dry herbs, creamy oak. Mouth: powerful, ripe fruit, spiced, long, mature tannins, sweet tannins.&#8221; Gu\u00eda Pe\u00f1\u00edn \u2013 September 2020 Vintage 2017 A hot and dry year, marked by average and maximum temperatures above the values for the last ten years, along with a [&hellip;]\" \/>\n<meta property=\"og:url\" content=\"https:\/\/masdoix.com\/en\/product\/1903\/\" \/>\n<meta property=\"og:site_name\" content=\"\u25b7 Celler Mas Doix | DOQ Priorat | Poboleda\" \/>\n<meta property=\"article:modified_time\" content=\"2021-03-12T12:35:25+00:00\" \/>\n<meta name=\"twitter:card\" content=\"summary_large_image\" \/>\n<!-- \/ Yoast SEO plugin. -->","yoast_head_json":{"title":"1903 - \u25b7 Celler Mas Doix | DOQ Priorat | Poboleda","robots":{"index":"index","follow":"follow","max-snippet":"max-snippet:-1","max-image-preview":"max-image-preview:large","max-video-preview":"max-video-preview:-1"},"canonical":"https:\/\/masdoix.com\/en\/product\/1903\/","og_locale":"en_US","og_type":"article","og_title":"1903 - \u25b7 Celler Mas Doix | DOQ Priorat | Poboleda","og_description":"Tasting note \u201cColor: bright cherry, with a garnet edge. Aroma: ripe fruit, dry herbs, creamy oak. Mouth: powerful, ripe fruit, spiced, long, mature tannins, sweet tannins.&#8221; Gu\u00eda Pe\u00f1\u00edn \u2013 September 2020 Vintage 2017 A hot and dry year, marked by average and maximum temperatures above the values for the last ten years, along with a [&hellip;]","og_url":"https:\/\/masdoix.com\/en\/product\/1903\/","og_site_name":"\u25b7 Celler Mas Doix | DOQ Priorat | Poboleda","article_modified_time":"2021-03-12T12:35:25+00:00","twitter_card":"summary_large_image","schema":{"@context":"https:\/\/schema.org","@graph":[]}},"_links":{"self":[{"href":"https:\/\/masdoix.com\/en\/wp-json\/wp\/v2\/product\/802","targetHints":{"allow":["GET"]}}],"collection":[{"href":"https:\/\/masdoix.com\/en\/wp-json\/wp\/v2\/product"}],"about":[{"href":"https:\/\/masdoix.com\/en\/wp-json\/wp\/v2\/types\/product"}],"wp:attachment":[{"href":"https:\/\/masdoix.com\/en\/wp-json\/wp\/v2\/media?parent=802"}],"wp:term":[{"taxonomy":"product_brand","embeddable":true,"href":"https:\/\/masdoix.com\/en\/wp-json\/wp\/v2\/product_brand?post=802"},{"taxonomy":"product_cat","embeddable":true,"href":"https:\/\/masdoix.com\/en\/wp-json\/wp\/v2\/product_cat?post=802"},{"taxonomy":"product_tag","embeddable":true,"href":"https:\/\/masdoix.com\/en\/wp-json\/wp\/v2\/product_tag?post=802"},{"taxonomy":"giftcard-category","embeddable":true,"href":"https:\/\/masdoix.com\/en\/wp-json\/wp\/v2\/giftcard-category?post=802"}],"curies":[{"name":"wp","href":"https:\/\/api.w.org\/{rel}","templated":true}]}}