{"id":717,"date":"2021-01-08T13:29:23","date_gmt":"2021-01-08T11:29:23","guid":{"rendered":"https:\/\/masdoix.com\/avis-legal\/"},"modified":"2025-07-01T12:02:11","modified_gmt":"2025-07-01T10:02:11","slug":"avis-legal","status":"publish","type":"page","link":"https:\/\/masdoix.com\/es\/avis-legal\/","title":{"rendered":"Aviso legal"},"content":{"rendered":"<h3>1. Titularidad de la p\u00e1gina web<\/h3>\n<p>El titular de este sitio web es Celler Mas Doix SL, con CIF B-43568617 y domicilio social Carretera T-702, km4, 43376, Poboleda (Tarragona). El correo electr\u00f3nico de contacto es <a href=\"mailto:info@masdoix.com\">info@masdoix.com<\/a>.<\/p>\n<p>Inscrita en el Registro Mercantil de Tarragona, tomo 1480, folio 180, hoja T-18424, inscripci\u00f3n 1\u00aa.<\/p>\n<h3>2. Condiciones generales de utilizaci\u00f3n y aceptaci\u00f3n de las mismas<\/h3>\n<p>Las presentes condiciones generales de utilizaci\u00f3n de la p\u00e1gina Web junto con las condiciones particulares que puedan establecerse, tienen por finalidad la regulaci\u00f3n e informaci\u00f3n a los usuarios de los servicios que presta Celler Mas Doix y la regulaci\u00f3n del uso de la p\u00e1gina Web.<\/p>\n<p>La navegaci\u00f3n y la utilizaci\u00f3n de los servicios de la p\u00e1gina Web suponen la aceptaci\u00f3n como Usuario y sin reservas de ning\u00fan tipo, de todas las condiciones generales de utilizaci\u00f3n, de las condiciones generales de contrataci\u00f3n si las hubiera y cualesquiera otras que puedan existir en relaci\u00f3n con la prestaci\u00f3n de servicios de Celler Mas Doix.<\/p>\n<p>Celler Mas Doix podr\u00e1 en todo momento y sin previo aviso, modificar las presentes condiciones generales y las condiciones particulares que se incluyan mediante la publicaci\u00f3n de las citadas modificaciones en la p\u00e1gina Web a fin de que sean conocidas con car\u00e1cter previo por los usuarios. Cualquier cambio que se produzca en \u00e9stas ser\u00e1 comunicado en la p\u00e1gina principal de la Web durante un plazo que se entienda razonable.<\/p>\n<p>Condiciones generales de utilizaci\u00f3n de la p\u00e1gina web<\/p>\n<p>Acceso a la web y contrase\u00f1as<\/p>\n<p>Los datos de los Usuarios obtenidos a trav\u00e9s de la suscripci\u00f3n a la presente Web, est\u00e1n protegidos mediante contrase\u00f1as elegidas por ellos mismos. El Usuario se compromete a mantener su contrase\u00f1a en secreto y a protegerla de usos no autorizados por terceros. En el caso de que fuera revelada a terceros, el Usuario ser\u00e1 responsable del uso que hagan del servicio estos terceros. Asimismo, deber\u00e1 notificar a Celler Mas Doix inmediatamente cualquier uso no consentido de su cuenta o cualquier violaci\u00f3n de la seguridad relacionada con el servicio de la p\u00e1gina web, de la que haya tenido conocimiento.<\/p>\n<p>En Internet no existe la seguridad absoluta, pero Celler Mas Doix adopta las medidas t\u00e9cnicas y organizativas necesarias para garantizar la protecci\u00f3n de los datos de car\u00e1cter personal y evitar su alteraci\u00f3n, p\u00e9rdida, tratamiento y\/o acceso no autorizado, habida cuenta del estado de la t\u00e9cnica, la naturaleza de los datos almacenados y los riesgos a que est\u00e1n expuestos, todo ello, conforme a lo establecido por la legislaci\u00f3n espa\u00f1ola de Protecci\u00f3n de Datos de Car\u00e1cter Personal.<\/p>\n<p>Celler Mas Doix no se hace responsable frente a los Usuarios, por la revelaci\u00f3n de sus datos personales a terceros que no sea debida a causas directamente imputables a Celler Mas Doix, ni por el uso que de tales datos hagan terceros ajenos a Celler Mas Doix.<\/p>\n<h3>3. Pol\u00edtica de protecci\u00f3n de datos de car\u00e1cter personal<\/h3>\n<p>3.1. Informaci\u00f3n y finalidad<\/p>\n<p>La respuesta total o parcial a los formularios de esta Web es totalmente voluntaria y la no respuesta no tiene consecuencias.<\/p>\n<p>Si desea ampliar la informaci\u00f3n sobre el tratamiento de sus datos de car\u00e1cter personal acceda a nuestra pol\u00edtica de privacidad a trav\u00e9s del siguiente enlace: pol\u00edtica de Privacidad.<\/p>\n<p>3.2. Consentimiento del Usuario y env\u00edo de comunicaciones comerciales por v\u00eda electr\u00f3nica (art. 22 Ley 34\/2002 de Servicios de la Sociedad de la Informaci\u00f3n y de Comercio Electr\u00f3nico)<\/p>\n<p>Siempre que el Usuario expresamente lo solicite, Celler Mas Doix podr\u00e1 enviar comunicaciones comerciales por cualquier medio con pleno respeto a la legislaci\u00f3n que en materia de protecci\u00f3n de datos personales se encuentre vigente.<\/p>\n<p>El Usuario podr\u00e1 revocar, en cualquier momento, el consentimiento para la recepci\u00f3n mediante correo electr\u00f3nico de informaciones publicitarias o promocionales. Para ello ser\u00e1 suficiente con que lo notifique a Celler Mas Doix mediante el env\u00edo de un mensaje a la direcci\u00f3n de correo electr\u00f3nico que se indica a continuaci\u00f3n: masdoix@masdoix.noubit.info indicando claramente que NO DESEA RECIBIR COMUNICACIONES COMERCIALES POR CORREO ELECTR\u00d3NICO.<\/p>\n<h3>4. Propiedad Industrial e Intelectual. Pol\u00edtica de hiperenlaces<\/h3>\n<p>4.1. Todos los contenidos incluidos en la p\u00e1gina Web y en particular las marcas, nombres comerciales, dise\u00f1os industriales, dise\u00f1os, textos, fotograf\u00edas, gr\u00e1ficos, logotipos, iconos, software o cualesquiera otros signos susceptibles de utilizaci\u00f3n industrial y comercial est\u00e1n protegidos por derechos de propiedad industrial e intelectual de Celler Mas Doix o de terceros titulares de los mismos que han autorizado su inclusi\u00f3n en la p\u00e1gina Web. Queda por lo tanto prohibida cualquier reproducci\u00f3n, copia, comunicaci\u00f3n p\u00fablica, distribuci\u00f3n, modificaci\u00f3n, transformaci\u00f3n, supresi\u00f3n, manipulaci\u00f3n y cualquier otra forma de utilizaci\u00f3n, con o sin \u00e1nimo de lucro, de los mismos sin consentimiento expreso de Celler Mas Doix a trav\u00e9s de cualquier medio incluyendo Internet (nombres de dominio, redes sociales, blogs, etc).<\/p>\n<p>4.2. Celler Mas Doix no ser\u00e1 responsable de la infracci\u00f3n de los derechos de propiedad intelectual o industrial de terceros que pudieran derivarse de la inclusi\u00f3n en la p\u00e1gina Web de marcas, nombres comerciales, dise\u00f1os industriales, patentes, dise\u00f1os, textos, fotograf\u00edas, gr\u00e1ficos, logotipos, iconos o software pertenecientes a terceros que hayan declarado ser titulares de los mismos al incluirlos en la p\u00e1gina Web. Tampoco se hace responsable de las opiniones y comentarios vertidos por los usuarios en sus blogs o redes sociales sin perjuicio de las acciones que pueda ejercitar para eliminar dichas opiniones y comentarios cuando resulten contrarias a la Ley.<\/p>\n<p>4.3. Celler Mas Doix podr\u00e1 utilizar los contenidos facilitados por los usuarios (fotograf\u00edas, videos, etc) de forma razonable y con estricto respeto a los derechos de propiedad intelectual.<\/p>\n<p>4.4. En ning\u00fan caso se entender\u00e1 que el acceso y la navegaci\u00f3n del Usuario implica una autorizaci\u00f3n o que se efect\u00faa renuncia, transmisi\u00f3n, cesi\u00f3n total o parcial de dichos derechos ni la concesi\u00f3n de ning\u00fan derecho ni expectativa de derecho y en concreto, de la alteraci\u00f3n, transformaci\u00f3n, explotaci\u00f3n, reproducci\u00f3n, distribuci\u00f3n o comunicaci\u00f3n p\u00fablica sobre dichos contenidos sin la previa autorizaci\u00f3n expresa de Celler Mas Doix o de los titulares correspondientes.<\/p>\n<p>4.5. No obstante todo lo anterior, aquellas personas que consideren infringidos sus derechos de propiedad intelectual o industrial por alguno de los contenidos de esta Web podr\u00e1n denunciar tales contenidos mediante escrito dirigido a Celler Mas Doix S.L. Carretera T-702, Km. 4 &#8211; 43376 Poboleda, Catalu\u00f1a.<\/p>\n<p>4.6. Celler Mas Doix puede poner a disposici\u00f3n del Usuario hiperv\u00ednculos a Webs titularidad de terceros, relacionados o no con Celler Mas Doix. En ning\u00fan caso Celler Mas Doix ser\u00e1 responsable del contenido de las p\u00e1ginas Web de destino que se establezcan mediante v\u00ednculos en la p\u00e1gina Web, su funcionamiento o accesibilidad, el mantenimiento de los contenidos, calidad de los mismos, ni tampoco de las infracciones de derechos de terceros en las que dichas p\u00e1ginas pudieran incurrir.<\/p>\n<p>4.7. Celler Mas Doix autoriza el establecimiento de v\u00ednculos a su Portal desde cualesquiera otras p\u00e1ginas Web. Los enlaces que se establezcan deber\u00e1n siempre hacerse a la p\u00e1gina principal de Celler Mas Doix, o en su caso, a aqu\u00e9lla que la propia Celler Mas Doix establezca. Dicho enlace \u00fanicamente permitir\u00e1 el acceso a la Web, sin que la reproduzca de ninguna forma, o cree browser o border envirenment sobre la misma. Asimismo, no podr\u00e1n hacerse manifestaciones falsas, inexactas o incorrectas sobre esta Web o sus contenidos, ni en ning\u00fan caso declarar que Celler Mas Doix ha autorizado, supervisado o asumido el enlace.<\/p>\n<p>4.8. Asimismo, a excepci\u00f3n de aquellos signos que formen parte del mismo enlace, se proh\u00edbe que la Web que establezca el enlace con esta Web contenga ninguna marca, nombre comercial, r\u00f3tulo de establecimiento, denominaci\u00f3n, logotipo, eslogan u otros signos distintivos pertenecientes a Celler Mas Doix.<\/p>\n<p>Se proh\u00edbe especialmente la utilizaci\u00f3n de cualesquiera marcas, nombres, nombres comerciales, r\u00f3tulos, esl\u00f3ganes, denominaciones y otros signos distintivos pertenecientes a Celler Mas Doix en las keywords de ninguna Web ajena sin la previa autorizaci\u00f3n expresa de Celler Mas Doix espec\u00edficamente para ello.<\/p>\n<h3>5. Responsabilidad de Celler Mas Doix<\/h3>\n<p>El Usuario reconoce y acepta que la utilizaci\u00f3n de la p\u00e1gina Web y de sus servicios se realiza bajo su entera responsabilidad.<\/p>\n<p>En aquellos apartados de la Web en los que los usuarios puedan aportar contenidos, Celler Mas Doix se reserva el derecho de suprimir aquellos que puedan afectar negativamente a sus marcas o ser contrarios a la Ley, el orden p\u00fablico o las buenas costumbres.<\/p>\n<p>Celler Mas Doix \u00fanicamente responder\u00e1 de los da\u00f1os que el Usuario pueda sufrir como consecuencia de la utilizaci\u00f3n de la p\u00e1gina Web cuando dichos da\u00f1os sean imputables a una actuaci\u00f3n dolosa de Celler Mas Doix.<\/p>\n<p>No obstante, Celler Mas Doix declara haber adoptado todas las medidas necesarias, dentro de sus posibilidades y del estado de la tecnolog\u00eda, para garantizar el funcionamiento de la p\u00e1gina Web y evitar la existencia y transmisi\u00f3n de virus y otros componentes que puedan perjudicar al Usuario.<\/p>\n<h3>6. Obligaciones del Usuario<\/h3>\n<p>El Usuario se obliga a usar los contenidos de la p\u00e1gina Web de forma diligente, correcta y l\u00edcita y se compromete a abstenerse de:<\/p>\n<ol>\n<li>a) Utilizar los contenidos con fines o efectos contrarios a la ley, a la moral y a las buenas costumbres o al orden p\u00fablico.<\/li>\n<li>b) Reproducir, copiar, distribuir, permitir el acceso del p\u00fablico a trav\u00e9s de cualquier modalidad de comunicaci\u00f3n p\u00fablica, transformar o modificar los contenidos, a menos que se cuente con la correspondiente autorizaci\u00f3n de su titular.<\/li>\n<li>c) Utilizar los contenidos de la p\u00e1gina Web para remitir publicidad, comunicaciones con fines de venta directa o con cualquier otra clase de finalidad comercial, mensajes no solicitados dirigidos a una pluralidad de personas con independencia de su finalidad, as\u00ed como a abstenerse de comercializar o divulgar de cualquier modo dicha informaci\u00f3n.<\/li>\n<li>d) Utilizar los v\u00ednculos, invitaciones a redes sociales, blogs y cualesquiera redes y medios telem\u00e1ticos facilitados a trav\u00e9s de esta web de forma il\u00edcita.<\/li>\n<\/ol>\n<h3>7. Legislaci\u00f3n aplicable<\/h3>\n<p>Las relaciones establecidas entre el Usuario y el titular de la p\u00e1gina Web se regir\u00e1n por lo dispuesto en la normativa vigente acerca de la legislaci\u00f3n aplicable y la jurisdicci\u00f3n competente. No obstante, para los casos en los que la normativa permita la posibilidad a las partes de someterse voluntariamente a un fuero, Celler Mas Doix y el Usuario, con renuncia expresa a cualquier otro fuero que pudiera corresponderles, se someten a los Juzgados y Tribunales del Usuario.<\/p>\n<h3>8. Redes sociales<\/h3>\n<p>El usuario podr\u00e1 unirse a los grupos que Celler Mas Doix tiene en distintas redes sociales. El usuario que se haga fan de alguno de estos Grupos, acepta las condiciones de uso y pol\u00edtica de privacidad de la red social correspondiente, sin que sea responsabilidad de Celler Mas Doix.<\/p>\n","protected":false},"excerpt":{"rendered":"<p>1. Titularidad de la p\u00e1gina web El titular de este sitio web es Celler Mas Doix SL, con CIF B-43568617 y domicilio social Carretera T-702, km4, 43376, Poboleda (Tarragona). El correo electr\u00f3nico de contacto es info@masdoix.com. Inscrita en el Registro Mercantil de Tarragona, tomo 1480, folio 180, hoja T-18424, inscripci\u00f3n 1\u00aa. 2. Condiciones generales de [&hellip;]<\/p>\n","protected":false},"author":173,"featured_media":0,"parent":0,"menu_order":0,"comment_status":"closed","ping_status":"closed","template":"","meta":{"_et_pb_use_builder":"","_et_pb_old_content":"","_et_gb_content_width":"","footnotes":""},"class_list":["post-717","page","type-page","status-publish","hentry"],"yoast_head":"<!-- This site is optimized with the Yoast SEO plugin v26.4 - https:\/\/yoast.com\/wordpress\/plugins\/seo\/ -->\n<title>Aviso legal - \u25b7 Celler Mas Doix | DOQ Priorat | Poboleda<\/title>\n<meta name=\"robots\" content=\"index, follow, max-snippet:-1, max-image-preview:large, max-video-preview:-1\" \/>\n<link rel=\"canonical\" href=\"https:\/\/masdoix.com\/es\/avis-legal\/\" \/>\n<meta property=\"og:locale\" content=\"es_ES\" \/>\n<meta property=\"og:type\" content=\"article\" \/>\n<meta property=\"og:title\" content=\"Aviso legal - \u25b7 Celler Mas Doix | DOQ Priorat | Poboleda\" \/>\n<meta property=\"og:description\" content=\"1. Titularidad de la p\u00e1gina web El titular de este sitio web es Celler Mas Doix SL, con CIF B-43568617 y domicilio social Carretera T-702, km4, 43376, Poboleda (Tarragona). El correo electr\u00f3nico de contacto es info@masdoix.com. Inscrita en el Registro Mercantil de Tarragona, tomo 1480, folio 180, hoja T-18424, inscripci\u00f3n 1\u00aa. 2. Condiciones generales de [&hellip;]\" \/>\n<meta property=\"og:url\" content=\"https:\/\/masdoix.com\/es\/avis-legal\/\" \/>\n<meta property=\"og:site_name\" content=\"\u25b7 Celler Mas Doix | DOQ Priorat | Poboleda\" \/>\n<meta property=\"article:modified_time\" content=\"2025-07-01T10:02:11+00:00\" \/>\n<meta name=\"twitter:card\" content=\"summary_large_image\" \/>\n<!-- \/ Yoast SEO plugin. -->","yoast_head_json":{"title":"Aviso legal - \u25b7 Celler Mas Doix | DOQ Priorat | Poboleda","robots":{"index":"index","follow":"follow","max-snippet":"max-snippet:-1","max-image-preview":"max-image-preview:large","max-video-preview":"max-video-preview:-1"},"canonical":"https:\/\/masdoix.com\/es\/avis-legal\/","og_locale":"es_ES","og_type":"article","og_title":"Aviso legal - \u25b7 Celler Mas Doix | DOQ Priorat | Poboleda","og_description":"1. Titularidad de la p\u00e1gina web El titular de este sitio web es Celler Mas Doix SL, con CIF B-43568617 y domicilio social Carretera T-702, km4, 43376, Poboleda (Tarragona). El correo electr\u00f3nico de contacto es info@masdoix.com. Inscrita en el Registro Mercantil de Tarragona, tomo 1480, folio 180, hoja T-18424, inscripci\u00f3n 1\u00aa. 2. Condiciones generales de [&hellip;]","og_url":"https:\/\/masdoix.com\/es\/avis-legal\/","og_site_name":"\u25b7 Celler Mas Doix | DOQ Priorat | Poboleda","article_modified_time":"2025-07-01T10:02:11+00:00","twitter_card":"summary_large_image","schema":{"@context":"https:\/\/schema.org","@graph":[]}},"_links":{"self":[{"href":"https:\/\/masdoix.com\/es\/wp-json\/wp\/v2\/pages\/717","targetHints":{"allow":["GET"]}}],"collection":[{"href":"https:\/\/masdoix.com\/es\/wp-json\/wp\/v2\/pages"}],"about":[{"href":"https:\/\/masdoix.com\/es\/wp-json\/wp\/v2\/types\/page"}],"author":[{"embeddable":true,"href":"https:\/\/masdoix.com\/es\/wp-json\/wp\/v2\/users\/173"}],"replies":[{"embeddable":true,"href":"https:\/\/masdoix.com\/es\/wp-json\/wp\/v2\/comments?post=717"}],"version-history":[{"count":8,"href":"https:\/\/masdoix.com\/es\/wp-json\/wp\/v2\/pages\/717\/revisions"}],"predecessor-version":[{"id":23933,"href":"https:\/\/masdoix.com\/es\/wp-json\/wp\/v2\/pages\/717\/revisions\/23933"}],"wp:attachment":[{"href":"https:\/\/masdoix.com\/es\/wp-json\/wp\/v2\/media?parent=717"}],"curies":[{"name":"wp","href":"https:\/\/api.w.org\/{rel}","templated":true}]}}