{"id":828,"date":"2021-01-11T15:43:10","date_gmt":"2021-01-11T13:43:10","guid":{"rendered":"https:\/\/masdoix.com\/politica-de-privacidad\/"},"modified":"2025-07-01T13:01:27","modified_gmt":"2025-07-01T11:01:27","slug":"politica-de-privacidad","status":"publish","type":"page","link":"https:\/\/masdoix.com\/es\/politica-de-privacidad\/","title":{"rendered":"Pol\u00edtica de privacidad"},"content":{"rendered":"<p><span style=\"font-weight: 400;\">En cumplimiento de la normativa vigente en materia de protecci\u00f3n de datos personales (Ley Org\u00e1nica 15\/1999, de 13 de diciembre, de Protecci\u00f3n de Datos de Car\u00e1cter Personal, en adelante LOPD), Celler Mas Doix S.L. le informa que los datos de car\u00e1cter personal recabados en los formularios contenidos en este sitio , as\u00ed como aquellos datos a los que Celler Mas Doix S.L. acceda como consecuencia de su navegaci\u00f3n, consulta, solicitud o contrataci\u00f3n, o de cualquier transacci\u00f3n u operaci\u00f3n realizada desde este sitio Web, ser\u00e1n recogidos en ficheros cuyo responsable es Celler Mas Doix S.L. Esta Pol\u00edtica de Privacidad puede ser revisada con el fin de actualizar los cambios en la legislaci\u00f3n vigente, actualizar nuestros procedimientos de recogida y uso de la informaci\u00f3n de car\u00e1cter personal, la aparici\u00f3n de nuevos servicios o la exclusi\u00f3n de otros. Estos cambios ser\u00e1n vigentes a partir de su publicaci\u00f3n en la web, por lo que es importante que revise regularmente esta Pol\u00edtica de Privacidad con el fin de permanecer informado sobre los cambios habidos.<\/span><\/p>\n<p><b>Finalidad<\/b><span style=\"font-weight: 400;\"><br \/>\n<\/span><span style=\"font-weight: 400;\">La recogida y tratamiento de los datos personales recabados a trav\u00e9s de este sitio Web se realiza con la finalidad de llevar a cabo la prestaci\u00f3n de los servicios que Celler Mas Doix S.L. ofrece a trav\u00e9s de estas p\u00e1ginas, as\u00ed como para facilitarle informaci\u00f3n sobre las actividades y noticias propias de Celler Mas Doix S.L. que pudieran resultar de su inter\u00e9s, Celler Mas Doix, S.L. no utilizar\u00e1 los datos personales para finalidades adicionales.<\/span><\/p>\n<p><b>Veracidad de los datos<\/b><span style=\"font-weight: 400;\"><br \/>\n<\/span><span style=\"font-weight: 400;\">El Usuario garantiza que los datos personales facilitados a Celler Mas Doix S.L. son veraces y se hace responsable de comunicar al mismo cualquier modificaci\u00f3n.<\/span><\/p>\n<p><b>Consentimiento del Usuario<\/b><span style=\"font-weight: 400;\"><br \/>\n<\/span><span style=\"font-weight: 400;\">El env\u00edo de los datos personales mediante los formularios disponibles en esta Web o, en su caso, el env\u00edo de mensajes por correo electr\u00f3nico solicitando informaci\u00f3n o servicios, supone el consentimiento del Usuario para que sus datos personales sean utilizados de acuerdo con las finalidades anteriormente mencionadas y la aceptaci\u00f3n de esta Pol\u00edtica de Privacidad.<\/span><\/p>\n<p><b>Derechos de acceso, rectificaci\u00f3n, oposici\u00f3n y cancelaci\u00f3n de los Usuarios<\/b><span style=\"font-weight: 400;\"><br \/>\n<\/span><span style=\"font-weight: 400;\">El Usuario podr\u00e1 ejercer sus derechos de acceso, rectificaci\u00f3n, oposici\u00f3n y cancelaci\u00f3n al tratamiento de sus datos personales, en los t\u00e9rminos y condiciones previstos en la LOPD, dirigiendo su solicitud firmada incluyendo copia de su DNI a:<\/span><span style=\"font-weight: 400;\"><br \/>\n<\/span><span style=\"font-weight: 400;\">Celler Mas Doix S.A. \u2013 Protecci\u00f3n de Datos<\/span><span style=\"font-weight: 400;\"><br \/>\n<\/span><span style=\"font-weight: 400;\">Bodega Mas Doix Carretera T-702, Km. 4 &#8211; 43376 Poboleda, Catalu\u00f1a.<\/span><span style=\"font-weight: 400;\"><br \/>\n<\/span><span style=\"font-weight: 400;\">Contacto: <a href=\"mailto:info@masdoix.com\">info@masdoix.com<\/a><\/span><\/p>\n<p><span style=\"font-weight: 400;\">Puede resolver cualquier duda o pregunta acerca de esta Pol\u00edtica de Privacidad poni\u00e9ndose en contacto con nosotros a trav\u00e9s de: <a href=\"mailto:info@masdoix.com\">info@masdoix.com<\/a><\/span><\/p>\n<p><b>Seguridad<\/b><span style=\"font-weight: 400;\"><br \/>\n<\/span><span style=\"font-weight: 400;\">Celler Mas Doix S.L. se compromete a tratar de forma absolutamente confidencial los datos de car\u00e1cter personal y a hacer uso de los mismos exclusivamente para las finalidades indicadas. Asimismo, garantiza que ha adoptado las medidas oportunas de \u00edndole t\u00e9cnica, administrativa y organizativa en sus instalaciones, sistemas y procesos, necesarias para garantizar la seguridad de sus datos de car\u00e1cter personal y evitar su alteraci\u00f3n, p\u00e9rdida, robo, divulgaci\u00f3n o uso no autorizado. Todo ello, de conformidad con lo previsto en el art\u00edculo 9 de la LOPD y en el Real Decreto 1720\/2007, de 21 de diciembre, por el que se aprueba el Reglamento de desarrollo de la LOPD.<\/span><\/p>\n","protected":false},"excerpt":{"rendered":"<p>En cumplimiento de la normativa vigente en materia de protecci\u00f3n de datos personales (Ley Org\u00e1nica 15\/1999, de 13 de diciembre, de Protecci\u00f3n de Datos de Car\u00e1cter Personal, en adelante LOPD), Celler Mas Doix S.L. le informa que los datos de car\u00e1cter personal recabados en los formularios contenidos en este sitio , as\u00ed como aquellos datos [&hellip;]<\/p>\n","protected":false},"author":173,"featured_media":0,"parent":0,"menu_order":0,"comment_status":"closed","ping_status":"closed","template":"","meta":{"_et_pb_use_builder":"","_et_pb_old_content":"","_et_gb_content_width":"","footnotes":""},"class_list":["post-828","page","type-page","status-publish","hentry"],"yoast_head":"<!-- This site is optimized with the Yoast SEO plugin v26.4 - https:\/\/yoast.com\/wordpress\/plugins\/seo\/ -->\n<title>Pol\u00edtica de privacidad - \u25b7 Celler Mas Doix | DOQ Priorat | Poboleda<\/title>\n<meta name=\"robots\" content=\"index, follow, max-snippet:-1, max-image-preview:large, max-video-preview:-1\" \/>\n<link rel=\"canonical\" href=\"https:\/\/masdoix.com\/es\/politica-de-privacidad\/\" \/>\n<meta property=\"og:locale\" content=\"es_ES\" \/>\n<meta property=\"og:type\" content=\"article\" \/>\n<meta property=\"og:title\" content=\"Pol\u00edtica de privacidad - \u25b7 Celler Mas Doix | DOQ Priorat | Poboleda\" \/>\n<meta property=\"og:description\" content=\"En cumplimiento de la normativa vigente en materia de protecci\u00f3n de datos personales (Ley Org\u00e1nica 15\/1999, de 13 de diciembre, de Protecci\u00f3n de Datos de Car\u00e1cter Personal, en adelante LOPD), Celler Mas Doix S.L. le informa que los datos de car\u00e1cter personal recabados en los formularios contenidos en este sitio , as\u00ed como aquellos datos [&hellip;]\" \/>\n<meta property=\"og:url\" content=\"https:\/\/masdoix.com\/es\/politica-de-privacidad\/\" \/>\n<meta property=\"og:site_name\" content=\"\u25b7 Celler Mas Doix | DOQ Priorat | Poboleda\" \/>\n<meta property=\"article:modified_time\" content=\"2025-07-01T11:01:27+00:00\" \/>\n<meta name=\"twitter:card\" content=\"summary_large_image\" \/>\n<!-- \/ Yoast SEO plugin. -->","yoast_head_json":{"title":"Pol\u00edtica de privacidad - \u25b7 Celler Mas Doix | DOQ Priorat | Poboleda","robots":{"index":"index","follow":"follow","max-snippet":"max-snippet:-1","max-image-preview":"max-image-preview:large","max-video-preview":"max-video-preview:-1"},"canonical":"https:\/\/masdoix.com\/es\/politica-de-privacidad\/","og_locale":"es_ES","og_type":"article","og_title":"Pol\u00edtica de privacidad - \u25b7 Celler Mas Doix | DOQ Priorat | Poboleda","og_description":"En cumplimiento de la normativa vigente en materia de protecci\u00f3n de datos personales (Ley Org\u00e1nica 15\/1999, de 13 de diciembre, de Protecci\u00f3n de Datos de Car\u00e1cter Personal, en adelante LOPD), Celler Mas Doix S.L. le informa que los datos de car\u00e1cter personal recabados en los formularios contenidos en este sitio , as\u00ed como aquellos datos [&hellip;]","og_url":"https:\/\/masdoix.com\/es\/politica-de-privacidad\/","og_site_name":"\u25b7 Celler Mas Doix | DOQ Priorat | Poboleda","article_modified_time":"2025-07-01T11:01:27+00:00","twitter_card":"summary_large_image","schema":{"@context":"https:\/\/schema.org","@graph":[]}},"_links":{"self":[{"href":"https:\/\/masdoix.com\/es\/wp-json\/wp\/v2\/pages\/828","targetHints":{"allow":["GET"]}}],"collection":[{"href":"https:\/\/masdoix.com\/es\/wp-json\/wp\/v2\/pages"}],"about":[{"href":"https:\/\/masdoix.com\/es\/wp-json\/wp\/v2\/types\/page"}],"author":[{"embeddable":true,"href":"https:\/\/masdoix.com\/es\/wp-json\/wp\/v2\/users\/173"}],"replies":[{"embeddable":true,"href":"https:\/\/masdoix.com\/es\/wp-json\/wp\/v2\/comments?post=828"}],"version-history":[{"count":3,"href":"https:\/\/masdoix.com\/es\/wp-json\/wp\/v2\/pages\/828\/revisions"}],"predecessor-version":[{"id":23940,"href":"https:\/\/masdoix.com\/es\/wp-json\/wp\/v2\/pages\/828\/revisions\/23940"}],"wp:attachment":[{"href":"https:\/\/masdoix.com\/es\/wp-json\/wp\/v2\/media?parent=828"}],"curies":[{"name":"wp","href":"https:\/\/api.w.org\/{rel}","templated":true}]}}