{"id":830,"date":"2021-01-11T15:43:10","date_gmt":"2021-01-11T13:43:10","guid":{"rendered":"https:\/\/masdoix.com\/politica-de-cookies\/"},"modified":"2021-04-09T17:35:37","modified_gmt":"2021-04-09T15:35:37","slug":"politica-de-cookies","status":"publish","type":"page","link":"https:\/\/masdoix.com\/es\/politica-de-cookies\/","title":{"rendered":"Pol\u00edtica de cookies"},"content":{"rendered":"<p><span style=\"font-weight: 400;\">Esta p\u00e1gina web usa cookies<\/span><\/p>\n<p><span style=\"font-weight: 400;\">Utilizamos cookies propias y de terceros para analizar y entender c\u00f3mo se utiliza la p\u00e1gina web y qu\u00e9 contenidos son m\u00e1s relevantes, as\u00ed como cookies publicitarias para gestionar la publicidad que le mostramos tanto en nuestra web como en otras de terceros, y que puede ser personalizada seg\u00fan su navegaci\u00f3n e inter\u00e9s en nuestros contenidos. Puede aceptar todas las cookies pulsando \u201cPermitir todas las cookies\u201d, o instalar \u00fanicamente las cookies necesarias. Para m\u00e1s informaci\u00f3n acceda a nuestra Pol\u00edtica de Cookies o a \u201dMostrar detalles\u201d.<\/span><\/p>\n<p><span style=\"font-weight: 400;\">Este sitio Web, al igual que la mayor\u00eda de sitios Web en Internet, usa cookies para mejorar la experiencia del usuario. A continuaci\u00f3n, encontrar\u00e1 informaci\u00f3n sobre qu\u00e9 son las cookies, qu\u00e9 tipo de cookies utiliza este sitio Web, c\u00f3mo puede desactivar las cookies en su navegador y c\u00f3mo desactivar espec\u00edficamente la instalaci\u00f3n de cookies de terceros. Para cualquier informaci\u00f3n adicional, por favor dir\u00edjase a: <\/span><span style=\"font-weight: 400;\">masdoix@masdoix.noubit.info<\/span><\/p>\n<p><b>\u00bfQu\u00e9 son las cookies?<\/b><\/p>\n<p><span style=\"font-weight: 400;\">Las cookies son peque\u00f1os archivos de datos que algunas plataformas, como los sitios Web, pueden instalar en su ordenador, smartphone, tableta o televisi\u00f3n conectada. Estos archivos se almacenan en el ordenador del usuario y contiene datos an\u00f3nimos que no son perjudiciales para su equipo. Sus funciones pueden ser muy variadas: almacenar sus preferencias de navegaci\u00f3n, como el idioma seleccionado, recopilar informaci\u00f3n estad\u00edstica, permitir ciertas funcionalidades t\u00e9cnicas, etc. En ocasiones, las cookies se utilizan para almacenar informaci\u00f3n b\u00e1sica sobre los h\u00e1bitos de navegaci\u00f3n del usuario o de su equipo, hasta el punto, seg\u00fan los casos, de poder reconocerlo.<\/span><\/p>\n<p><b>\u00bfPor qu\u00e9 son importantes?<\/b><\/p>\n<p><span style=\"font-weight: 400;\">Las cookies son \u00fatiles por varios motivos. Desde un punto de vista t\u00e9cnico, permiten que los sitios Web funcionen correctamente y de forma m\u00e1s \u00e1gil y adaptada a sus preferencias, como por ejemplo almacenar su idioma o la moneda de su pa\u00eds. Adem\u00e1s, ayudan a los responsables de los sitios Web, midiendo el uso y rendimiento, a mejorar los servicios que ofrecen gracias a la informaci\u00f3n estad\u00edstica que recogen a trav\u00e9s de ellas.<\/span><\/p>\n<p><b>\u00bfC\u00f3mo utilizamos las cookies?<\/b><\/p>\n<p><span style=\"font-weight: 400;\">Navegar por este sitio Web supone que se puedan instalar los siguientes tipos de cookies seg\u00fan su finalidad:<\/span><\/p>\n<p><b>Cookies t\u00e9cnicas<\/b><\/p>\n<p><span style=\"font-weight: 400;\">Las cookies t\u00e9cnicas son aquellas imprescindibles y estrictamente necesarias para el correcto funcionamiento de un sitio Web y la utilizaci\u00f3n de las diferentes opciones y servicios que ofrece.<\/span><\/p>\n<p><span style=\"font-weight: 400;\">Por ejemplo, las que sirven para el mantenimiento de la sesi\u00f3n, la gesti\u00f3n del tiempo de respuesta, rendimiento o validaci\u00f3n de opciones, utilizar elementos de seguridad, etc.<\/span><\/p>\n<p><b>Cookies de mejora del rendimiento<\/b><\/p>\n<p><span style=\"font-weight: 400;\">Este tipo de cookies conserva sus preferencias para ciertas herramientas o servicios para que no tenga que reconfigurarlos cada vez que visita nuestro sitio Web y, en algunos casos, pueden ser aportadas por terceros. Algunos ejemplos son: volumen de los reproductores audiovisuales o velocidades de reproducci\u00f3n de v\u00eddeo compatibles.<\/span><\/p>\n<p><b>Cookies de personalizaci\u00f3n<\/b><\/p>\n<p><span style=\"font-weight: 400;\">Estas cookies permiten al usuario especificar o personalizar algunas caracter\u00edsticas de las opciones generales del sitio Web, Por ejemplo, definir el idioma, configuraci\u00f3n regional o tipo de navegador.<\/span><\/p>\n<p><b>Cookies de geo-localizaci\u00f3n<\/b><\/p>\n<p><span style=\"font-weight: 400;\">Estas cookies son usadas por programas que intentan localizar geogr\u00e1ficamente la situaci\u00f3n del ordenador, smartphone, tableta o televisi\u00f3n conectada, para de manera totalmente an\u00f3nima ofrecerle contenidos y servicios m\u00e1s adecuados.<\/span><\/p>\n<p><b>Cookies de an\u00e1lisis estad\u00edstico<\/b><\/p>\n<p><span style=\"font-weight: 400;\">Son aquellas que, bien tratadas por nosotros o por terceros, permiten cuantificar el n\u00famero de visitantes y analizar estad\u00edsticamente la utilizaci\u00f3n que hacen los usuarios de nuestros servicios. Gracias a ello podemos estudiar la navegaci\u00f3n por nuestro sitio Web y mejorar as\u00ed la oferta de productos o servicios que ofrecemos.<\/span><\/p>\n<p><b>Cookies de registro<\/b><\/p>\n<p><span style=\"font-weight: 400;\">Las cookies de registro se generan cuando un usuario se da de alta en una Web o servicio o cuando, teniendo previamente los datos de acceso, se registra en dicha Web o servicio. Permiten acceder a las distintas secciones de la Web sin tener que poner sus credenciales en cada p\u00e1gina.<\/span><\/p>\n<p><span style=\"font-weight: 400;\">En resumen, estas cookies permiten mantener al usuario identificado para que pueda acceder a determinados servicios mientras no abandone la cuenta, cierre el navegador o apague el dispositivo conectado.<\/span><\/p>\n<p><b>Cookies publicitarias<\/b><\/p>\n<p><span style=\"font-weight: 400;\">Son aqu\u00e9llas tratadas por nosotros o por terceros. Estas cookies permiten gestionar eficazmente los espacios publicitarios de nuestro sitio Web, adecuando el contenido del anuncio al contenido del servicio solicitado o al uso que realice de nuestro sitio Web. Gracias a ella podemos conocer sus h\u00e1bitos de navegaci\u00f3n en internet y mostrarle publicidad relacionada con su perfil de navegaci\u00f3n.<\/span><\/p>\n<p><b>Cookies propias<\/b><\/p>\n<p><span style=\"font-weight: 400;\">Son aqu\u00e9llas que se env\u00edan al equipo terminal del usuario desde un equipo o dominio gestionado por nosotros y desde el que se presta el servicio solicitado por el usuario.<\/span><\/p>\n<p><b>Cookies de terceros<\/b><\/p>\n<p><span style=\"font-weight: 400;\">Son aqu\u00e9llas que se env\u00edan al equipo terminal del usuario desde un equipo o dominio que no es gestionado por nosotros, sino por otra entidad que trata los datos obtenidos trav\u00e9s de las cookies instaladas. Un ejemplo de este uso utilizado en nuestro sitio Web es Google Analytics que obtiene informaci\u00f3n de la navegaci\u00f3n para medir y analizar la audiencia.<\/span><\/p>\n<p><span style=\"font-weight: 400;\">Tambi\u00e9n seg\u00fan el plazo, las cookies se diferencian entre:<\/span><\/p>\n<p><b>Cookies de sesi\u00f3n<\/b><\/p>\n<p><span style=\"font-weight: 400;\">Las cookies de sesi\u00f3n son aquellas que duran el tiempo que el usuario est\u00e1 navegando por este sitio Web y se borran al t\u00e9rmino.<\/span><\/p>\n<p><b>Cookies persistentes<\/b><\/p>\n<p><span style=\"font-weight: 400;\">Estas cookies quedan almacenadas en el terminal del usuario, por un tiempo m\u00e1s largo, facilitando as\u00ed el control de las preferencias elegidas sin tener que repetir ciertos par\u00e1metros cada vez que se visite este sitio Web.<\/span><\/p>\n<p><b>\u00bfC\u00f3mo puedo configurar mis preferencias?<\/b><\/p>\n<p><span style=\"font-weight: 400;\">Para cumplir con la legislaci\u00f3n vigente, tenemos que pedir su permiso para gestionar cookies. Si decide no autorizar el tratamiento indic\u00e1ndonos su no conformidad, s\u00f3lo usar\u00edamos las cookies t\u00e9cnicas, puesto que son imprescindibles para la navegaci\u00f3n por nuestro sitio Web. En este caso, no almacenar\u00edamos ninguna cookie. En el caso de seguir navegando por nuestro sitio Web sin denegar su autorizaci\u00f3n implica que acepta su uso.<\/span><\/p>\n<p><span style=\"font-weight: 400;\">Puede permitir, bloquear o eliminar las cookies instaladas en su equipo mediante la configuraci\u00f3n de las opciones de su navegador de internet. En el caso en que las bloquee, es posible que algunas caracter\u00edsticas de las p\u00e1ginas no estar\u00e1n operativas, no podremos ofrecerle servicios personalizados. Adem\u00e1s, cada vez que vaya a navegar por nuestro sitio Web tendremos que solicitarle de nuevo su autorizaci\u00f3n para el uso de cookies.<\/span><\/p>\n<p><span style=\"font-weight: 400;\">Si necesita obtener m\u00e1s informaci\u00f3n sobre la directiva de Cookies, por favor consulte el Bolet\u00edn Oficial del Estado publicado el pasado 31 de marzo de 2012 (para Espa\u00f1a) donde se trasponen las directivas en materia de comunicaciones electr\u00f3nicas. Tambi\u00e9n se puede consultar la directiva en http:\/\/www.ico.gov.uk<\/span><\/p>\n<p><span style=\"font-weight: 400;\">Si desea contactar con nosotros respecto nuestra Pol\u00edtica de Cookies, puede hacerlo en: <\/span><a href=\"mailto:masdoix@masdoix.noubit.info\"><span style=\"font-weight: 400;\">masdoix@masdoix.noubit.info<\/span><\/a><\/p>\n<p><span style=\"font-weight: 400;\">Actualizaciones y cambios en la pol\u00edtica de cookies<\/span><\/p>\n<p><span style=\"font-weight: 400;\">Nos reservamos el derecho de modificar la presente Pol\u00edtica de Cookies en cualquier momento y sin previo aviso, ante las exigencias de la normativa o con la finalidad de mejorar la p\u00e1gina web.<\/span><\/p>\n<p><span style=\"font-weight: 400;\">A pesar de que podamos realizar esfuerzos para notificarle cualquier cambio significativo, le recomendamos la revisi\u00f3n de la Pol\u00edtica de Cookies al acceder a la web.<\/span><\/p>\n","protected":false},"excerpt":{"rendered":"<p>Esta p\u00e1gina web usa cookies Utilizamos cookies propias y de terceros para analizar y entender c\u00f3mo se utiliza la p\u00e1gina web y qu\u00e9 contenidos son m\u00e1s relevantes, as\u00ed como cookies publicitarias para gestionar la publicidad que le mostramos tanto en nuestra web como en otras de terceros, y que puede ser personalizada seg\u00fan su navegaci\u00f3n [&hellip;]<\/p>\n","protected":false},"author":173,"featured_media":0,"parent":0,"menu_order":0,"comment_status":"closed","ping_status":"closed","template":"","meta":{"_et_pb_use_builder":"","_et_pb_old_content":"","_et_gb_content_width":"","footnotes":""},"class_list":["post-830","page","type-page","status-publish","hentry"],"yoast_head":"<!-- This site is optimized with the Yoast SEO plugin v26.4 - https:\/\/yoast.com\/wordpress\/plugins\/seo\/ -->\n<title>Pol\u00edtica de cookies - \u25b7 Celler Mas Doix | DOQ Priorat | Poboleda<\/title>\n<meta name=\"robots\" content=\"index, follow, max-snippet:-1, max-image-preview:large, max-video-preview:-1\" \/>\n<link rel=\"canonical\" href=\"https:\/\/masdoix.com\/en\/cookies-policy\/\" \/>\n<meta property=\"og:locale\" content=\"es_ES\" \/>\n<meta property=\"og:type\" content=\"article\" \/>\n<meta property=\"og:title\" content=\"Pol\u00edtica de cookies - \u25b7 Celler Mas Doix | DOQ Priorat | Poboleda\" \/>\n<meta property=\"og:description\" content=\"Esta p\u00e1gina web usa cookies Utilizamos cookies propias y de terceros para analizar y entender c\u00f3mo se utiliza la p\u00e1gina web y qu\u00e9 contenidos son m\u00e1s relevantes, as\u00ed como cookies publicitarias para gestionar la publicidad que le mostramos tanto en nuestra web como en otras de terceros, y que puede ser personalizada seg\u00fan su navegaci\u00f3n [&hellip;]\" \/>\n<meta property=\"og:url\" content=\"https:\/\/masdoix.com\/en\/cookies-policy\/\" \/>\n<meta property=\"og:site_name\" content=\"\u25b7 Celler Mas Doix | DOQ Priorat | Poboleda\" \/>\n<meta property=\"article:modified_time\" content=\"2021-04-09T15:35:37+00:00\" \/>\n<meta name=\"twitter:card\" content=\"summary_large_image\" \/>\n<!-- \/ Yoast SEO plugin. -->","yoast_head_json":{"title":"Pol\u00edtica de cookies - \u25b7 Celler Mas Doix | DOQ Priorat | Poboleda","robots":{"index":"index","follow":"follow","max-snippet":"max-snippet:-1","max-image-preview":"max-image-preview:large","max-video-preview":"max-video-preview:-1"},"canonical":"https:\/\/masdoix.com\/en\/cookies-policy\/","og_locale":"es_ES","og_type":"article","og_title":"Pol\u00edtica de cookies - \u25b7 Celler Mas Doix | DOQ Priorat | Poboleda","og_description":"Esta p\u00e1gina web usa cookies Utilizamos cookies propias y de terceros para analizar y entender c\u00f3mo se utiliza la p\u00e1gina web y qu\u00e9 contenidos son m\u00e1s relevantes, as\u00ed como cookies publicitarias para gestionar la publicidad que le mostramos tanto en nuestra web como en otras de terceros, y que puede ser personalizada seg\u00fan su navegaci\u00f3n [&hellip;]","og_url":"https:\/\/masdoix.com\/en\/cookies-policy\/","og_site_name":"\u25b7 Celler Mas Doix | DOQ Priorat | Poboleda","article_modified_time":"2021-04-09T15:35:37+00:00","twitter_card":"summary_large_image","schema":{"@context":"https:\/\/schema.org","@graph":[]}},"_links":{"self":[{"href":"https:\/\/masdoix.com\/es\/wp-json\/wp\/v2\/pages\/830","targetHints":{"allow":["GET"]}}],"collection":[{"href":"https:\/\/masdoix.com\/es\/wp-json\/wp\/v2\/pages"}],"about":[{"href":"https:\/\/masdoix.com\/es\/wp-json\/wp\/v2\/types\/page"}],"author":[{"embeddable":true,"href":"https:\/\/masdoix.com\/es\/wp-json\/wp\/v2\/users\/173"}],"replies":[{"embeddable":true,"href":"https:\/\/masdoix.com\/es\/wp-json\/wp\/v2\/comments?post=830"}],"version-history":[{"count":1,"href":"https:\/\/masdoix.com\/es\/wp-json\/wp\/v2\/pages\/830\/revisions"}],"predecessor-version":[{"id":2374,"href":"https:\/\/masdoix.com\/es\/wp-json\/wp\/v2\/pages\/830\/revisions\/2374"}],"wp:attachment":[{"href":"https:\/\/masdoix.com\/es\/wp-json\/wp\/v2\/media?parent=830"}],"curies":[{"name":"wp","href":"https:\/\/api.w.org\/{rel}","templated":true}]}}