{"id":19177,"date":"2024-06-21T07:42:02","date_gmt":"2024-06-21T05:42:03","guid":{"rendered":"https:\/\/masdoix.com\/?post_type=product&#038;p=19177"},"modified":"2024-06-21T10:27:23","modified_gmt":"2024-06-21T08:27:23","slug":"poboleda","status":"publish","type":"product","link":"https:\/\/masdoix.com\/es\/producto\/poboleda\/","title":{"rendered":"Poboleda"},"content":{"rendered":"<h3 class=\"p1\">A\u00f1ada 2022<\/h3>\n<div class=\"page\" title=\"Page 1\">\n<div class=\"section\">\n<div class=\"layoutArea\">\n<div class=\"column\">\n<div class=\"page\" title=\"Page 1\">\n<div class=\"section\">\n<div class=\"layoutArea\">\n<div class=\"column\">\n<p>El clima de 2022 ser\u00e1 recordado especialmente por el calor y sobre todo por su persistencia durante todo el verano. Un verano que, adem\u00e1s, empez\u00f3 temprano con anomal\u00edas positivas de temperatura de m\u00e1s de 2 grados desde el mes de mayo. Tambi\u00e9n es destacable la carencia de precipitaciones, y aunque las tormentas de julio ayudaron a parar el golpe, la falta de agua se hizo evidente a lo largo de todo el a\u00f1o. A pesar de estos condicionantes, las cepas mostraron una firme resistencia al estr\u00e9s h\u00eddrico y mantuvieron el fruto en perfecto estado.<\/p>\n<\/div>\n<\/div>\n<\/div>\n<\/div>\n<\/div>\n<\/div>\n<\/div>\n<\/div>\n","protected":false},"excerpt":{"rendered":"<p>A\u00f1ada 2022 El clima de 2022 ser\u00e1 recordado especialmente por el calor y sobre todo por su persistencia durante todo el verano. Un verano que, adem\u00e1s, empez\u00f3 temprano con anomal\u00edas positivas de temperatura de m\u00e1s de 2 grados desde el mes de mayo. Tambi\u00e9n es destacable la carencia de precipitaciones, y aunque las tormentas de [&hellip;]<\/p>\n","protected":false},"featured_media":19189,"template":"","meta":{"_et_pb_use_builder":"","_et_pb_old_content":"","_et_gb_content_width":""},"product_brand":[],"product_cat":[46],"product_tag":[],"giftcard-category":[],"class_list":{"0":"post-19177","1":"product","2":"type-product","3":"status-publish","4":"has-post-thumbnail","6":"product_cat-vinos","8":"first","9":"instock","10":"shipping-taxable","11":"purchasable","12":"product-type-simple"},"yoast_head":"<!-- This site is optimized with the Yoast SEO plugin v26.4 - https:\/\/yoast.com\/wordpress\/plugins\/seo\/ -->\n<title>Poboleda - \u25b7 Celler Mas Doix | DOQ Priorat | Poboleda<\/title>\n<meta name=\"robots\" content=\"index, follow, max-snippet:-1, max-image-preview:large, max-video-preview:-1\" \/>\n<link rel=\"canonical\" href=\"https:\/\/masdoix.com\/es\/producto\/poboleda\/\" \/>\n<meta property=\"og:locale\" content=\"es_ES\" \/>\n<meta property=\"og:type\" content=\"article\" \/>\n<meta property=\"og:title\" content=\"Poboleda - \u25b7 Celler Mas Doix | DOQ Priorat | Poboleda\" \/>\n<meta property=\"og:description\" content=\"A\u00f1ada 2022 El clima de 2022 ser\u00e1 recordado especialmente por el calor y sobre todo por su persistencia durante todo el verano. Un verano que, adem\u00e1s, empez\u00f3 temprano con anomal\u00edas positivas de temperatura de m\u00e1s de 2 grados desde el mes de mayo. Tambi\u00e9n es destacable la carencia de precipitaciones, y aunque las tormentas de [&hellip;]\" \/>\n<meta property=\"og:url\" content=\"https:\/\/masdoix.com\/es\/producto\/poboleda\/\" \/>\n<meta property=\"og:site_name\" content=\"\u25b7 Celler Mas Doix | DOQ Priorat | Poboleda\" \/>\n<meta property=\"article:modified_time\" content=\"2024-06-21T08:27:23+00:00\" \/>\n<meta property=\"og:image\" content=\"https:\/\/masdoix.com\/wp-content\/uploads\/2024\/06\/poboleda-web-1.jpg\" \/>\n\t<meta property=\"og:image:width\" content=\"1200\" \/>\n\t<meta property=\"og:image:height\" content=\"1200\" \/>\n\t<meta property=\"og:image:type\" content=\"image\/jpeg\" \/>\n<meta name=\"twitter:card\" content=\"summary_large_image\" \/>\n<!-- \/ Yoast SEO plugin. -->","yoast_head_json":{"title":"Poboleda - \u25b7 Celler Mas Doix | DOQ Priorat | Poboleda","robots":{"index":"index","follow":"follow","max-snippet":"max-snippet:-1","max-image-preview":"max-image-preview:large","max-video-preview":"max-video-preview:-1"},"canonical":"https:\/\/masdoix.com\/es\/producto\/poboleda\/","og_locale":"es_ES","og_type":"article","og_title":"Poboleda - \u25b7 Celler Mas Doix | DOQ Priorat | Poboleda","og_description":"A\u00f1ada 2022 El clima de 2022 ser\u00e1 recordado especialmente por el calor y sobre todo por su persistencia durante todo el verano. Un verano que, adem\u00e1s, empez\u00f3 temprano con anomal\u00edas positivas de temperatura de m\u00e1s de 2 grados desde el mes de mayo. Tambi\u00e9n es destacable la carencia de precipitaciones, y aunque las tormentas de [&hellip;]","og_url":"https:\/\/masdoix.com\/es\/producto\/poboleda\/","og_site_name":"\u25b7 Celler Mas Doix | DOQ Priorat | Poboleda","article_modified_time":"2024-06-21T08:27:23+00:00","og_image":[{"width":1200,"height":1200,"url":"https:\/\/masdoix.com\/wp-content\/uploads\/2024\/06\/poboleda-web-1.jpg","type":"image\/jpeg"}],"twitter_card":"summary_large_image","schema":{"@context":"https:\/\/schema.org","@graph":[]}},"_links":{"self":[{"href":"https:\/\/masdoix.com\/es\/wp-json\/wp\/v2\/product\/19177","targetHints":{"allow":["GET"]}}],"collection":[{"href":"https:\/\/masdoix.com\/es\/wp-json\/wp\/v2\/product"}],"about":[{"href":"https:\/\/masdoix.com\/es\/wp-json\/wp\/v2\/types\/product"}],"wp:featuredmedia":[{"embeddable":true,"href":"https:\/\/masdoix.com\/es\/wp-json\/wp\/v2\/media\/19189"}],"wp:attachment":[{"href":"https:\/\/masdoix.com\/es\/wp-json\/wp\/v2\/media?parent=19177"}],"wp:term":[{"taxonomy":"product_brand","embeddable":true,"href":"https:\/\/masdoix.com\/es\/wp-json\/wp\/v2\/product_brand?post=19177"},{"taxonomy":"product_cat","embeddable":true,"href":"https:\/\/masdoix.com\/es\/wp-json\/wp\/v2\/product_cat?post=19177"},{"taxonomy":"product_tag","embeddable":true,"href":"https:\/\/masdoix.com\/es\/wp-json\/wp\/v2\/product_tag?post=19177"},{"taxonomy":"giftcard-category","embeddable":true,"href":"https:\/\/masdoix.com\/es\/wp-json\/wp\/v2\/giftcard-category?post=19177"}],"curies":[{"name":"wp","href":"https:\/\/api.w.org\/{rel}","templated":true}]}}