{"id":23086,"date":"2025-05-13T12:20:29","date_gmt":"2025-05-13T10:20:30","guid":{"rendered":"https:\/\/masdoix.com\/?post_type=product&#038;p=23086"},"modified":"2025-11-24T10:15:43","modified_gmt":"2025-11-24T08:15:43","slug":"lote-poboleda-2023","status":"publish","type":"product","link":"https:\/\/masdoix.com\/es\/producto\/lote-poboleda-2023\/","title":{"rendered":"Lote Poboleda"},"content":{"rendered":"<h3 class=\"p1\">A\u00f1ada 2023<\/h3>\n<p>El 2023 fue otro a\u00f1o seco y c\u00e1lido. La primera parte del a\u00f1o fue muy poco lluviosa y el vi\u00f1edo hizo una brotaci\u00f3n muy pobre. Esta sequ\u00eda acumulada y el calor anormal para la \u00e9poca hicieron que la floraci\u00f3n se adelantara 15 d\u00edas y las plantas empezaron a sufrir demasiado temprano. El cambio lleg\u00f3 a finales de primavera en forma de lluvia. Entre mayo y junio cayeron 150 litros en Poboleda y marcaron la diferencia para el resto del a\u00f1o. Los sarmientos doblaron su longitud, la uva se hinch\u00f3 y las plantas recuperaron la fuerza y el vigor. Un par de tormentas bien ca\u00eddas en verano acabaron de redondearlo y permitieron que el vi\u00f1edo llegara fuerte al final de la maduraci\u00f3n.<\/p>\n","protected":false},"excerpt":{"rendered":"<p>A\u00f1ada 2023 El 2023 fue otro a\u00f1o seco y c\u00e1lido. La primera parte del a\u00f1o fue muy poco lluviosa y el vi\u00f1edo hizo una brotaci\u00f3n muy pobre. Esta sequ\u00eda acumulada y el calor anormal para la \u00e9poca hicieron que la floraci\u00f3n se adelantara 15 d\u00edas y las plantas empezaron a sufrir demasiado temprano. El cambio [&hellip;]<\/p>\n","protected":false},"featured_media":23089,"template":"","meta":{"_et_pb_use_builder":"","_et_pb_old_content":"","_et_gb_content_width":""},"product_brand":[],"product_cat":[46],"product_tag":[],"giftcard-category":[],"class_list":{"0":"post-23086","1":"product","2":"type-product","3":"status-publish","4":"has-post-thumbnail","6":"product_cat-vinos","8":"first","9":"instock","10":"shipping-taxable","11":"purchasable","12":"product-type-simple"},"yoast_head":"<!-- This site is optimized with the Yoast SEO plugin v26.4 - https:\/\/yoast.com\/wordpress\/plugins\/seo\/ -->\n<title>Lote Poboleda - \u25b7 Celler Mas Doix | DOQ Priorat | Poboleda<\/title>\n<meta name=\"robots\" content=\"index, follow, max-snippet:-1, max-image-preview:large, max-video-preview:-1\" \/>\n<link rel=\"canonical\" href=\"https:\/\/masdoix.com\/es\/producto\/lote-poboleda-2023\/\" \/>\n<meta property=\"og:locale\" content=\"es_ES\" \/>\n<meta property=\"og:type\" content=\"article\" \/>\n<meta property=\"og:title\" content=\"Lote Poboleda - \u25b7 Celler Mas Doix | DOQ Priorat | Poboleda\" \/>\n<meta property=\"og:description\" content=\"A\u00f1ada 2023 El 2023 fue otro a\u00f1o seco y c\u00e1lido. La primera parte del a\u00f1o fue muy poco lluviosa y el vi\u00f1edo hizo una brotaci\u00f3n muy pobre. Esta sequ\u00eda acumulada y el calor anormal para la \u00e9poca hicieron que la floraci\u00f3n se adelantara 15 d\u00edas y las plantas empezaron a sufrir demasiado temprano. El cambio [&hellip;]\" \/>\n<meta property=\"og:url\" content=\"https:\/\/masdoix.com\/es\/producto\/lote-poboleda-2023\/\" \/>\n<meta property=\"og:site_name\" content=\"\u25b7 Celler Mas Doix | DOQ Priorat | Poboleda\" \/>\n<meta property=\"article:modified_time\" content=\"2025-11-24T08:15:43+00:00\" \/>\n<meta property=\"og:image\" content=\"https:\/\/masdoix.com\/wp-content\/uploads\/2025\/05\/x3-poboleda-23.jpg\" \/>\n\t<meta property=\"og:image:width\" content=\"1200\" \/>\n\t<meta property=\"og:image:height\" content=\"1200\" \/>\n\t<meta property=\"og:image:type\" content=\"image\/jpeg\" \/>\n<meta name=\"twitter:card\" content=\"summary_large_image\" \/>\n<!-- \/ Yoast SEO plugin. -->","yoast_head_json":{"title":"Lote Poboleda - \u25b7 Celler Mas Doix | DOQ Priorat | Poboleda","robots":{"index":"index","follow":"follow","max-snippet":"max-snippet:-1","max-image-preview":"max-image-preview:large","max-video-preview":"max-video-preview:-1"},"canonical":"https:\/\/masdoix.com\/es\/producto\/lote-poboleda-2023\/","og_locale":"es_ES","og_type":"article","og_title":"Lote Poboleda - \u25b7 Celler Mas Doix | DOQ Priorat | Poboleda","og_description":"A\u00f1ada 2023 El 2023 fue otro a\u00f1o seco y c\u00e1lido. La primera parte del a\u00f1o fue muy poco lluviosa y el vi\u00f1edo hizo una brotaci\u00f3n muy pobre. Esta sequ\u00eda acumulada y el calor anormal para la \u00e9poca hicieron que la floraci\u00f3n se adelantara 15 d\u00edas y las plantas empezaron a sufrir demasiado temprano. El cambio [&hellip;]","og_url":"https:\/\/masdoix.com\/es\/producto\/lote-poboleda-2023\/","og_site_name":"\u25b7 Celler Mas Doix | DOQ Priorat | Poboleda","article_modified_time":"2025-11-24T08:15:43+00:00","og_image":[{"width":1200,"height":1200,"url":"https:\/\/masdoix.com\/wp-content\/uploads\/2025\/05\/x3-poboleda-23.jpg","type":"image\/jpeg"}],"twitter_card":"summary_large_image","schema":{"@context":"https:\/\/schema.org","@graph":[]}},"_links":{"self":[{"href":"https:\/\/masdoix.com\/es\/wp-json\/wp\/v2\/product\/23086","targetHints":{"allow":["GET"]}}],"collection":[{"href":"https:\/\/masdoix.com\/es\/wp-json\/wp\/v2\/product"}],"about":[{"href":"https:\/\/masdoix.com\/es\/wp-json\/wp\/v2\/types\/product"}],"wp:featuredmedia":[{"embeddable":true,"href":"https:\/\/masdoix.com\/es\/wp-json\/wp\/v2\/media\/23089"}],"wp:attachment":[{"href":"https:\/\/masdoix.com\/es\/wp-json\/wp\/v2\/media?parent=23086"}],"wp:term":[{"taxonomy":"product_brand","embeddable":true,"href":"https:\/\/masdoix.com\/es\/wp-json\/wp\/v2\/product_brand?post=23086"},{"taxonomy":"product_cat","embeddable":true,"href":"https:\/\/masdoix.com\/es\/wp-json\/wp\/v2\/product_cat?post=23086"},{"taxonomy":"product_tag","embeddable":true,"href":"https:\/\/masdoix.com\/es\/wp-json\/wp\/v2\/product_tag?post=23086"},{"taxonomy":"giftcard-category","embeddable":true,"href":"https:\/\/masdoix.com\/es\/wp-json\/wp\/v2\/giftcard-category?post=23086"}],"curies":[{"name":"wp","href":"https:\/\/api.w.org\/{rel}","templated":true}]}}