{"id":23665,"date":"2025-06-17T14:52:31","date_gmt":"2025-06-17T12:52:31","guid":{"rendered":"https:\/\/masdoix.com\/?post_type=product&#038;p=23665"},"modified":"2025-11-24T10:19:10","modified_gmt":"2025-11-24T08:19:10","slug":"lote-salix-poboleda","status":"publish","type":"product","link":"https:\/\/masdoix.com\/es\/producto\/lote-salix-poboleda\/","title":{"rendered":"Lote Salix y Poboleda"},"content":{"rendered":"<h3 class=\"p1\">A\u00f1ada 2023<\/h3>\n<p>El 2023 fue otro a\u00f1o seco y c\u00e1lido. La primera parte del a\u00f1o fue muy poco lluviosa y el vi\u00f1edo hizo una brotaci\u00f3n muy pobre. Esta sequ\u00eda acumulada y el calor anormal para la \u00e9poca hicieron que la floraci\u00f3n se adelantara 15 d\u00edas y las plantas empezaron a sufrir demasiado temprano. El cambio lleg\u00f3 a finales de primavera en forma de lluvia. Entre mayo y junio cayeron 150 litros en Poboleda y marcaron la diferencia para el resto del a\u00f1o. Los sarmientos doblaron su longitud, la uva se hinch\u00f3 y las plantas recuperaron la fuerza y el vigor. Un par de tormentas bien ca\u00eddas en verano acabaron de redondearlo y permitieron que el vi\u00f1edo llegara fuerte al final de la maduraci\u00f3n.<\/p>\n<h3 class=\"p1\">A\u00f1ada 2024<\/h3>\n<div class=\"page\" title=\"Page 1\">\n<div class=\"section\">\n<div class=\"layoutArea\">\n<div class=\"column\">\n<div class=\"page\" title=\"Page 1\">\n<div class=\"section\">\n<div class=\"layoutArea\">\n<div class=\"column\">\n<p>El 2024 es el a\u00f1o donde se consolida y se hace evidente la sequ\u00eda acumulada desde 2020. La temperatura del a\u00f1o es ligeramente m\u00e1s alta que la media, pero no tan extrema como en 2022 o 2023. Hasta el 31 de agosto la lluvia es m\u00e1s bien escasa y las plantas muestran fatiga, poca vegetaci\u00f3n. En septiembre da un vuelco radical a la situaci\u00f3n, comienza a llover y la temperatura baja. Entre septiembre y noviembre caen m\u00e1s de 300 litros.<\/p>\n<\/div>\n<\/div>\n<\/div>\n<\/div>\n<\/div>\n<\/div>\n<\/div>\n<\/div>\n","protected":false},"excerpt":{"rendered":"<p>A\u00f1ada 2023 El 2023 fue otro a\u00f1o seco y c\u00e1lido. La primera parte del a\u00f1o fue muy poco lluviosa y el vi\u00f1edo hizo una brotaci\u00f3n muy pobre. Esta sequ\u00eda acumulada y el calor anormal para la \u00e9poca hicieron que la floraci\u00f3n se adelantara 15 d\u00edas y las plantas empezaron a sufrir demasiado temprano. El cambio [&hellip;]<\/p>\n","protected":false},"featured_media":23668,"template":"","meta":{"_et_pb_use_builder":"","_et_pb_old_content":"","_et_gb_content_width":""},"product_brand":[],"product_cat":[46],"product_tag":[],"giftcard-category":[],"class_list":{"0":"post-23665","1":"product","2":"type-product","3":"status-publish","4":"has-post-thumbnail","6":"product_cat-vinos","8":"first","9":"instock","10":"shipping-taxable","11":"purchasable","12":"product-type-simple"},"yoast_head":"<!-- This site is optimized with the Yoast SEO plugin v26.4 - https:\/\/yoast.com\/wordpress\/plugins\/seo\/ -->\n<title>Lote Salix y Poboleda - \u25b7 Celler Mas Doix | DOQ Priorat | Poboleda<\/title>\n<meta name=\"robots\" content=\"index, follow, max-snippet:-1, max-image-preview:large, max-video-preview:-1\" \/>\n<link rel=\"canonical\" href=\"https:\/\/masdoix.com\/es\/producto\/lote-salix-poboleda\/\" \/>\n<meta property=\"og:locale\" content=\"es_ES\" \/>\n<meta property=\"og:type\" content=\"article\" \/>\n<meta property=\"og:title\" content=\"Lote Salix y Poboleda - \u25b7 Celler Mas Doix | DOQ Priorat | Poboleda\" \/>\n<meta property=\"og:description\" content=\"A\u00f1ada 2023 El 2023 fue otro a\u00f1o seco y c\u00e1lido. La primera parte del a\u00f1o fue muy poco lluviosa y el vi\u00f1edo hizo una brotaci\u00f3n muy pobre. Esta sequ\u00eda acumulada y el calor anormal para la \u00e9poca hicieron que la floraci\u00f3n se adelantara 15 d\u00edas y las plantas empezaron a sufrir demasiado temprano. El cambio [&hellip;]\" \/>\n<meta property=\"og:url\" content=\"https:\/\/masdoix.com\/es\/producto\/lote-salix-poboleda\/\" \/>\n<meta property=\"og:site_name\" content=\"\u25b7 Celler Mas Doix | DOQ Priorat | Poboleda\" \/>\n<meta property=\"article:modified_time\" content=\"2025-11-24T08:19:10+00:00\" \/>\n<meta property=\"og:image\" content=\"https:\/\/masdoix.com\/wp-content\/uploads\/2025\/06\/x3-salix-2023x3-poboleda-2023.jpg\" \/>\n\t<meta property=\"og:image:width\" content=\"1200\" \/>\n\t<meta property=\"og:image:height\" content=\"1200\" \/>\n\t<meta property=\"og:image:type\" content=\"image\/jpeg\" \/>\n<meta name=\"twitter:card\" content=\"summary_large_image\" \/>\n<!-- \/ Yoast SEO plugin. -->","yoast_head_json":{"title":"Lote Salix y Poboleda - \u25b7 Celler Mas Doix | DOQ Priorat | Poboleda","robots":{"index":"index","follow":"follow","max-snippet":"max-snippet:-1","max-image-preview":"max-image-preview:large","max-video-preview":"max-video-preview:-1"},"canonical":"https:\/\/masdoix.com\/es\/producto\/lote-salix-poboleda\/","og_locale":"es_ES","og_type":"article","og_title":"Lote Salix y Poboleda - \u25b7 Celler Mas Doix | DOQ Priorat | Poboleda","og_description":"A\u00f1ada 2023 El 2023 fue otro a\u00f1o seco y c\u00e1lido. La primera parte del a\u00f1o fue muy poco lluviosa y el vi\u00f1edo hizo una brotaci\u00f3n muy pobre. Esta sequ\u00eda acumulada y el calor anormal para la \u00e9poca hicieron que la floraci\u00f3n se adelantara 15 d\u00edas y las plantas empezaron a sufrir demasiado temprano. El cambio [&hellip;]","og_url":"https:\/\/masdoix.com\/es\/producto\/lote-salix-poboleda\/","og_site_name":"\u25b7 Celler Mas Doix | DOQ Priorat | Poboleda","article_modified_time":"2025-11-24T08:19:10+00:00","og_image":[{"width":1200,"height":1200,"url":"https:\/\/masdoix.com\/wp-content\/uploads\/2025\/06\/x3-salix-2023x3-poboleda-2023.jpg","type":"image\/jpeg"}],"twitter_card":"summary_large_image","schema":{"@context":"https:\/\/schema.org","@graph":[]}},"_links":{"self":[{"href":"https:\/\/masdoix.com\/es\/wp-json\/wp\/v2\/product\/23665","targetHints":{"allow":["GET"]}}],"collection":[{"href":"https:\/\/masdoix.com\/es\/wp-json\/wp\/v2\/product"}],"about":[{"href":"https:\/\/masdoix.com\/es\/wp-json\/wp\/v2\/types\/product"}],"wp:featuredmedia":[{"embeddable":true,"href":"https:\/\/masdoix.com\/es\/wp-json\/wp\/v2\/media\/23668"}],"wp:attachment":[{"href":"https:\/\/masdoix.com\/es\/wp-json\/wp\/v2\/media?parent=23665"}],"wp:term":[{"taxonomy":"product_brand","embeddable":true,"href":"https:\/\/masdoix.com\/es\/wp-json\/wp\/v2\/product_brand?post=23665"},{"taxonomy":"product_cat","embeddable":true,"href":"https:\/\/masdoix.com\/es\/wp-json\/wp\/v2\/product_cat?post=23665"},{"taxonomy":"product_tag","embeddable":true,"href":"https:\/\/masdoix.com\/es\/wp-json\/wp\/v2\/product_tag?post=23665"},{"taxonomy":"giftcard-category","embeddable":true,"href":"https:\/\/masdoix.com\/es\/wp-json\/wp\/v2\/giftcard-category?post=23665"}],"curies":[{"name":"wp","href":"https:\/\/api.w.org\/{rel}","templated":true}]}}