{"id":25054,"date":"2025-10-13T16:12:57","date_gmt":"2025-10-13T14:12:58","guid":{"rendered":"https:\/\/masdoix.com\/?post_type=product&#038;p=25054"},"modified":"2025-11-24T10:08:58","modified_gmt":"2025-11-24T08:08:58","slug":"les-crestes-2024","status":"publish","type":"product","link":"https:\/\/masdoix.com\/es\/producto\/les-crestes-2024\/","title":{"rendered":"Les Crestes"},"content":{"rendered":"<h3 class=\"p1\">A\u00f1ada 2024<\/h3>\n<div class=\"page\" title=\"Page 1\">\n<div class=\"section\">\n<div class=\"layoutArea\">\n<div class=\"column\">\n<div class=\"page\" title=\"Page 1\">\n<div class=\"section\">\n<div class=\"layoutArea\">\n<div class=\"column\">\n<p>El 2024 es el a\u00f1o donde se consolida y se hace evidente la sequ\u00eda acumulada desde 2020. La temperatura del a\u00f1o es ligeramente m\u00e1s alta que la media, pero no tan extrema como en 2022 o 2023. Hasta el 31 de agosto la lluvia es m\u00e1s bien escasa y las plantas muestran fatiga, poca vegetaci\u00f3n. En septiembre da un vuelco radical a la situaci\u00f3n, comienza a llover y la temperatura baja. Entre septiembre y noviembre caen m\u00e1s de 300 litros.<\/p>\n<h3><strong>Vendimia 2024<\/strong><\/h3>\n<p>La vendimia de 2024 comienza 10 d\u00edas antes de lo habitual, pero hay dos etapas muy diferenciadas: la uva cosechada antes de las lluvias de septiembre, m\u00e1s madura y de cosecha temprana; y la uva cosechada despu\u00e9s de las lluvias, de maduraci\u00f3n mucho m\u00e1s lenta.<\/p>\n<\/div>\n<\/div>\n<\/div>\n<\/div>\n<\/div>\n<\/div>\n<\/div>\n<\/div>\n","protected":false},"excerpt":{"rendered":"<p>A\u00f1ada 2024 El 2024 es el a\u00f1o donde se consolida y se hace evidente la sequ\u00eda acumulada desde 2020. La temperatura del a\u00f1o es ligeramente m\u00e1s alta que la media, pero no tan extrema como en 2022 o 2023. Hasta el 31 de agosto la lluvia es m\u00e1s bien escasa y las plantas muestran fatiga, [&hellip;]<\/p>\n","protected":false},"featured_media":25013,"template":"","meta":{"_et_pb_use_builder":"","_et_pb_old_content":"","_et_gb_content_width":""},"product_brand":[],"product_cat":[46],"product_tag":[],"giftcard-category":[],"class_list":{"0":"post-25054","1":"product","2":"type-product","3":"status-publish","4":"has-post-thumbnail","6":"product_cat-vinos","8":"first","9":"instock","10":"shipping-taxable","11":"purchasable","12":"product-type-simple"},"yoast_head":"<!-- This site is optimized with the Yoast SEO plugin v26.4 - https:\/\/yoast.com\/wordpress\/plugins\/seo\/ -->\n<title>Les Crestes - \u25b7 Celler Mas Doix | DOQ Priorat | Poboleda<\/title>\n<meta name=\"robots\" content=\"index, follow, max-snippet:-1, max-image-preview:large, max-video-preview:-1\" \/>\n<link rel=\"canonical\" href=\"https:\/\/masdoix.com\/es\/producto\/les-crestes-2024\/\" \/>\n<meta property=\"og:locale\" content=\"es_ES\" \/>\n<meta property=\"og:type\" content=\"article\" \/>\n<meta property=\"og:title\" content=\"Les Crestes - \u25b7 Celler Mas Doix | DOQ Priorat | Poboleda\" \/>\n<meta property=\"og:description\" content=\"A\u00f1ada 2024 El 2024 es el a\u00f1o donde se consolida y se hace evidente la sequ\u00eda acumulada desde 2020. La temperatura del a\u00f1o es ligeramente m\u00e1s alta que la media, pero no tan extrema como en 2022 o 2023. Hasta el 31 de agosto la lluvia es m\u00e1s bien escasa y las plantas muestran fatiga, [&hellip;]\" \/>\n<meta property=\"og:url\" content=\"https:\/\/masdoix.com\/es\/producto\/les-crestes-2024\/\" \/>\n<meta property=\"og:site_name\" content=\"\u25b7 Celler Mas Doix | DOQ Priorat | Poboleda\" \/>\n<meta property=\"article:modified_time\" content=\"2025-11-24T08:08:58+00:00\" \/>\n<meta property=\"og:image\" content=\"https:\/\/masdoix.com\/wp-content\/uploads\/2021\/09\/crestes-2024.jpg\" \/>\n\t<meta property=\"og:image:width\" content=\"1200\" \/>\n\t<meta property=\"og:image:height\" content=\"1200\" \/>\n\t<meta property=\"og:image:type\" content=\"image\/jpeg\" \/>\n<meta name=\"twitter:card\" content=\"summary_large_image\" \/>\n<!-- \/ Yoast SEO plugin. -->","yoast_head_json":{"title":"Les Crestes - \u25b7 Celler Mas Doix | DOQ Priorat | Poboleda","robots":{"index":"index","follow":"follow","max-snippet":"max-snippet:-1","max-image-preview":"max-image-preview:large","max-video-preview":"max-video-preview:-1"},"canonical":"https:\/\/masdoix.com\/es\/producto\/les-crestes-2024\/","og_locale":"es_ES","og_type":"article","og_title":"Les Crestes - \u25b7 Celler Mas Doix | DOQ Priorat | Poboleda","og_description":"A\u00f1ada 2024 El 2024 es el a\u00f1o donde se consolida y se hace evidente la sequ\u00eda acumulada desde 2020. La temperatura del a\u00f1o es ligeramente m\u00e1s alta que la media, pero no tan extrema como en 2022 o 2023. Hasta el 31 de agosto la lluvia es m\u00e1s bien escasa y las plantas muestran fatiga, [&hellip;]","og_url":"https:\/\/masdoix.com\/es\/producto\/les-crestes-2024\/","og_site_name":"\u25b7 Celler Mas Doix | DOQ Priorat | Poboleda","article_modified_time":"2025-11-24T08:08:58+00:00","og_image":[{"width":1200,"height":1200,"url":"https:\/\/masdoix.com\/wp-content\/uploads\/2021\/09\/crestes-2024.jpg","type":"image\/jpeg"}],"twitter_card":"summary_large_image","schema":{"@context":"https:\/\/schema.org","@graph":[]}},"_links":{"self":[{"href":"https:\/\/masdoix.com\/es\/wp-json\/wp\/v2\/product\/25054","targetHints":{"allow":["GET"]}}],"collection":[{"href":"https:\/\/masdoix.com\/es\/wp-json\/wp\/v2\/product"}],"about":[{"href":"https:\/\/masdoix.com\/es\/wp-json\/wp\/v2\/types\/product"}],"wp:featuredmedia":[{"embeddable":true,"href":"https:\/\/masdoix.com\/es\/wp-json\/wp\/v2\/media\/25013"}],"wp:attachment":[{"href":"https:\/\/masdoix.com\/es\/wp-json\/wp\/v2\/media?parent=25054"}],"wp:term":[{"taxonomy":"product_brand","embeddable":true,"href":"https:\/\/masdoix.com\/es\/wp-json\/wp\/v2\/product_brand?post=25054"},{"taxonomy":"product_cat","embeddable":true,"href":"https:\/\/masdoix.com\/es\/wp-json\/wp\/v2\/product_cat?post=25054"},{"taxonomy":"product_tag","embeddable":true,"href":"https:\/\/masdoix.com\/es\/wp-json\/wp\/v2\/product_tag?post=25054"},{"taxonomy":"giftcard-category","embeddable":true,"href":"https:\/\/masdoix.com\/es\/wp-json\/wp\/v2\/giftcard-category?post=25054"}],"curies":[{"name":"wp","href":"https:\/\/api.w.org\/{rel}","templated":true}]}}