{"id":25057,"date":"2025-10-13T16:26:30","date_gmt":"2025-10-13T14:26:30","guid":{"rendered":"https:\/\/masdoix.com\/?post_type=product&#038;p=25057"},"modified":"2025-11-24T10:06:35","modified_gmt":"2025-11-24T08:06:35","slug":"1903-coma-de-cases-2022-vinya-classificada-cru","status":"publish","type":"product","link":"https:\/\/masdoix.com\/es\/producto\/1903-coma-de-cases-2022-vinya-classificada-cru\/","title":{"rendered":"1903 Coma de Cases 2022 <br> Vinya Classificada &#8211; Cru"},"content":{"rendered":"<div class=\"page\" title=\"Page 1\">\n<div class=\"section\">\n<div class=\"layoutArea\">\n<div class=\"column\">\n<h3 class=\"p1\">A\u00f1ada 2022<\/h3>\n<p class=\"p1\">El clima de 2022 ser\u00e1 recordado especialmente por el calor y, sobre todo, por su persistencia durante todo el verano. Un verano que, adem\u00e1s, empez\u00f3 temprano, con anomal\u00edas positivas de temperatura de m\u00e1s de 2 grados desde el mes de mayo. Tambi\u00e9n es destacable la carencia de precipitaciones: aunque las tormentas de julio ayudaron a mejorar la situaci\u00f3n, la falta de agua se hizo evidente a lo largo de todo el a\u00f1o. Pese a estos condicionantes, las cepas mostraron una firme resistencia al estr\u00e9s h\u00eddrico y mantuvieron el fruto en perfecto estado.<\/p>\n<\/div>\n<\/div>\n<\/div>\n<\/div>\n","protected":false},"excerpt":{"rendered":"<p>A\u00f1ada 2022 El clima de 2022 ser\u00e1 recordado especialmente por el calor y, sobre todo, por su persistencia durante todo el verano. Un verano que, adem\u00e1s, empez\u00f3 temprano, con anomal\u00edas positivas de temperatura de m\u00e1s de 2 grados desde el mes de mayo. Tambi\u00e9n es destacable la carencia de precipitaciones: aunque las tormentas de julio [&hellip;]<\/p>\n","protected":false},"featured_media":25007,"template":"","meta":{"_et_pb_use_builder":"","_et_pb_old_content":"","_et_gb_content_width":""},"product_brand":[],"product_cat":[46],"product_tag":[48],"giftcard-category":[],"class_list":{"0":"post-25057","1":"product","2":"type-product","3":"status-publish","4":"has-post-thumbnail","6":"product_cat-vinos","7":"product_tag-embajadores","9":"first","10":"outofstock","11":"shipping-taxable","12":"purchasable","13":"product-type-simple"},"yoast_head":"<!-- This site is optimized with the Yoast SEO plugin v26.4 - https:\/\/yoast.com\/wordpress\/plugins\/seo\/ -->\n<title>1903 Coma de Cases 2022  Vinya Classificada - Cru - \u25b7 Celler Mas Doix | DOQ Priorat | Poboleda<\/title>\n<meta name=\"robots\" content=\"index, follow, max-snippet:-1, max-image-preview:large, max-video-preview:-1\" \/>\n<link rel=\"canonical\" href=\"https:\/\/masdoix.com\/es\/producto\/1903-coma-de-cases-2022-vinya-classificada-cru\/\" \/>\n<meta property=\"og:locale\" content=\"es_ES\" \/>\n<meta property=\"og:type\" content=\"article\" \/>\n<meta property=\"og:title\" content=\"1903 Coma de Cases 2022  Vinya Classificada - Cru - \u25b7 Celler Mas Doix | DOQ Priorat | Poboleda\" \/>\n<meta property=\"og:description\" content=\"A\u00f1ada 2022 El clima de 2022 ser\u00e1 recordado especialmente por el calor y, sobre todo, por su persistencia durante todo el verano. Un verano que, adem\u00e1s, empez\u00f3 temprano, con anomal\u00edas positivas de temperatura de m\u00e1s de 2 grados desde el mes de mayo. Tambi\u00e9n es destacable la carencia de precipitaciones: aunque las tormentas de julio [&hellip;]\" \/>\n<meta property=\"og:url\" content=\"https:\/\/masdoix.com\/es\/producto\/1903-coma-de-cases-2022-vinya-classificada-cru\/\" \/>\n<meta property=\"og:site_name\" content=\"\u25b7 Celler Mas Doix | DOQ Priorat | Poboleda\" \/>\n<meta property=\"article:modified_time\" content=\"2025-11-24T08:06:35+00:00\" \/>\n<meta property=\"og:image\" content=\"https:\/\/masdoix.com\/wp-content\/uploads\/2021\/09\/1903-2022.jpg\" \/>\n\t<meta property=\"og:image:width\" content=\"1200\" \/>\n\t<meta property=\"og:image:height\" content=\"1200\" \/>\n\t<meta property=\"og:image:type\" content=\"image\/jpeg\" \/>\n<meta name=\"twitter:card\" content=\"summary_large_image\" \/>\n<!-- \/ Yoast SEO plugin. -->","yoast_head_json":{"title":"1903 Coma de Cases 2022  Vinya Classificada - Cru - \u25b7 Celler Mas Doix | DOQ Priorat | Poboleda","robots":{"index":"index","follow":"follow","max-snippet":"max-snippet:-1","max-image-preview":"max-image-preview:large","max-video-preview":"max-video-preview:-1"},"canonical":"https:\/\/masdoix.com\/es\/producto\/1903-coma-de-cases-2022-vinya-classificada-cru\/","og_locale":"es_ES","og_type":"article","og_title":"1903 Coma de Cases 2022  Vinya Classificada - Cru - \u25b7 Celler Mas Doix | DOQ Priorat | Poboleda","og_description":"A\u00f1ada 2022 El clima de 2022 ser\u00e1 recordado especialmente por el calor y, sobre todo, por su persistencia durante todo el verano. Un verano que, adem\u00e1s, empez\u00f3 temprano, con anomal\u00edas positivas de temperatura de m\u00e1s de 2 grados desde el mes de mayo. Tambi\u00e9n es destacable la carencia de precipitaciones: aunque las tormentas de julio [&hellip;]","og_url":"https:\/\/masdoix.com\/es\/producto\/1903-coma-de-cases-2022-vinya-classificada-cru\/","og_site_name":"\u25b7 Celler Mas Doix | DOQ Priorat | Poboleda","article_modified_time":"2025-11-24T08:06:35+00:00","og_image":[{"width":1200,"height":1200,"url":"https:\/\/masdoix.com\/wp-content\/uploads\/2021\/09\/1903-2022.jpg","type":"image\/jpeg"}],"twitter_card":"summary_large_image","schema":{"@context":"https:\/\/schema.org","@graph":[]}},"_links":{"self":[{"href":"https:\/\/masdoix.com\/es\/wp-json\/wp\/v2\/product\/25057","targetHints":{"allow":["GET"]}}],"collection":[{"href":"https:\/\/masdoix.com\/es\/wp-json\/wp\/v2\/product"}],"about":[{"href":"https:\/\/masdoix.com\/es\/wp-json\/wp\/v2\/types\/product"}],"wp:featuredmedia":[{"embeddable":true,"href":"https:\/\/masdoix.com\/es\/wp-json\/wp\/v2\/media\/25007"}],"wp:attachment":[{"href":"https:\/\/masdoix.com\/es\/wp-json\/wp\/v2\/media?parent=25057"}],"wp:term":[{"taxonomy":"product_brand","embeddable":true,"href":"https:\/\/masdoix.com\/es\/wp-json\/wp\/v2\/product_brand?post=25057"},{"taxonomy":"product_cat","embeddable":true,"href":"https:\/\/masdoix.com\/es\/wp-json\/wp\/v2\/product_cat?post=25057"},{"taxonomy":"product_tag","embeddable":true,"href":"https:\/\/masdoix.com\/es\/wp-json\/wp\/v2\/product_tag?post=25057"},{"taxonomy":"giftcard-category","embeddable":true,"href":"https:\/\/masdoix.com\/es\/wp-json\/wp\/v2\/giftcard-category?post=25057"}],"curies":[{"name":"wp","href":"https:\/\/api.w.org\/{rel}","templated":true}]}}