{"id":29306,"date":"2026-04-30T13:37:17","date_gmt":"2026-04-30T11:37:17","guid":{"rendered":"https:\/\/masdoix.com\/?post_type=product&#038;p=29306"},"modified":"2026-04-30T13:50:43","modified_gmt":"2026-04-30T11:50:43","slug":"poboleda-2024","status":"publish","type":"product","link":"https:\/\/masdoix.com\/es\/producto\/poboleda-2024\/","title":{"rendered":"Poboleda"},"content":{"rendered":"<h3 class=\"p1\">A\u00f1ada 2024<\/h3>\n<div class=\"page\" title=\"Page 1\">\n<div class=\"section\">\n<div class=\"layoutArea\">\n<div class=\"column\">\n<div class=\"page\" title=\"Page 1\">\n<div class=\"section\">\n<div class=\"layoutArea\">\n<div class=\"column\">\n<p class=\"p1\">Poboleda es conocida como \u201cla frescal\u201d y este vino quiere explicar el porqu\u00e9. D\u00edas de sol mediterr\u00e1neo que maduran las uvas y noches continentales que preservan la acidez y los aromas. Nuestro Vino de Vila evidencia lo especiales que son las garnachas de Poboleda. Una explosi\u00f3n de fruta fresca con boca ligera y vibrante.<\/p>\n<\/div>\n<\/div>\n<\/div>\n<\/div>\n<\/div>\n<\/div>\n<\/div>\n<\/div>\n","protected":false},"excerpt":{"rendered":"<p>A\u00f1ada 2024 Poboleda es conocida como \u201cla frescal\u201d y este vino quiere explicar el porqu\u00e9. D\u00edas de sol mediterr\u00e1neo que maduran las uvas y noches continentales que preservan la acidez y los aromas. Nuestro Vino de Vila evidencia lo especiales que son las garnachas de Poboleda. Una explosi\u00f3n de fruta fresca con boca ligera y [&hellip;]<\/p>\n","protected":false},"featured_media":29315,"template":"","meta":{"_et_pb_use_builder":"","_et_pb_old_content":"","_et_gb_content_width":""},"product_brand":[],"product_cat":[46],"product_tag":[],"giftcard-category":[],"class_list":{"0":"post-29306","1":"product","2":"type-product","3":"status-publish","4":"has-post-thumbnail","6":"product_cat-vinos","8":"first","9":"instock","10":"shipping-taxable","11":"purchasable","12":"product-type-simple"},"yoast_head":"<!-- This site is optimized with the Yoast SEO plugin v26.4 - https:\/\/yoast.com\/wordpress\/plugins\/seo\/ -->\n<title>Poboleda - \u25b7 Celler Mas Doix | DOQ Priorat | Poboleda<\/title>\n<meta name=\"robots\" content=\"index, follow, max-snippet:-1, max-image-preview:large, max-video-preview:-1\" \/>\n<link rel=\"canonical\" href=\"https:\/\/masdoix.com\/en\/?post_type=product&p=29305\" \/>\n<meta property=\"og:locale\" content=\"es_ES\" \/>\n<meta property=\"og:type\" content=\"article\" \/>\n<meta property=\"og:title\" content=\"Poboleda - \u25b7 Celler Mas Doix | DOQ Priorat | Poboleda\" \/>\n<meta property=\"og:description\" content=\"A\u00f1ada 2024 Poboleda es conocida como \u201cla frescal\u201d y este vino quiere explicar el porqu\u00e9. D\u00edas de sol mediterr\u00e1neo que maduran las uvas y noches continentales que preservan la acidez y los aromas. Nuestro Vino de Vila evidencia lo especiales que son las garnachas de Poboleda. Una explosi\u00f3n de fruta fresca con boca ligera y [&hellip;]\" \/>\n<meta property=\"og:url\" content=\"https:\/\/masdoix.com\/en\/?post_type=product&amp;p=29305\" \/>\n<meta property=\"og:site_name\" content=\"\u25b7 Celler Mas Doix | DOQ Priorat | Poboleda\" \/>\n<meta property=\"article:modified_time\" content=\"2026-04-30T11:50:43+00:00\" \/>\n<meta property=\"og:image\" content=\"https:\/\/masdoix.com\/wp-content\/uploads\/2026\/04\/poboleda-2024.jpg\" \/>\n\t<meta property=\"og:image:width\" content=\"1200\" \/>\n\t<meta property=\"og:image:height\" content=\"1200\" \/>\n\t<meta property=\"og:image:type\" content=\"image\/jpeg\" \/>\n<meta name=\"twitter:card\" content=\"summary_large_image\" \/>\n<!-- \/ Yoast SEO plugin. -->","yoast_head_json":{"title":"Poboleda - \u25b7 Celler Mas Doix | DOQ Priorat | Poboleda","robots":{"index":"index","follow":"follow","max-snippet":"max-snippet:-1","max-image-preview":"max-image-preview:large","max-video-preview":"max-video-preview:-1"},"canonical":"https:\/\/masdoix.com\/en\/?post_type=product&p=29305","og_locale":"es_ES","og_type":"article","og_title":"Poboleda - \u25b7 Celler Mas Doix | DOQ Priorat | Poboleda","og_description":"A\u00f1ada 2024 Poboleda es conocida como \u201cla frescal\u201d y este vino quiere explicar el porqu\u00e9. D\u00edas de sol mediterr\u00e1neo que maduran las uvas y noches continentales que preservan la acidez y los aromas. Nuestro Vino de Vila evidencia lo especiales que son las garnachas de Poboleda. Una explosi\u00f3n de fruta fresca con boca ligera y [&hellip;]","og_url":"https:\/\/masdoix.com\/en\/?post_type=product&p=29305","og_site_name":"\u25b7 Celler Mas Doix | DOQ Priorat | Poboleda","article_modified_time":"2026-04-30T11:50:43+00:00","og_image":[{"width":1200,"height":1200,"url":"https:\/\/masdoix.com\/wp-content\/uploads\/2026\/04\/poboleda-2024.jpg","type":"image\/jpeg"}],"twitter_card":"summary_large_image","schema":{"@context":"https:\/\/schema.org","@graph":[]}},"_links":{"self":[{"href":"https:\/\/masdoix.com\/es\/wp-json\/wp\/v2\/product\/29306","targetHints":{"allow":["GET"]}}],"collection":[{"href":"https:\/\/masdoix.com\/es\/wp-json\/wp\/v2\/product"}],"about":[{"href":"https:\/\/masdoix.com\/es\/wp-json\/wp\/v2\/types\/product"}],"wp:featuredmedia":[{"embeddable":true,"href":"https:\/\/masdoix.com\/es\/wp-json\/wp\/v2\/media\/29315"}],"wp:attachment":[{"href":"https:\/\/masdoix.com\/es\/wp-json\/wp\/v2\/media?parent=29306"}],"wp:term":[{"taxonomy":"product_brand","embeddable":true,"href":"https:\/\/masdoix.com\/es\/wp-json\/wp\/v2\/product_brand?post=29306"},{"taxonomy":"product_cat","embeddable":true,"href":"https:\/\/masdoix.com\/es\/wp-json\/wp\/v2\/product_cat?post=29306"},{"taxonomy":"product_tag","embeddable":true,"href":"https:\/\/masdoix.com\/es\/wp-json\/wp\/v2\/product_tag?post=29306"},{"taxonomy":"giftcard-category","embeddable":true,"href":"https:\/\/masdoix.com\/es\/wp-json\/wp\/v2\/giftcard-category?post=29306"}],"curies":[{"name":"wp","href":"https:\/\/api.w.org\/{rel}","templated":true}]}}