{"id":5399,"date":"2021-09-24T16:15:06","date_gmt":"2021-09-24T14:15:08","guid":{"rendered":"https:\/\/masdoix.com\/?post_type=product&#038;p=5399"},"modified":"2025-04-30T09:14:50","modified_gmt":"2025-04-30T07:14:50","slug":"salanques-2018","status":"publish","type":"product","link":"https:\/\/masdoix.com\/es\/producto\/salanques-2018\/","title":{"rendered":"Salanques"},"content":{"rendered":"<h3>Nota de cata<\/h3>\n<p>Arom\u00e1tico, equilibrado.<\/p>\n<p>Color: cereza, borde granate.<\/p>\n<p>Aroma: fruta fresca, hierbas silvestres.<\/p>\n<p>Boca: frutoso, sabroso, f\u00e1cil de beber.<\/p>\n<p><em>Guia Pe\u00f1\u00edn \u2013 Octubre 2020<\/em><\/p>\n<h3 class=\"p1\">A\u00f1ada<b> <\/b>2018<\/h3>\n<p>Con una nevada en febrero, el 2018 fue un a\u00f1o con abundantes lluvias en primavera y oto\u00f1o, con r\u00e9cords muy por encima de la media. En julio y agosto hubo picos de temperaturas diurnas muy altas. Un septiembre c\u00e1lido, refrescado de nuevo por la lluvia, nos permiti\u00f3 obtener una uva sana, gustosa y equilibrada.<\/p>\n","protected":false},"excerpt":{"rendered":"<p>Nota de cata Arom\u00e1tico, equilibrado. Color: cereza, borde granate. Aroma: fruta fresca, hierbas silvestres. Boca: frutoso, sabroso, f\u00e1cil de beber. Guia Pe\u00f1\u00edn \u2013 Octubre 2020 A\u00f1ada 2018 Con una nevada en febrero, el 2018 fue un a\u00f1o con abundantes lluvias en primavera y oto\u00f1o, con r\u00e9cords muy por encima de la media. En julio y [&hellip;]<\/p>\n","protected":false},"featured_media":5560,"template":"","meta":{"_et_pb_use_builder":"","_et_pb_old_content":"","_et_gb_content_width":""},"product_brand":[],"product_cat":[46],"product_tag":[],"giftcard-category":[],"class_list":{"0":"post-5399","1":"product","2":"type-product","3":"status-publish","4":"has-post-thumbnail","6":"product_cat-vinos","8":"first","9":"instock","10":"shipping-taxable","11":"purchasable","12":"product-type-simple"},"yoast_head":"<!-- This site is optimized with the Yoast SEO plugin v26.4 - https:\/\/yoast.com\/wordpress\/plugins\/seo\/ -->\n<title>Salanques - \u25b7 Celler Mas Doix | DOQ Priorat | Poboleda<\/title>\n<meta name=\"robots\" content=\"index, follow, max-snippet:-1, max-image-preview:large, max-video-preview:-1\" \/>\n<link rel=\"canonical\" href=\"https:\/\/masdoix.com\/es\/producto\/salanques-2018\/\" \/>\n<meta property=\"og:locale\" content=\"es_ES\" \/>\n<meta property=\"og:type\" content=\"article\" \/>\n<meta property=\"og:title\" content=\"Salanques - \u25b7 Celler Mas Doix | DOQ Priorat | Poboleda\" \/>\n<meta property=\"og:description\" content=\"Nota de cata Arom\u00e1tico, equilibrado. Color: cereza, borde granate. Aroma: fruta fresca, hierbas silvestres. Boca: frutoso, sabroso, f\u00e1cil de beber. Guia Pe\u00f1\u00edn \u2013 Octubre 2020 A\u00f1ada 2018 Con una nevada en febrero, el 2018 fue un a\u00f1o con abundantes lluvias en primavera y oto\u00f1o, con r\u00e9cords muy por encima de la media. En julio y [&hellip;]\" \/>\n<meta property=\"og:url\" content=\"https:\/\/masdoix.com\/es\/producto\/salanques-2018\/\" \/>\n<meta property=\"og:site_name\" content=\"\u25b7 Celler Mas Doix | DOQ Priorat | Poboleda\" \/>\n<meta property=\"article:modified_time\" content=\"2025-04-30T07:14:50+00:00\" \/>\n<meta property=\"og:image\" content=\"https:\/\/masdoix.com\/wp-content\/uploads\/2021\/09\/salanques-2018.jpg\" \/>\n\t<meta property=\"og:image:width\" content=\"1200\" \/>\n\t<meta property=\"og:image:height\" content=\"1200\" \/>\n\t<meta property=\"og:image:type\" content=\"image\/jpeg\" \/>\n<meta name=\"twitter:card\" content=\"summary_large_image\" \/>\n<!-- \/ Yoast SEO plugin. -->","yoast_head_json":{"title":"Salanques - \u25b7 Celler Mas Doix | DOQ Priorat | Poboleda","robots":{"index":"index","follow":"follow","max-snippet":"max-snippet:-1","max-image-preview":"max-image-preview:large","max-video-preview":"max-video-preview:-1"},"canonical":"https:\/\/masdoix.com\/es\/producto\/salanques-2018\/","og_locale":"es_ES","og_type":"article","og_title":"Salanques - \u25b7 Celler Mas Doix | DOQ Priorat | Poboleda","og_description":"Nota de cata Arom\u00e1tico, equilibrado. Color: cereza, borde granate. Aroma: fruta fresca, hierbas silvestres. Boca: frutoso, sabroso, f\u00e1cil de beber. Guia Pe\u00f1\u00edn \u2013 Octubre 2020 A\u00f1ada 2018 Con una nevada en febrero, el 2018 fue un a\u00f1o con abundantes lluvias en primavera y oto\u00f1o, con r\u00e9cords muy por encima de la media. En julio y [&hellip;]","og_url":"https:\/\/masdoix.com\/es\/producto\/salanques-2018\/","og_site_name":"\u25b7 Celler Mas Doix | DOQ Priorat | Poboleda","article_modified_time":"2025-04-30T07:14:50+00:00","og_image":[{"width":1200,"height":1200,"url":"https:\/\/masdoix.com\/wp-content\/uploads\/2021\/09\/salanques-2018.jpg","type":"image\/jpeg"}],"twitter_card":"summary_large_image","schema":{"@context":"https:\/\/schema.org","@graph":[]}},"_links":{"self":[{"href":"https:\/\/masdoix.com\/es\/wp-json\/wp\/v2\/product\/5399","targetHints":{"allow":["GET"]}}],"collection":[{"href":"https:\/\/masdoix.com\/es\/wp-json\/wp\/v2\/product"}],"about":[{"href":"https:\/\/masdoix.com\/es\/wp-json\/wp\/v2\/types\/product"}],"wp:featuredmedia":[{"embeddable":true,"href":"https:\/\/masdoix.com\/es\/wp-json\/wp\/v2\/media\/5560"}],"wp:attachment":[{"href":"https:\/\/masdoix.com\/es\/wp-json\/wp\/v2\/media?parent=5399"}],"wp:term":[{"taxonomy":"product_brand","embeddable":true,"href":"https:\/\/masdoix.com\/es\/wp-json\/wp\/v2\/product_brand?post=5399"},{"taxonomy":"product_cat","embeddable":true,"href":"https:\/\/masdoix.com\/es\/wp-json\/wp\/v2\/product_cat?post=5399"},{"taxonomy":"product_tag","embeddable":true,"href":"https:\/\/masdoix.com\/es\/wp-json\/wp\/v2\/product_tag?post=5399"},{"taxonomy":"giftcard-category","embeddable":true,"href":"https:\/\/masdoix.com\/es\/wp-json\/wp\/v2\/giftcard-category?post=5399"}],"curies":[{"name":"wp","href":"https:\/\/api.w.org\/{rel}","templated":true}]}}