{"id":803,"date":"2020-09-07T11:02:17","date_gmt":"2021-01-11T13:29:22","guid":{"rendered":"https:\/\/masdoix.com\/producte\/1903\/"},"modified":"2021-01-19T21:11:37","modified_gmt":"2021-01-19T19:11:37","slug":"1903","status":"publish","type":"product","link":"https:\/\/masdoix.com\/es\/producto\/1903\/","title":{"rendered":"1903"},"content":{"rendered":"<h3>Nota de cata<\/h3>\n<p class=\"p1\">\u00abColor: cereza brillante, borde granate. Aroma: fruta madura, hierbas secas, roble cremoso.\u00a0Boca: potente, fruta madura, especiado, taninos maduros, largo, taninos dulces\u00bb.<\/p>\n<p class=\"p1\"><i>Gu\u00eda Pe\u00f1\u00edn \u2013 Septiembre de 2020<\/i><\/p>\n<h3 class=\"p1\">A\u00f1ada<b> <\/b>2017<\/h3>\n<p class=\"p2\">A\u00f1ada c\u00e1lida y seca, marcada por temperaturas medias y m<span class=\"s1\">\u00e1<\/span>ximas por encima de los valores de los <span class=\"s1\">\u00fa<\/span>ltimos diez a\u00f1os, junto con un bajo nivel de lluvias. Sin embargo, e<span class=\"s1\">s<\/span> <span class=\"s1\">e<\/span>n estas condiciones en las que nuestras vi\u00f1as y uv<span class=\"s1\">a<\/span>s nos han demostrado su incre<span class=\"s1\">\u00ed<\/span>ble capacidad, no so<span class=\"s1\">l<\/span>o de sobrevivir, sin<span class=\"s1\">o<\/span> tambi<span class=\"s1\">\u00e9<\/span>n de darnos una peque\u00f1a cantidad de alt<span class=\"s1\">\u00ed<\/span>sima calidad. Una de las vendimias m<span class=\"s1\">\u00e1<\/span>s tempranas y cortas que recordamos.<\/p>\n","protected":false},"excerpt":{"rendered":"<p>Nota de cata \u00abColor: cereza brillante, borde granate. Aroma: fruta madura, hierbas secas, roble cremoso.\u00a0Boca: potente, fruta madura, especiado, taninos maduros, largo, taninos dulces\u00bb. Gu\u00eda Pe\u00f1\u00edn \u2013 Septiembre de 2020 A\u00f1ada 2017 A\u00f1ada c\u00e1lida y seca, marcada por temperaturas medias y m\u00e1ximas por encima de los valores de los \u00faltimos diez a\u00f1os, junto con un [&hellip;]<\/p>\n","protected":false},"featured_media":0,"template":"","meta":{"_et_pb_use_builder":"","_et_pb_old_content":"","_et_gb_content_width":""},"product_brand":[],"product_cat":[46],"product_tag":[48],"giftcard-category":[],"class_list":{"0":"post-803","1":"product","2":"type-product","3":"status-publish","5":"product_cat-vinos","6":"product_tag-embajadores","8":"first","9":"instock","10":"shipping-taxable","11":"purchasable","12":"product-type-simple"},"yoast_head":"<!-- This site is optimized with the Yoast SEO plugin v26.4 - https:\/\/yoast.com\/wordpress\/plugins\/seo\/ -->\n<title>1903 - \u25b7 Celler Mas Doix | DOQ Priorat | Poboleda<\/title>\n<meta name=\"robots\" content=\"index, follow, max-snippet:-1, max-image-preview:large, max-video-preview:-1\" \/>\n<link rel=\"canonical\" href=\"https:\/\/masdoix.com\/es\/producto\/1903\/\" \/>\n<meta property=\"og:locale\" content=\"es_ES\" \/>\n<meta property=\"og:type\" content=\"article\" \/>\n<meta property=\"og:title\" content=\"1903 - \u25b7 Celler Mas Doix | DOQ Priorat | Poboleda\" \/>\n<meta property=\"og:description\" content=\"Nota de cata \u00abColor: cereza brillante, borde granate. Aroma: fruta madura, hierbas secas, roble cremoso.\u00a0Boca: potente, fruta madura, especiado, taninos maduros, largo, taninos dulces\u00bb. Gu\u00eda Pe\u00f1\u00edn \u2013 Septiembre de 2020 A\u00f1ada 2017 A\u00f1ada c\u00e1lida y seca, marcada por temperaturas medias y m\u00e1ximas por encima de los valores de los \u00faltimos diez a\u00f1os, junto con un [&hellip;]\" \/>\n<meta property=\"og:url\" content=\"https:\/\/masdoix.com\/es\/producto\/1903\/\" \/>\n<meta property=\"og:site_name\" content=\"\u25b7 Celler Mas Doix | DOQ Priorat | Poboleda\" \/>\n<meta property=\"article:modified_time\" content=\"2021-01-19T19:11:37+00:00\" \/>\n<meta name=\"twitter:card\" content=\"summary_large_image\" \/>\n<!-- \/ Yoast SEO plugin. -->","yoast_head_json":{"title":"1903 - \u25b7 Celler Mas Doix | DOQ Priorat | Poboleda","robots":{"index":"index","follow":"follow","max-snippet":"max-snippet:-1","max-image-preview":"max-image-preview:large","max-video-preview":"max-video-preview:-1"},"canonical":"https:\/\/masdoix.com\/es\/producto\/1903\/","og_locale":"es_ES","og_type":"article","og_title":"1903 - \u25b7 Celler Mas Doix | DOQ Priorat | Poboleda","og_description":"Nota de cata \u00abColor: cereza brillante, borde granate. Aroma: fruta madura, hierbas secas, roble cremoso.\u00a0Boca: potente, fruta madura, especiado, taninos maduros, largo, taninos dulces\u00bb. Gu\u00eda Pe\u00f1\u00edn \u2013 Septiembre de 2020 A\u00f1ada 2017 A\u00f1ada c\u00e1lida y seca, marcada por temperaturas medias y m\u00e1ximas por encima de los valores de los \u00faltimos diez a\u00f1os, junto con un [&hellip;]","og_url":"https:\/\/masdoix.com\/es\/producto\/1903\/","og_site_name":"\u25b7 Celler Mas Doix | DOQ Priorat | Poboleda","article_modified_time":"2021-01-19T19:11:37+00:00","twitter_card":"summary_large_image","schema":{"@context":"https:\/\/schema.org","@graph":[]}},"_links":{"self":[{"href":"https:\/\/masdoix.com\/es\/wp-json\/wp\/v2\/product\/803","targetHints":{"allow":["GET"]}}],"collection":[{"href":"https:\/\/masdoix.com\/es\/wp-json\/wp\/v2\/product"}],"about":[{"href":"https:\/\/masdoix.com\/es\/wp-json\/wp\/v2\/types\/product"}],"wp:attachment":[{"href":"https:\/\/masdoix.com\/es\/wp-json\/wp\/v2\/media?parent=803"}],"wp:term":[{"taxonomy":"product_brand","embeddable":true,"href":"https:\/\/masdoix.com\/es\/wp-json\/wp\/v2\/product_brand?post=803"},{"taxonomy":"product_cat","embeddable":true,"href":"https:\/\/masdoix.com\/es\/wp-json\/wp\/v2\/product_cat?post=803"},{"taxonomy":"product_tag","embeddable":true,"href":"https:\/\/masdoix.com\/es\/wp-json\/wp\/v2\/product_tag?post=803"},{"taxonomy":"giftcard-category","embeddable":true,"href":"https:\/\/masdoix.com\/es\/wp-json\/wp\/v2\/giftcard-category?post=803"}],"curies":[{"name":"wp","href":"https:\/\/api.w.org\/{rel}","templated":true}]}}