{"id":861,"date":"2020-09-08T17:16:29","date_gmt":"2021-01-12T08:55:12","guid":{"rendered":"https:\/\/masdoix.com\/producte\/murmuri\/"},"modified":"2023-09-19T23:26:17","modified_gmt":"2023-09-19T21:26:17","slug":"murmuri-2022","status":"publish","type":"product","link":"https:\/\/masdoix.com\/es\/producto\/murmuri-2022\/","title":{"rendered":"Murmuri"},"content":{"rendered":"<h3>Nota de cata<\/h3>\n<p class=\"p1\">\u00abDe color amarillo pajizo, n\u00edtido y brillante. Intensidad arom\u00e1tica. Destaca por la fruta carnosa de primavera con hueso (melocot\u00f3n y nectarinas) pero, sobre todo, con una nota que recuerda al anisado del hinojo fresco. Un vino mediterr\u00e1neo sin madera.\u00bb<\/p>\n<p class=\"p1\"><i>Ramon Franc\u00e0s<\/i><\/p>\n<p class=\"p2\"><strong>Anyada 2022<\/strong><\/p>\n<div class=\"page\" title=\"Page 1\">\n<div class=\"section\">\n<div class=\"layoutArea\">\n<div class=\"column\">\n<p>2022 se recordara\u0301 como muy ca\u0301lido y seco, con temperaturas superiores a la media de los u\u0301ltimos an\u0303os a partir de mayo y durante todo el verano. La falta de precipitaciones tambie\u0301n fue notable. Aunque las tormentas de julio ayudaron a frenar la insolacio\u0301n, la falta de agua se hizo evidente. A pesar de estas condiciones, las vin\u0303as mostraron una firme resistencia al estre\u0301s hi\u0301drico y marcaron sequi\u0301a so\u0301lo en las hojas basales de los vin\u0303edos ma\u0301s jo\u0301venes, pero mantuvieron el fruto en perfectas condiciones. \u00a1Con madurez, pero con acidez!<\/p>\n<\/div>\n<\/div>\n<\/div>\n<\/div>\n","protected":false},"excerpt":{"rendered":"<p>Nota de cata \u00abDe color amarillo pajizo, n\u00edtido y brillante. Intensidad arom\u00e1tica. Destaca por la fruta carnosa de primavera con hueso (melocot\u00f3n y nectarinas) pero, sobre todo, con una nota que recuerda al anisado del hinojo fresco. Un vino mediterr\u00e1neo sin madera.\u00bb Ramon Franc\u00e0s Anyada 2022 2022 se recordara\u0301 como muy ca\u0301lido y seco, con [&hellip;]<\/p>\n","protected":false},"featured_media":6304,"template":"","meta":{"_et_pb_use_builder":"","_et_pb_old_content":"","_et_gb_content_width":""},"product_brand":[],"product_cat":[46],"product_tag":[],"giftcard-category":[],"class_list":{"0":"post-861","1":"product","2":"type-product","3":"status-publish","4":"has-post-thumbnail","6":"product_cat-vinos","8":"first","9":"outofstock","10":"shipping-taxable","11":"purchasable","12":"product-type-simple"},"yoast_head":"<!-- This site is optimized with the Yoast SEO plugin v26.4 - https:\/\/yoast.com\/wordpress\/plugins\/seo\/ -->\n<title>Murmuri - \u25b7 Celler Mas Doix | DOQ Priorat | Poboleda<\/title>\n<meta name=\"robots\" content=\"index, follow, max-snippet:-1, max-image-preview:large, max-video-preview:-1\" \/>\n<link rel=\"canonical\" href=\"https:\/\/masdoix.com\/es\/producto\/murmuri-2022\/\" \/>\n<meta property=\"og:locale\" content=\"es_ES\" \/>\n<meta property=\"og:type\" content=\"article\" \/>\n<meta property=\"og:title\" content=\"Murmuri - \u25b7 Celler Mas Doix | DOQ Priorat | Poboleda\" \/>\n<meta property=\"og:description\" content=\"Nota de cata \u00abDe color amarillo pajizo, n\u00edtido y brillante. Intensidad arom\u00e1tica. Destaca por la fruta carnosa de primavera con hueso (melocot\u00f3n y nectarinas) pero, sobre todo, con una nota que recuerda al anisado del hinojo fresco. Un vino mediterr\u00e1neo sin madera.\u00bb Ramon Franc\u00e0s Anyada 2022 2022 se recordara\u0301 como muy ca\u0301lido y seco, con [&hellip;]\" \/>\n<meta property=\"og:url\" content=\"https:\/\/masdoix.com\/es\/producto\/murmuri-2022\/\" \/>\n<meta property=\"og:site_name\" content=\"\u25b7 Celler Mas Doix | DOQ Priorat | Poboleda\" \/>\n<meta property=\"article:modified_time\" content=\"2023-09-19T21:26:17+00:00\" \/>\n<meta property=\"og:image\" content=\"https:\/\/masdoix.com\/wp-content\/uploads\/2020\/09\/murmuri-2021.jpg\" \/>\n\t<meta property=\"og:image:width\" content=\"1200\" \/>\n\t<meta property=\"og:image:height\" content=\"1200\" \/>\n\t<meta property=\"og:image:type\" content=\"image\/jpeg\" \/>\n<meta name=\"twitter:card\" content=\"summary_large_image\" \/>\n<!-- \/ Yoast SEO plugin. -->","yoast_head_json":{"title":"Murmuri - \u25b7 Celler Mas Doix | DOQ Priorat | Poboleda","robots":{"index":"index","follow":"follow","max-snippet":"max-snippet:-1","max-image-preview":"max-image-preview:large","max-video-preview":"max-video-preview:-1"},"canonical":"https:\/\/masdoix.com\/es\/producto\/murmuri-2022\/","og_locale":"es_ES","og_type":"article","og_title":"Murmuri - \u25b7 Celler Mas Doix | DOQ Priorat | Poboleda","og_description":"Nota de cata \u00abDe color amarillo pajizo, n\u00edtido y brillante. Intensidad arom\u00e1tica. Destaca por la fruta carnosa de primavera con hueso (melocot\u00f3n y nectarinas) pero, sobre todo, con una nota que recuerda al anisado del hinojo fresco. Un vino mediterr\u00e1neo sin madera.\u00bb Ramon Franc\u00e0s Anyada 2022 2022 se recordara\u0301 como muy ca\u0301lido y seco, con [&hellip;]","og_url":"https:\/\/masdoix.com\/es\/producto\/murmuri-2022\/","og_site_name":"\u25b7 Celler Mas Doix | DOQ Priorat | Poboleda","article_modified_time":"2023-09-19T21:26:17+00:00","og_image":[{"width":1200,"height":1200,"url":"https:\/\/masdoix.com\/wp-content\/uploads\/2020\/09\/murmuri-2021.jpg","type":"image\/jpeg"}],"twitter_card":"summary_large_image","schema":{"@context":"https:\/\/schema.org","@graph":[]}},"_links":{"self":[{"href":"https:\/\/masdoix.com\/es\/wp-json\/wp\/v2\/product\/861","targetHints":{"allow":["GET"]}}],"collection":[{"href":"https:\/\/masdoix.com\/es\/wp-json\/wp\/v2\/product"}],"about":[{"href":"https:\/\/masdoix.com\/es\/wp-json\/wp\/v2\/types\/product"}],"wp:featuredmedia":[{"embeddable":true,"href":"https:\/\/masdoix.com\/es\/wp-json\/wp\/v2\/media\/6304"}],"wp:attachment":[{"href":"https:\/\/masdoix.com\/es\/wp-json\/wp\/v2\/media?parent=861"}],"wp:term":[{"taxonomy":"product_brand","embeddable":true,"href":"https:\/\/masdoix.com\/es\/wp-json\/wp\/v2\/product_brand?post=861"},{"taxonomy":"product_cat","embeddable":true,"href":"https:\/\/masdoix.com\/es\/wp-json\/wp\/v2\/product_cat?post=861"},{"taxonomy":"product_tag","embeddable":true,"href":"https:\/\/masdoix.com\/es\/wp-json\/wp\/v2\/product_tag?post=861"},{"taxonomy":"giftcard-category","embeddable":true,"href":"https:\/\/masdoix.com\/es\/wp-json\/wp\/v2\/giftcard-category?post=861"}],"curies":[{"name":"wp","href":"https:\/\/api.w.org\/{rel}","templated":true}]}}